{"id":83,"date":"2023-12-01T18:36:50","date_gmt":"2023-12-01T18:36:50","guid":{"rendered":"https:\/\/nikomarket.com\/?post_type=product&#038;p=83"},"modified":"2026-03-29T03:18:54","modified_gmt":"2026-03-29T03:18:54","slug":"cheetoz-talaye-pofak","status":"publish","type":"product","link":"https:\/\/nikomand.com\/?product=cheetoz-talaye-pofak","title":{"rendered":"A Cheetoz Talaye Pofak"},"content":{"rendered":"<div class=\"product--description\">\n<p>Pofak sind traditionell Persische K\u00e4seflips\/K\u00e4sesnack.<\/p>\n<\/div>\n<div class=\"product--props notopbotpad\">\n<p><strong>Mindesthaltbarkeit: : <\/strong> Mindestens 2 Monate<\/p>\n<\/div>\n<div class=\"product--props notopbotpad\">\n<p><strong>Zutaten: <\/strong> Maisk\u00f6rner, Pflanzen\u00f6l, K\u00e4sepulver, Farbstoff E110, Molkenpulver, Trockenmilch, Salz<\/p>\n<\/div>\n<div class=\"product--props notopbotpad\">\n<p><strong>Aufbewahrung: <\/strong> K\u00fchl &amp; Trocken aufbewahren, direkte Sonnenstrahlen vermeiden<\/p>\n<\/div>\n","protected":false},"excerpt":{"rendered":"<div class=\"woocommerce-product-details__short-description\">\n<div class=\"product--delivery notopbotpad\">\n<p><span class=\"price--label label--purchase-unit\">Inhalt: <\/span> 150 Gramm <span class=\"is--nowrap\"> (<span class=\"price_and_currency\">1,33\u00a0\u20ac <\/span> \/ <span class=\"price_unit_relation\">100 Gramm<\/span>) <\/span><\/p>\n<p><strong>Artikel-Nr.:<\/strong> 191217<\/p>\n<\/div>\n<div class=\"product--delivery\">\n<p class=\"delivery--information\"><span class=\"delivery--text delivery--text-available\"> Lieferzeit: ca. 1-5 Werktage <\/span><\/p>\n<\/div>\n<\/div>\n","protected":false},"featured_media":104,"template":"","meta":[],"product_brand":[],"product_cat":[23],"product_tag":[],"class_list":{"0":"post-83","1":"product","2":"type-product","3":"status-publish","4":"has-post-thumbnail","6":"product_cat-23","8":"entry","9":"has-media","11":"first","12":"outofstock","13":"shipping-taxable","14":"purchasable","15":"product-type-simple","16":"has-product-nav","17":"col","18":"span_1_of_3","19":"owp-content-center","20":"owp-thumbs-layout-horizontal","21":"owp-btn-normal","22":"owp-tabs-layout-horizontal"},"yoast_head":"<!-- This site is optimized with the Yoast SEO plugin v27.3 - https:\/\/yoast.com\/product\/yoast-seo-wordpress\/ -->\n<title>A Cheetoz Talaye Pofak - Nikomand Iranian Shop, tienda iran\u00ed, supermercado y alimentos persa en Barcelona<\/title>\n<meta name=\"robots\" content=\"index, follow, max-snippet:-1, max-image-preview:large, max-video-preview:-1\" \/>\n<link rel=\"canonical\" href=\"https:\/\/nikomand.com\/?product=cheetoz-talaye-pofak\" \/>\n<meta property=\"og:locale\" content=\"en_US\" \/>\n<meta property=\"og:type\" content=\"article\" \/>\n<meta property=\"og:title\" content=\"A Cheetoz Talaye Pofak - Nikomand Iranian Shop, tienda iran\u00ed, supermercado y alimentos persa en Barcelona\" \/>\n<meta property=\"og:description\" content=\"Inhalt: 150 Gramm (1,33\u00a0\u20ac \/ 100 Gramm)   Artikel-Nr.: 191217     Lieferzeit: ca. 1-5 Werktage\" \/>\n<meta property=\"og:url\" content=\"https:\/\/nikomand.com\/?product=cheetoz-talaye-pofak\" \/>\n<meta property=\"og:site_name\" content=\"Nikomand Iranian Shop, tienda iran\u00ed, supermercado y alimentos persa en Barcelona\" \/>\n<meta property=\"article:modified_time\" content=\"2026-03-29T03:18:54+00:00\" \/>\n<meta property=\"og:image\" content=\"https:\/\/nikomand.com\/wp-content\/uploads\/2023\/12\/bild-Chituz-talayi_2.jpg\" \/>\n\t<meta property=\"og:image:width\" content=\"480\" \/>\n\t<meta property=\"og:image:height\" content=\"600\" \/>\n\t<meta property=\"og:image:type\" content=\"image\/jpeg\" \/>\n<meta name=\"twitter:card\" content=\"summary_large_image\" \/>\n<script type=\"application\/ld+json\" class=\"yoast-schema-graph\">{\"@context\":\"https:\\\/\\\/schema.org\",\"@graph\":[{\"@type\":\"WebPage\",\"@id\":\"https:\\\/\\\/nikomand.com\\\/?product=cheetoz-talaye-pofak\",\"url\":\"https:\\\/\\\/nikomand.com\\\/?product=cheetoz-talaye-pofak\",\"name\":\"A Cheetoz Talaye Pofak - Nikomand Iranian Shop, tienda iran\u00ed, supermercado y alimentos persa en Barcelona\",\"isPartOf\":{\"@id\":\"https:\\\/\\\/nikomand.com\\\/#website\"},\"primaryImageOfPage\":{\"@id\":\"https:\\\/\\\/nikomand.com\\\/?product=cheetoz-talaye-pofak#primaryimage\"},\"image\":{\"@id\":\"https:\\\/\\\/nikomand.com\\\/?product=cheetoz-talaye-pofak#primaryimage\"},\"thumbnailUrl\":\"https:\\\/\\\/nikomand.com\\\/wp-content\\\/uploads\\\/2023\\\/12\\\/bild-Chituz-talayi_2.jpg\",\"datePublished\":\"2023-12-01T18:36:50+00:00\",\"dateModified\":\"2026-03-29T03:18:54+00:00\",\"breadcrumb\":{\"@id\":\"https:\\\/\\\/nikomand.com\\\/?product=cheetoz-talaye-pofak#breadcrumb\"},\"inLanguage\":\"en-US\",\"potentialAction\":[{\"@type\":\"ReadAction\",\"target\":[\"https:\\\/\\\/nikomand.com\\\/?product=cheetoz-talaye-pofak\"]}]},{\"@type\":\"ImageObject\",\"inLanguage\":\"en-US\",\"@id\":\"https:\\\/\\\/nikomand.com\\\/?product=cheetoz-talaye-pofak#primaryimage\",\"url\":\"https:\\\/\\\/nikomand.com\\\/wp-content\\\/uploads\\\/2023\\\/12\\\/bild-Chituz-talayi_2.jpg\",\"contentUrl\":\"https:\\\/\\\/nikomand.com\\\/wp-content\\\/uploads\\\/2023\\\/12\\\/bild-Chituz-talayi_2.jpg\",\"width\":480,\"height\":600},{\"@type\":\"BreadcrumbList\",\"@id\":\"https:\\\/\\\/nikomand.com\\\/?product=cheetoz-talaye-pofak#breadcrumb\",\"itemListElement\":[{\"@type\":\"ListItem\",\"position\":1,\"name\":\"Home\",\"item\":\"https:\\\/\\\/nikomand.com\\\/\"},{\"@type\":\"ListItem\",\"position\":2,\"name\":\"Shop\",\"item\":\"https:\\\/\\\/nikomand.com\\\/\"},{\"@type\":\"ListItem\",\"position\":3,\"name\":\"A Cheetoz Talaye Pofak\"}]},{\"@type\":\"WebSite\",\"@id\":\"https:\\\/\\\/nikomand.com\\\/#website\",\"url\":\"https:\\\/\\\/nikomand.com\\\/\",\"name\":\"Nikomand Iranian Shop, tienda iran\u00ed, supermercado y alimentos persa en Barcelona\",\"description\":\"Iranian Shop in Barcelona, tienda irani, Supermarket persian store, safran, rice, tea tienda de productos persa como arroz, t\u00e9, frutos secos, snacks, azafr\u00e1n, comidas en Barcelona, \u200b\u200bEspa\u00f1a\",\"publisher\":{\"@id\":\"https:\\\/\\\/nikomand.com\\\/#organization\"},\"potentialAction\":[{\"@type\":\"SearchAction\",\"target\":{\"@type\":\"EntryPoint\",\"urlTemplate\":\"https:\\\/\\\/nikomand.com\\\/?s={search_term_string}\"},\"query-input\":{\"@type\":\"PropertyValueSpecification\",\"valueRequired\":true,\"valueName\":\"search_term_string\"}}],\"inLanguage\":\"en-US\"},{\"@type\":\"Organization\",\"@id\":\"https:\\\/\\\/nikomand.com\\\/#organization\",\"name\":\"Nikomand Iranian Shop, tienda iran\u00ed, supermercado y alimentos persa en Barcelona\",\"url\":\"https:\\\/\\\/nikomand.com\\\/\",\"logo\":{\"@type\":\"ImageObject\",\"inLanguage\":\"en-US\",\"@id\":\"https:\\\/\\\/nikomand.com\\\/#\\\/schema\\\/logo\\\/image\\\/\",\"url\":\"https:\\\/\\\/nikomand.com\\\/wp-content\\\/uploads\\\/2025\\\/01\\\/Logo-Etiket-Nikomand.jpg\",\"contentUrl\":\"https:\\\/\\\/nikomand.com\\\/wp-content\\\/uploads\\\/2025\\\/01\\\/Logo-Etiket-Nikomand.jpg\",\"width\":512,\"height\":512,\"caption\":\"Nikomand Iranian Shop, tienda iran\u00ed, supermercado y alimentos persa en Barcelona\"},\"image\":{\"@id\":\"https:\\\/\\\/nikomand.com\\\/#\\\/schema\\\/logo\\\/image\\\/\"}}]}<\/script>\n<!-- \/ Yoast SEO plugin. -->","yoast_head_json":{"title":"A Cheetoz Talaye Pofak - Nikomand Iranian Shop, tienda iran\u00ed, supermercado y alimentos persa en Barcelona","robots":{"index":"index","follow":"follow","max-snippet":"max-snippet:-1","max-image-preview":"max-image-preview:large","max-video-preview":"max-video-preview:-1"},"canonical":"https:\/\/nikomand.com\/?product=cheetoz-talaye-pofak","og_locale":"en_US","og_type":"article","og_title":"A Cheetoz Talaye Pofak - Nikomand Iranian Shop, tienda iran\u00ed, supermercado y alimentos persa en Barcelona","og_description":"Inhalt: 150 Gramm (1,33\u00a0\u20ac \/ 100 Gramm)   Artikel-Nr.: 191217     Lieferzeit: ca. 1-5 Werktage","og_url":"https:\/\/nikomand.com\/?product=cheetoz-talaye-pofak","og_site_name":"Nikomand Iranian Shop, tienda iran\u00ed, supermercado y alimentos persa en Barcelona","article_modified_time":"2026-03-29T03:18:54+00:00","og_image":[{"width":480,"height":600,"url":"https:\/\/nikomand.com\/wp-content\/uploads\/2023\/12\/bild-Chituz-talayi_2.jpg","type":"image\/jpeg"}],"twitter_card":"summary_large_image","schema":{"@context":"https:\/\/schema.org","@graph":[{"@type":"WebPage","@id":"https:\/\/nikomand.com\/?product=cheetoz-talaye-pofak","url":"https:\/\/nikomand.com\/?product=cheetoz-talaye-pofak","name":"A Cheetoz Talaye Pofak - Nikomand Iranian Shop, tienda iran\u00ed, supermercado y alimentos persa en Barcelona","isPartOf":{"@id":"https:\/\/nikomand.com\/#website"},"primaryImageOfPage":{"@id":"https:\/\/nikomand.com\/?product=cheetoz-talaye-pofak#primaryimage"},"image":{"@id":"https:\/\/nikomand.com\/?product=cheetoz-talaye-pofak#primaryimage"},"thumbnailUrl":"https:\/\/nikomand.com\/wp-content\/uploads\/2023\/12\/bild-Chituz-talayi_2.jpg","datePublished":"2023-12-01T18:36:50+00:00","dateModified":"2026-03-29T03:18:54+00:00","breadcrumb":{"@id":"https:\/\/nikomand.com\/?product=cheetoz-talaye-pofak#breadcrumb"},"inLanguage":"en-US","potentialAction":[{"@type":"ReadAction","target":["https:\/\/nikomand.com\/?product=cheetoz-talaye-pofak"]}]},{"@type":"ImageObject","inLanguage":"en-US","@id":"https:\/\/nikomand.com\/?product=cheetoz-talaye-pofak#primaryimage","url":"https:\/\/nikomand.com\/wp-content\/uploads\/2023\/12\/bild-Chituz-talayi_2.jpg","contentUrl":"https:\/\/nikomand.com\/wp-content\/uploads\/2023\/12\/bild-Chituz-talayi_2.jpg","width":480,"height":600},{"@type":"BreadcrumbList","@id":"https:\/\/nikomand.com\/?product=cheetoz-talaye-pofak#breadcrumb","itemListElement":[{"@type":"ListItem","position":1,"name":"Home","item":"https:\/\/nikomand.com\/"},{"@type":"ListItem","position":2,"name":"Shop","item":"https:\/\/nikomand.com\/"},{"@type":"ListItem","position":3,"name":"A Cheetoz Talaye Pofak"}]},{"@type":"WebSite","@id":"https:\/\/nikomand.com\/#website","url":"https:\/\/nikomand.com\/","name":"Nikomand Iranian Shop, tienda iran\u00ed, supermercado y alimentos persa en Barcelona","description":"Iranian Shop in Barcelona, tienda irani, Supermarket persian store, safran, rice, tea tienda de productos persa como arroz, t\u00e9, frutos secos, snacks, azafr\u00e1n, comidas en Barcelona, \u200b\u200bEspa\u00f1a","publisher":{"@id":"https:\/\/nikomand.com\/#organization"},"potentialAction":[{"@type":"SearchAction","target":{"@type":"EntryPoint","urlTemplate":"https:\/\/nikomand.com\/?s={search_term_string}"},"query-input":{"@type":"PropertyValueSpecification","valueRequired":true,"valueName":"search_term_string"}}],"inLanguage":"en-US"},{"@type":"Organization","@id":"https:\/\/nikomand.com\/#organization","name":"Nikomand Iranian Shop, tienda iran\u00ed, supermercado y alimentos persa en Barcelona","url":"https:\/\/nikomand.com\/","logo":{"@type":"ImageObject","inLanguage":"en-US","@id":"https:\/\/nikomand.com\/#\/schema\/logo\/image\/","url":"https:\/\/nikomand.com\/wp-content\/uploads\/2025\/01\/Logo-Etiket-Nikomand.jpg","contentUrl":"https:\/\/nikomand.com\/wp-content\/uploads\/2025\/01\/Logo-Etiket-Nikomand.jpg","width":512,"height":512,"caption":"Nikomand Iranian Shop, tienda iran\u00ed, supermercado y alimentos persa en Barcelona"},"image":{"@id":"https:\/\/nikomand.com\/#\/schema\/logo\/image\/"}}]}},"_links":{"self":[{"href":"https:\/\/nikomand.com\/index.php?rest_route=\/wp\/v2\/product\/83","targetHints":{"allow":["GET"]}}],"collection":[{"href":"https:\/\/nikomand.com\/index.php?rest_route=\/wp\/v2\/product"}],"about":[{"href":"https:\/\/nikomand.com\/index.php?rest_route=\/wp\/v2\/types\/product"}],"wp:featuredmedia":[{"embeddable":true,"href":"https:\/\/nikomand.com\/index.php?rest_route=\/wp\/v2\/media\/104"}],"wp:attachment":[{"href":"https:\/\/nikomand.com\/index.php?rest_route=%2Fwp%2Fv2%2Fmedia&parent=83"}],"wp:term":[{"taxonomy":"product_brand","embeddable":true,"href":"https:\/\/nikomand.com\/index.php?rest_route=%2Fwp%2Fv2%2Fproduct_brand&post=83"},{"taxonomy":"product_cat","embeddable":true,"href":"https:\/\/nikomand.com\/index.php?rest_route=%2Fwp%2Fv2%2Fproduct_cat&post=83"},{"taxonomy":"product_tag","embeddable":true,"href":"https:\/\/nikomand.com\/index.php?rest_route=%2Fwp%2Fv2%2Fproduct_tag&post=83"}],"curies":[{"name":"wp","href":"https:\/\/api.w.org\/{rel}","templated":true}]}}