{"id":818,"date":"2024-03-29T11:18:15","date_gmt":"2024-03-29T11:18:15","guid":{"rendered":"https:\/\/nikomand.com\/?post_type=product&#038;p=818"},"modified":"2025-03-22T11:08:44","modified_gmt":"2025-03-22T11:08:44","slug":"sumac-somagh-sumak-zumaque","status":"publish","type":"product","link":"https:\/\/nikomand.com\/?product=sumac-somagh-sumak-zumaque","title":{"rendered":"Sumac somagh sumak zumaque 100gr"},"content":{"rendered":"<p>Sumac somagh sumak zumaque<\/p>\n<p>El Somag es obtenido de la planta \u00abRhus coriaria\u00bb. Los peque\u00f1os frutos o bayas rojas de la planta de zumaque se secan y se muelen, y as\u00ed se obtiene un polvo de intenso color rojo, fino y con sabor \u00e1cido. El sumac es una especia vers\u00e1til que se puede utilizar en una amplia variedad de recetas. Es un ingrediente clave en ensaladas, marinados, adobos y platos de carne, aportando un toque \u00e1cido similar al lim\u00f3n pero con un sabor m\u00e1s suave y una nota de frutos rojos.<\/p>\n","protected":false},"excerpt":{"rendered":"<p>Sumac somagh sumak zumaque El Somag es obtenido de la planta \u00abRhus coriaria\u00bb. Los peque\u00f1os frutos o bayas rojas de la planta de zumaque se secan y se muelen, y as\u00ed se obtiene un polvo de intenso color rojo, fino y con sabor \u00e1cido. El sumac es una especia vers\u00e1til que se puede utilizar en [&hellip;]<\/p>\n","protected":false},"featured_media":1471,"template":"","meta":[],"product_brand":[],"product_cat":[22],"product_tag":[],"class_list":{"0":"post-818","1":"product","2":"type-product","3":"status-publish","4":"has-post-thumbnail","6":"product_cat-gewurze--","8":"entry","9":"has-media","11":"first","12":"instock","13":"shipping-taxable","14":"purchasable","15":"product-type-simple","16":"has-product-nav","17":"col","18":"span_1_of_3","19":"owp-content-center","20":"owp-thumbs-layout-horizontal","21":"owp-btn-normal","22":"owp-tabs-layout-horizontal","23":"has-no-thumbnails"},"yoast_head":"<!-- This site is optimized with the Yoast SEO plugin v27.6 - https:\/\/yoast.com\/product\/yoast-seo-wordpress\/ -->\n<title>Sumac somagh sumak zumaque 100gr - Nikomand Trading SL. Iranian Shop Comida irani en Barcelona<\/title>\n<meta name=\"description\" content=\"El Somag es obtenido de la planta \u00abRhus coriaria\u00bb. Los peque\u00f1os frutos o bayas rojas de la planta de zumaque se secan y se muelen, y as\u00ed se obtiene un polvo de intenso color rojo, fino y con sabor \u00e1cido.\" \/>\n<meta name=\"robots\" content=\"index, follow, max-snippet:-1, max-image-preview:large, max-video-preview:-1\" \/>\n<link rel=\"canonical\" href=\"https:\/\/nikomand.com\/?product=sumac-somagh-sumak-zumaque\" \/>\n<meta property=\"og:locale\" content=\"en_US\" \/>\n<meta property=\"og:type\" content=\"article\" \/>\n<meta property=\"og:title\" content=\"Sumac somagh sumak zumaque 100gr - Nikomand Trading SL. Iranian Shop Comida irani en Barcelona\" \/>\n<meta property=\"og:description\" content=\"El Somag es obtenido de la planta \u00abRhus coriaria\u00bb. Los peque\u00f1os frutos o bayas rojas de la planta de zumaque se secan y se muelen, y as\u00ed se obtiene un polvo de intenso color rojo, fino y con sabor \u00e1cido.\" \/>\n<meta property=\"og:url\" content=\"https:\/\/nikomand.com\/?product=sumac-somagh-sumak-zumaque\" \/>\n<meta property=\"og:site_name\" content=\"Nikomand Trading SL. Iranian Shop Comida irani en Barcelona\" \/>\n<meta property=\"article:modified_time\" content=\"2025-03-22T11:08:44+00:00\" \/>\n<meta property=\"og:image\" content=\"https:\/\/nikomand.com\/wp-content\/uploads\/2024\/03\/Sumac-Somagh-Granel.jpg\" \/>\n\t<meta property=\"og:image:width\" content=\"1000\" \/>\n\t<meta property=\"og:image:height\" content=\"1000\" \/>\n\t<meta property=\"og:image:type\" content=\"image\/jpeg\" \/>\n<meta name=\"twitter:card\" content=\"summary_large_image\" \/>\n<meta name=\"twitter:label1\" content=\"Est. reading time\" \/>\n\t<meta name=\"twitter:data1\" content=\"1 minute\" \/>\n<script type=\"application\/ld+json\" class=\"yoast-schema-graph\">{\"@context\":\"https:\\\/\\\/schema.org\",\"@graph\":[{\"@type\":\"WebPage\",\"@id\":\"https:\\\/\\\/nikomand.com\\\/?product=sumac-somagh-sumak-zumaque\",\"url\":\"https:\\\/\\\/nikomand.com\\\/?product=sumac-somagh-sumak-zumaque\",\"name\":\"Sumac somagh sumak zumaque 100gr - Nikomand Trading SL. Iranian Shop Comida irani en Barcelona\",\"isPartOf\":{\"@id\":\"https:\\\/\\\/nikomand.com\\\/#website\"},\"primaryImageOfPage\":{\"@id\":\"https:\\\/\\\/nikomand.com\\\/?product=sumac-somagh-sumak-zumaque#primaryimage\"},\"image\":{\"@id\":\"https:\\\/\\\/nikomand.com\\\/?product=sumac-somagh-sumak-zumaque#primaryimage\"},\"thumbnailUrl\":\"https:\\\/\\\/nikomand.com\\\/wp-content\\\/uploads\\\/2024\\\/03\\\/Sumac-Somagh-Granel.jpg\",\"datePublished\":\"2024-03-29T11:18:15+00:00\",\"dateModified\":\"2025-03-22T11:08:44+00:00\",\"description\":\"El Somag es obtenido de la planta \u00abRhus coriaria\u00bb. Los peque\u00f1os frutos o bayas rojas de la planta de zumaque se secan y se muelen, y as\u00ed se obtiene un polvo de intenso color rojo, fino y con sabor \u00e1cido.\",\"breadcrumb\":{\"@id\":\"https:\\\/\\\/nikomand.com\\\/?product=sumac-somagh-sumak-zumaque#breadcrumb\"},\"inLanguage\":\"en-US\",\"potentialAction\":[{\"@type\":\"ReadAction\",\"target\":[\"https:\\\/\\\/nikomand.com\\\/?product=sumac-somagh-sumak-zumaque\"]}]},{\"@type\":\"ImageObject\",\"inLanguage\":\"en-US\",\"@id\":\"https:\\\/\\\/nikomand.com\\\/?product=sumac-somagh-sumak-zumaque#primaryimage\",\"url\":\"https:\\\/\\\/nikomand.com\\\/wp-content\\\/uploads\\\/2024\\\/03\\\/Sumac-Somagh-Granel.jpg\",\"contentUrl\":\"https:\\\/\\\/nikomand.com\\\/wp-content\\\/uploads\\\/2024\\\/03\\\/Sumac-Somagh-Granel.jpg\",\"width\":1000,\"height\":1000,\"caption\":\"Supermarket-iranian-barcelona-persa-shop-store-food\"},{\"@type\":\"BreadcrumbList\",\"@id\":\"https:\\\/\\\/nikomand.com\\\/?product=sumac-somagh-sumak-zumaque#breadcrumb\",\"itemListElement\":[{\"@type\":\"ListItem\",\"position\":1,\"name\":\"Home\",\"item\":\"https:\\\/\\\/nikomand.com\\\/\"},{\"@type\":\"ListItem\",\"position\":2,\"name\":\"Shop\",\"item\":\"https:\\\/\\\/nikomand.com\\\/\"},{\"@type\":\"ListItem\",\"position\":3,\"name\":\"Sumac somagh sumak zumaque 100gr\"}]},{\"@type\":\"WebSite\",\"@id\":\"https:\\\/\\\/nikomand.com\\\/#website\",\"url\":\"https:\\\/\\\/nikomand.com\\\/\",\"name\":\"Nikomand Trading SL. Iranian Shop Comida irani en Barcelona\",\"description\":\"Iranian Shop in Barcelona, tienda irani, Supermarket persian store, safran, rice, tea tienda de productos persa como arroz, t\u00e9, frutos secos, snacks, azafr\u00e1n, comida irani en Barcelona, \u200b\u200bEspa\u00f1a\",\"publisher\":{\"@id\":\"https:\\\/\\\/nikomand.com\\\/#organization\"},\"potentialAction\":[{\"@type\":\"SearchAction\",\"target\":{\"@type\":\"EntryPoint\",\"urlTemplate\":\"https:\\\/\\\/nikomand.com\\\/?s={search_term_string}\"},\"query-input\":{\"@type\":\"PropertyValueSpecification\",\"valueRequired\":true,\"valueName\":\"search_term_string\"}}],\"inLanguage\":\"en-US\"},{\"@type\":\"Organization\",\"@id\":\"https:\\\/\\\/nikomand.com\\\/#organization\",\"name\":\"Nikomand Trading SL. Iranian Shop Comida irani en Barcelona\",\"url\":\"https:\\\/\\\/nikomand.com\\\/\",\"logo\":{\"@type\":\"ImageObject\",\"inLanguage\":\"en-US\",\"@id\":\"https:\\\/\\\/nikomand.com\\\/#\\\/schema\\\/logo\\\/image\\\/\",\"url\":\"https:\\\/\\\/nikomand.com\\\/wp-content\\\/uploads\\\/2025\\\/01\\\/Logo-Etiket-Nikomand.jpg\",\"contentUrl\":\"https:\\\/\\\/nikomand.com\\\/wp-content\\\/uploads\\\/2025\\\/01\\\/Logo-Etiket-Nikomand.jpg\",\"width\":512,\"height\":512,\"caption\":\"Nikomand Trading SL. Iranian Shop Comida irani en Barcelona\"},\"image\":{\"@id\":\"https:\\\/\\\/nikomand.com\\\/#\\\/schema\\\/logo\\\/image\\\/\"}}]}<\/script>\n<!-- \/ Yoast SEO plugin. -->","yoast_head_json":{"title":"Sumac somagh sumak zumaque 100gr - Nikomand Trading SL. Iranian Shop Comida irani en Barcelona","description":"El Somag es obtenido de la planta \u00abRhus coriaria\u00bb. Los peque\u00f1os frutos o bayas rojas de la planta de zumaque se secan y se muelen, y as\u00ed se obtiene un polvo de intenso color rojo, fino y con sabor \u00e1cido.","robots":{"index":"index","follow":"follow","max-snippet":"max-snippet:-1","max-image-preview":"max-image-preview:large","max-video-preview":"max-video-preview:-1"},"canonical":"https:\/\/nikomand.com\/?product=sumac-somagh-sumak-zumaque","og_locale":"en_US","og_type":"article","og_title":"Sumac somagh sumak zumaque 100gr - Nikomand Trading SL. Iranian Shop Comida irani en Barcelona","og_description":"El Somag es obtenido de la planta \u00abRhus coriaria\u00bb. Los peque\u00f1os frutos o bayas rojas de la planta de zumaque se secan y se muelen, y as\u00ed se obtiene un polvo de intenso color rojo, fino y con sabor \u00e1cido.","og_url":"https:\/\/nikomand.com\/?product=sumac-somagh-sumak-zumaque","og_site_name":"Nikomand Trading SL. Iranian Shop Comida irani en Barcelona","article_modified_time":"2025-03-22T11:08:44+00:00","og_image":[{"width":1000,"height":1000,"url":"https:\/\/nikomand.com\/wp-content\/uploads\/2024\/03\/Sumac-Somagh-Granel.jpg","type":"image\/jpeg"}],"twitter_card":"summary_large_image","twitter_misc":{"Est. reading time":"1 minute"},"schema":{"@context":"https:\/\/schema.org","@graph":[{"@type":"WebPage","@id":"https:\/\/nikomand.com\/?product=sumac-somagh-sumak-zumaque","url":"https:\/\/nikomand.com\/?product=sumac-somagh-sumak-zumaque","name":"Sumac somagh sumak zumaque 100gr - Nikomand Trading SL. Iranian Shop Comida irani en Barcelona","isPartOf":{"@id":"https:\/\/nikomand.com\/#website"},"primaryImageOfPage":{"@id":"https:\/\/nikomand.com\/?product=sumac-somagh-sumak-zumaque#primaryimage"},"image":{"@id":"https:\/\/nikomand.com\/?product=sumac-somagh-sumak-zumaque#primaryimage"},"thumbnailUrl":"https:\/\/nikomand.com\/wp-content\/uploads\/2024\/03\/Sumac-Somagh-Granel.jpg","datePublished":"2024-03-29T11:18:15+00:00","dateModified":"2025-03-22T11:08:44+00:00","description":"El Somag es obtenido de la planta \u00abRhus coriaria\u00bb. Los peque\u00f1os frutos o bayas rojas de la planta de zumaque se secan y se muelen, y as\u00ed se obtiene un polvo de intenso color rojo, fino y con sabor \u00e1cido.","breadcrumb":{"@id":"https:\/\/nikomand.com\/?product=sumac-somagh-sumak-zumaque#breadcrumb"},"inLanguage":"en-US","potentialAction":[{"@type":"ReadAction","target":["https:\/\/nikomand.com\/?product=sumac-somagh-sumak-zumaque"]}]},{"@type":"ImageObject","inLanguage":"en-US","@id":"https:\/\/nikomand.com\/?product=sumac-somagh-sumak-zumaque#primaryimage","url":"https:\/\/nikomand.com\/wp-content\/uploads\/2024\/03\/Sumac-Somagh-Granel.jpg","contentUrl":"https:\/\/nikomand.com\/wp-content\/uploads\/2024\/03\/Sumac-Somagh-Granel.jpg","width":1000,"height":1000,"caption":"Supermarket-iranian-barcelona-persa-shop-store-food"},{"@type":"BreadcrumbList","@id":"https:\/\/nikomand.com\/?product=sumac-somagh-sumak-zumaque#breadcrumb","itemListElement":[{"@type":"ListItem","position":1,"name":"Home","item":"https:\/\/nikomand.com\/"},{"@type":"ListItem","position":2,"name":"Shop","item":"https:\/\/nikomand.com\/"},{"@type":"ListItem","position":3,"name":"Sumac somagh sumak zumaque 100gr"}]},{"@type":"WebSite","@id":"https:\/\/nikomand.com\/#website","url":"https:\/\/nikomand.com\/","name":"Nikomand Trading SL. Iranian Shop Comida irani en Barcelona","description":"Iranian Shop in Barcelona, tienda irani, Supermarket persian store, safran, rice, tea tienda de productos persa como arroz, t\u00e9, frutos secos, snacks, azafr\u00e1n, comida irani en Barcelona, \u200b\u200bEspa\u00f1a","publisher":{"@id":"https:\/\/nikomand.com\/#organization"},"potentialAction":[{"@type":"SearchAction","target":{"@type":"EntryPoint","urlTemplate":"https:\/\/nikomand.com\/?s={search_term_string}"},"query-input":{"@type":"PropertyValueSpecification","valueRequired":true,"valueName":"search_term_string"}}],"inLanguage":"en-US"},{"@type":"Organization","@id":"https:\/\/nikomand.com\/#organization","name":"Nikomand Trading SL. Iranian Shop Comida irani en Barcelona","url":"https:\/\/nikomand.com\/","logo":{"@type":"ImageObject","inLanguage":"en-US","@id":"https:\/\/nikomand.com\/#\/schema\/logo\/image\/","url":"https:\/\/nikomand.com\/wp-content\/uploads\/2025\/01\/Logo-Etiket-Nikomand.jpg","contentUrl":"https:\/\/nikomand.com\/wp-content\/uploads\/2025\/01\/Logo-Etiket-Nikomand.jpg","width":512,"height":512,"caption":"Nikomand Trading SL. Iranian Shop Comida irani en Barcelona"},"image":{"@id":"https:\/\/nikomand.com\/#\/schema\/logo\/image\/"}}]}},"_links":{"self":[{"href":"https:\/\/nikomand.com\/index.php?rest_route=\/wp\/v2\/product\/818","targetHints":{"allow":["GET"]}}],"collection":[{"href":"https:\/\/nikomand.com\/index.php?rest_route=\/wp\/v2\/product"}],"about":[{"href":"https:\/\/nikomand.com\/index.php?rest_route=\/wp\/v2\/types\/product"}],"wp:featuredmedia":[{"embeddable":true,"href":"https:\/\/nikomand.com\/index.php?rest_route=\/wp\/v2\/media\/1471"}],"wp:attachment":[{"href":"https:\/\/nikomand.com\/index.php?rest_route=%2Fwp%2Fv2%2Fmedia&parent=818"}],"wp:term":[{"taxonomy":"product_brand","embeddable":true,"href":"https:\/\/nikomand.com\/index.php?rest_route=%2Fwp%2Fv2%2Fproduct_brand&post=818"},{"taxonomy":"product_cat","embeddable":true,"href":"https:\/\/nikomand.com\/index.php?rest_route=%2Fwp%2Fv2%2Fproduct_cat&post=818"},{"taxonomy":"product_tag","embeddable":true,"href":"https:\/\/nikomand.com\/index.php?rest_route=%2Fwp%2Fv2%2Fproduct_tag&post=818"}],"curies":[{"name":"wp","href":"https:\/\/api.w.org\/{rel}","templated":true}]}}