{"id":794,"date":"2024-03-28T19:47:28","date_gmt":"2024-03-28T19:47:28","guid":{"rendered":"https:\/\/nikomand.com\/?post_type=product&#038;p=794"},"modified":"2025-03-06T11:16:18","modified_gmt":"2025-03-06T11:16:18","slug":"lavashak-toffee-frutas","status":"publish","type":"product","link":"https:\/\/nikomand.com\/?product=lavashak-toffee-frutas","title":{"rendered":"Lavashak Toffee Frutas 500gr"},"content":{"rendered":"<p>El lavashak es una pulpa de fruta iran\u00ed agria y salada, una l\u00e1mina fina, firme y seca de pur\u00e9 de frutas puras o mixtas, como ciruelas, albaricoques o granadas.<\/p>\n<p>El <a href=\"https:\/\/en.wikipedia.org\/wiki\/Lavashak\">lavashak<\/a> es un antiguo aperitivo iran\u00ed que data de hace miles de a\u00f1os. La masa de fruta recocida se sala, se prensa a trav\u00e9s de un tamiz, se alisa hasta una altura de aproximadamente dos mil\u00edmetros y se seca hasta que se enfr\u00eda y est\u00e1 firme. El <a href=\"https:\/\/en.wikipedia.org\/wiki\/Lavashak\">lavashak<\/a> tambi\u00e9n est\u00e1 disponible en la cocina iran\u00ed en variedades dulces, \u00e1cidas y agridulces.<\/p>\n<p>Desde una perspectiva nutricional, el lavashak es un extracto de varias frutas. Durante generaciones, el lavashak se ha preparado de forma tradicional en casa. Ahora se fabrica industrialmente.<\/p>\n","protected":false},"excerpt":{"rendered":"<p>El lavashak es una pulpa de fruta iran\u00ed agria y salada, una l\u00e1mina fina, firme y seca de pur\u00e9 de frutas puras o mixtas, como ciruelas, albaricoques o granadas. El lavashak es un antiguo aperitivo iran\u00ed que data de hace miles de a\u00f1os. La masa de fruta recocida se sala, se prensa a trav\u00e9s de [&hellip;]<\/p>\n","protected":false},"featured_media":795,"template":"","meta":[],"product_brand":[],"product_cat":[23],"product_tag":[],"class_list":{"0":"post-794","1":"product","2":"type-product","3":"status-publish","4":"has-post-thumbnail","6":"product_cat-23","8":"entry","9":"has-media","11":"first","12":"instock","13":"shipping-taxable","14":"purchasable","15":"product-type-simple","16":"has-product-nav","17":"col","18":"span_1_of_3","19":"owp-content-center","20":"owp-thumbs-layout-horizontal","21":"owp-btn-normal","22":"owp-tabs-layout-horizontal","23":"has-no-thumbnails"},"yoast_head":"<!-- This site is optimized with the Yoast SEO plugin v27.5 - https:\/\/yoast.com\/product\/yoast-seo-wordpress\/ -->\n<title>Lavashak Toffee Frutas 500gr - Nikomand Trading SL. Iranian Shop Comida irani en Barcelona<\/title>\n<meta name=\"description\" content=\"El lavashak es una pulpa de fruta iran\u00ed agria y salada, una l\u00e1mina fina, firme y seca de pur\u00e9 de frutas, como ciruelas, albaricoques o granadas.\" \/>\n<meta name=\"robots\" content=\"index, follow, max-snippet:-1, max-image-preview:large, max-video-preview:-1\" \/>\n<link rel=\"canonical\" href=\"https:\/\/nikomand.com\/?product=lavashak-toffee-frutas\" \/>\n<meta property=\"og:locale\" content=\"en_US\" \/>\n<meta property=\"og:type\" content=\"article\" \/>\n<meta property=\"og:title\" content=\"Lavashak Toffee Frutas 500gr - Nikomand Trading SL. Iranian Shop Comida irani en Barcelona\" \/>\n<meta property=\"og:description\" content=\"El lavashak es una pulpa de fruta iran\u00ed agria y salada, una l\u00e1mina fina, firme y seca de pur\u00e9 de frutas, como ciruelas, albaricoques o granadas.\" \/>\n<meta property=\"og:url\" content=\"https:\/\/nikomand.com\/?product=lavashak-toffee-frutas\" \/>\n<meta property=\"og:site_name\" content=\"Nikomand Trading SL. Iranian Shop Comida irani en Barcelona\" \/>\n<meta property=\"article:modified_time\" content=\"2025-03-06T11:16:18+00:00\" \/>\n<meta property=\"og:image\" content=\"https:\/\/nikomand.com\/wp-content\/uploads\/2024\/03\/\u0644\u0648\u0627\u0634\u06a9-\u062a\u0627\u0641\u06cc-\u062a\u0631\u0634-\u0633\u0648\u0646-500-\u06af\u0631\u0645\u06cc.jpg\" \/>\n\t<meta property=\"og:image:width\" content=\"550\" \/>\n\t<meta property=\"og:image:height\" content=\"550\" \/>\n\t<meta property=\"og:image:type\" content=\"image\/jpeg\" \/>\n<meta name=\"twitter:card\" content=\"summary_large_image\" \/>\n<meta name=\"twitter:label1\" content=\"Est. reading time\" \/>\n\t<meta name=\"twitter:data1\" content=\"1 minute\" \/>\n<script type=\"application\/ld+json\" class=\"yoast-schema-graph\">{\"@context\":\"https:\\\/\\\/schema.org\",\"@graph\":[{\"@type\":\"WebPage\",\"@id\":\"https:\\\/\\\/nikomand.com\\\/?product=lavashak-toffee-frutas\",\"url\":\"https:\\\/\\\/nikomand.com\\\/?product=lavashak-toffee-frutas\",\"name\":\"Lavashak Toffee Frutas 500gr - Nikomand Trading SL. Iranian Shop Comida irani en Barcelona\",\"isPartOf\":{\"@id\":\"https:\\\/\\\/nikomand.com\\\/#website\"},\"primaryImageOfPage\":{\"@id\":\"https:\\\/\\\/nikomand.com\\\/?product=lavashak-toffee-frutas#primaryimage\"},\"image\":{\"@id\":\"https:\\\/\\\/nikomand.com\\\/?product=lavashak-toffee-frutas#primaryimage\"},\"thumbnailUrl\":\"https:\\\/\\\/nikomand.com\\\/wp-content\\\/uploads\\\/2024\\\/03\\\/\u0644\u0648\u0627\u0634\u06a9-\u062a\u0627\u0641\u06cc-\u062a\u0631\u0634-\u0633\u0648\u0646-500-\u06af\u0631\u0645\u06cc.jpg\",\"datePublished\":\"2024-03-28T19:47:28+00:00\",\"dateModified\":\"2025-03-06T11:16:18+00:00\",\"description\":\"El lavashak es una pulpa de fruta iran\u00ed agria y salada, una l\u00e1mina fina, firme y seca de pur\u00e9 de frutas, como ciruelas, albaricoques o granadas.\",\"breadcrumb\":{\"@id\":\"https:\\\/\\\/nikomand.com\\\/?product=lavashak-toffee-frutas#breadcrumb\"},\"inLanguage\":\"en-US\",\"potentialAction\":[{\"@type\":\"ReadAction\",\"target\":[\"https:\\\/\\\/nikomand.com\\\/?product=lavashak-toffee-frutas\"]}]},{\"@type\":\"ImageObject\",\"inLanguage\":\"en-US\",\"@id\":\"https:\\\/\\\/nikomand.com\\\/?product=lavashak-toffee-frutas#primaryimage\",\"url\":\"https:\\\/\\\/nikomand.com\\\/wp-content\\\/uploads\\\/2024\\\/03\\\/\u0644\u0648\u0627\u0634\u06a9-\u062a\u0627\u0641\u06cc-\u062a\u0631\u0634-\u0633\u0648\u0646-500-\u06af\u0631\u0645\u06cc.jpg\",\"contentUrl\":\"https:\\\/\\\/nikomand.com\\\/wp-content\\\/uploads\\\/2024\\\/03\\\/\u0644\u0648\u0627\u0634\u06a9-\u062a\u0627\u0641\u06cc-\u062a\u0631\u0634-\u0633\u0648\u0646-500-\u06af\u0631\u0645\u06cc.jpg\",\"width\":550,\"height\":550,\"caption\":\"tienda iran\u00ed en Barcelona y supermarket persa \u0641\u0631\u0648\u0634\u06af\u0627\u0647 \u0627\u06cc\u0631\u0627\u0646\u06cc \u0648 \u0633\u0648\u067e\u0631\u0645\u0627\u0631\u06a9\u062a \u0627\u06cc\u0631\u0627\u0646\u06cc \u062f\u0631 \u0628\u0627\u0631\u0633\u0644\u0648\u0646\"},{\"@type\":\"BreadcrumbList\",\"@id\":\"https:\\\/\\\/nikomand.com\\\/?product=lavashak-toffee-frutas#breadcrumb\",\"itemListElement\":[{\"@type\":\"ListItem\",\"position\":1,\"name\":\"Home\",\"item\":\"https:\\\/\\\/nikomand.com\\\/\"},{\"@type\":\"ListItem\",\"position\":2,\"name\":\"Shop\",\"item\":\"https:\\\/\\\/nikomand.com\\\/\"},{\"@type\":\"ListItem\",\"position\":3,\"name\":\"Lavashak Toffee Frutas 500gr\"}]},{\"@type\":\"WebSite\",\"@id\":\"https:\\\/\\\/nikomand.com\\\/#website\",\"url\":\"https:\\\/\\\/nikomand.com\\\/\",\"name\":\"Nikomand Trading SL. Iranian Shop Comida irani en Barcelona\",\"description\":\"Iranian Shop in Barcelona, tienda irani, Supermarket persian store, safran, rice, tea tienda de productos persa como arroz, t\u00e9, frutos secos, snacks, azafr\u00e1n, comida irani en Barcelona, \u200b\u200bEspa\u00f1a\",\"publisher\":{\"@id\":\"https:\\\/\\\/nikomand.com\\\/#organization\"},\"potentialAction\":[{\"@type\":\"SearchAction\",\"target\":{\"@type\":\"EntryPoint\",\"urlTemplate\":\"https:\\\/\\\/nikomand.com\\\/?s={search_term_string}\"},\"query-input\":{\"@type\":\"PropertyValueSpecification\",\"valueRequired\":true,\"valueName\":\"search_term_string\"}}],\"inLanguage\":\"en-US\"},{\"@type\":\"Organization\",\"@id\":\"https:\\\/\\\/nikomand.com\\\/#organization\",\"name\":\"Nikomand Trading SL. Iranian Shop Comida irani en Barcelona\",\"url\":\"https:\\\/\\\/nikomand.com\\\/\",\"logo\":{\"@type\":\"ImageObject\",\"inLanguage\":\"en-US\",\"@id\":\"https:\\\/\\\/nikomand.com\\\/#\\\/schema\\\/logo\\\/image\\\/\",\"url\":\"https:\\\/\\\/nikomand.com\\\/wp-content\\\/uploads\\\/2025\\\/01\\\/Logo-Etiket-Nikomand.jpg\",\"contentUrl\":\"https:\\\/\\\/nikomand.com\\\/wp-content\\\/uploads\\\/2025\\\/01\\\/Logo-Etiket-Nikomand.jpg\",\"width\":512,\"height\":512,\"caption\":\"Nikomand Trading SL. Iranian Shop Comida irani en Barcelona\"},\"image\":{\"@id\":\"https:\\\/\\\/nikomand.com\\\/#\\\/schema\\\/logo\\\/image\\\/\"}}]}<\/script>\n<!-- \/ Yoast SEO plugin. -->","yoast_head_json":{"title":"Lavashak Toffee Frutas 500gr - Nikomand Trading SL. Iranian Shop Comida irani en Barcelona","description":"El lavashak es una pulpa de fruta iran\u00ed agria y salada, una l\u00e1mina fina, firme y seca de pur\u00e9 de frutas, como ciruelas, albaricoques o granadas.","robots":{"index":"index","follow":"follow","max-snippet":"max-snippet:-1","max-image-preview":"max-image-preview:large","max-video-preview":"max-video-preview:-1"},"canonical":"https:\/\/nikomand.com\/?product=lavashak-toffee-frutas","og_locale":"en_US","og_type":"article","og_title":"Lavashak Toffee Frutas 500gr - Nikomand Trading SL. Iranian Shop Comida irani en Barcelona","og_description":"El lavashak es una pulpa de fruta iran\u00ed agria y salada, una l\u00e1mina fina, firme y seca de pur\u00e9 de frutas, como ciruelas, albaricoques o granadas.","og_url":"https:\/\/nikomand.com\/?product=lavashak-toffee-frutas","og_site_name":"Nikomand Trading SL. Iranian Shop Comida irani en Barcelona","article_modified_time":"2025-03-06T11:16:18+00:00","og_image":[{"width":550,"height":550,"url":"https:\/\/nikomand.com\/wp-content\/uploads\/2024\/03\/\u0644\u0648\u0627\u0634\u06a9-\u062a\u0627\u0641\u06cc-\u062a\u0631\u0634-\u0633\u0648\u0646-500-\u06af\u0631\u0645\u06cc.jpg","type":"image\/jpeg"}],"twitter_card":"summary_large_image","twitter_misc":{"Est. reading time":"1 minute"},"schema":{"@context":"https:\/\/schema.org","@graph":[{"@type":"WebPage","@id":"https:\/\/nikomand.com\/?product=lavashak-toffee-frutas","url":"https:\/\/nikomand.com\/?product=lavashak-toffee-frutas","name":"Lavashak Toffee Frutas 500gr - Nikomand Trading SL. Iranian Shop Comida irani en Barcelona","isPartOf":{"@id":"https:\/\/nikomand.com\/#website"},"primaryImageOfPage":{"@id":"https:\/\/nikomand.com\/?product=lavashak-toffee-frutas#primaryimage"},"image":{"@id":"https:\/\/nikomand.com\/?product=lavashak-toffee-frutas#primaryimage"},"thumbnailUrl":"https:\/\/nikomand.com\/wp-content\/uploads\/2024\/03\/\u0644\u0648\u0627\u0634\u06a9-\u062a\u0627\u0641\u06cc-\u062a\u0631\u0634-\u0633\u0648\u0646-500-\u06af\u0631\u0645\u06cc.jpg","datePublished":"2024-03-28T19:47:28+00:00","dateModified":"2025-03-06T11:16:18+00:00","description":"El lavashak es una pulpa de fruta iran\u00ed agria y salada, una l\u00e1mina fina, firme y seca de pur\u00e9 de frutas, como ciruelas, albaricoques o granadas.","breadcrumb":{"@id":"https:\/\/nikomand.com\/?product=lavashak-toffee-frutas#breadcrumb"},"inLanguage":"en-US","potentialAction":[{"@type":"ReadAction","target":["https:\/\/nikomand.com\/?product=lavashak-toffee-frutas"]}]},{"@type":"ImageObject","inLanguage":"en-US","@id":"https:\/\/nikomand.com\/?product=lavashak-toffee-frutas#primaryimage","url":"https:\/\/nikomand.com\/wp-content\/uploads\/2024\/03\/\u0644\u0648\u0627\u0634\u06a9-\u062a\u0627\u0641\u06cc-\u062a\u0631\u0634-\u0633\u0648\u0646-500-\u06af\u0631\u0645\u06cc.jpg","contentUrl":"https:\/\/nikomand.com\/wp-content\/uploads\/2024\/03\/\u0644\u0648\u0627\u0634\u06a9-\u062a\u0627\u0641\u06cc-\u062a\u0631\u0634-\u0633\u0648\u0646-500-\u06af\u0631\u0645\u06cc.jpg","width":550,"height":550,"caption":"tienda iran\u00ed en Barcelona y supermarket persa \u0641\u0631\u0648\u0634\u06af\u0627\u0647 \u0627\u06cc\u0631\u0627\u0646\u06cc \u0648 \u0633\u0648\u067e\u0631\u0645\u0627\u0631\u06a9\u062a \u0627\u06cc\u0631\u0627\u0646\u06cc \u062f\u0631 \u0628\u0627\u0631\u0633\u0644\u0648\u0646"},{"@type":"BreadcrumbList","@id":"https:\/\/nikomand.com\/?product=lavashak-toffee-frutas#breadcrumb","itemListElement":[{"@type":"ListItem","position":1,"name":"Home","item":"https:\/\/nikomand.com\/"},{"@type":"ListItem","position":2,"name":"Shop","item":"https:\/\/nikomand.com\/"},{"@type":"ListItem","position":3,"name":"Lavashak Toffee Frutas 500gr"}]},{"@type":"WebSite","@id":"https:\/\/nikomand.com\/#website","url":"https:\/\/nikomand.com\/","name":"Nikomand Trading SL. Iranian Shop Comida irani en Barcelona","description":"Iranian Shop in Barcelona, tienda irani, Supermarket persian store, safran, rice, tea tienda de productos persa como arroz, t\u00e9, frutos secos, snacks, azafr\u00e1n, comida irani en Barcelona, \u200b\u200bEspa\u00f1a","publisher":{"@id":"https:\/\/nikomand.com\/#organization"},"potentialAction":[{"@type":"SearchAction","target":{"@type":"EntryPoint","urlTemplate":"https:\/\/nikomand.com\/?s={search_term_string}"},"query-input":{"@type":"PropertyValueSpecification","valueRequired":true,"valueName":"search_term_string"}}],"inLanguage":"en-US"},{"@type":"Organization","@id":"https:\/\/nikomand.com\/#organization","name":"Nikomand Trading SL. Iranian Shop Comida irani en Barcelona","url":"https:\/\/nikomand.com\/","logo":{"@type":"ImageObject","inLanguage":"en-US","@id":"https:\/\/nikomand.com\/#\/schema\/logo\/image\/","url":"https:\/\/nikomand.com\/wp-content\/uploads\/2025\/01\/Logo-Etiket-Nikomand.jpg","contentUrl":"https:\/\/nikomand.com\/wp-content\/uploads\/2025\/01\/Logo-Etiket-Nikomand.jpg","width":512,"height":512,"caption":"Nikomand Trading SL. Iranian Shop Comida irani en Barcelona"},"image":{"@id":"https:\/\/nikomand.com\/#\/schema\/logo\/image\/"}}]}},"_links":{"self":[{"href":"https:\/\/nikomand.com\/index.php?rest_route=\/wp\/v2\/product\/794","targetHints":{"allow":["GET"]}}],"collection":[{"href":"https:\/\/nikomand.com\/index.php?rest_route=\/wp\/v2\/product"}],"about":[{"href":"https:\/\/nikomand.com\/index.php?rest_route=\/wp\/v2\/types\/product"}],"wp:featuredmedia":[{"embeddable":true,"href":"https:\/\/nikomand.com\/index.php?rest_route=\/wp\/v2\/media\/795"}],"wp:attachment":[{"href":"https:\/\/nikomand.com\/index.php?rest_route=%2Fwp%2Fv2%2Fmedia&parent=794"}],"wp:term":[{"taxonomy":"product_brand","embeddable":true,"href":"https:\/\/nikomand.com\/index.php?rest_route=%2Fwp%2Fv2%2Fproduct_brand&post=794"},{"taxonomy":"product_cat","embeddable":true,"href":"https:\/\/nikomand.com\/index.php?rest_route=%2Fwp%2Fv2%2Fproduct_cat&post=794"},{"taxonomy":"product_tag","embeddable":true,"href":"https:\/\/nikomand.com\/index.php?rest_route=%2Fwp%2Fv2%2Fproduct_tag&post=794"}],"curies":[{"name":"wp","href":"https:\/\/api.w.org\/{rel}","templated":true}]}}