{"id":792,"date":"2024-03-28T19:45:24","date_gmt":"2024-03-28T19:45:24","guid":{"rendered":"https:\/\/nikomand.com\/?post_type=product&#038;p=792"},"modified":"2026-01-03T21:05:53","modified_gmt":"2026-01-03T21:05:53","slug":"lavashak-granel-irani","status":"publish","type":"product","link":"https:\/\/nikomand.com\/?product=lavashak-granel-irani","title":{"rendered":"A Lavashak mix granel irani 100 gr"},"content":{"rendered":"<p>El lavashak es una pulpa de fruta iran\u00ed agria y salada, una l\u00e1mina fina, firme y seca de pur\u00e9 de frutas puras o mixtas, como ciruelas, albaricoques o granadas. Desde una perspectiva nutricional,<a href=\"https:\/\/nikomand.com\/?product=lavashak-mix\"> el lavashak<\/a> es un extracto de varias frutas. Durante generaciones, el lavashak se ha preparado de forma tradicional en casa. Ahora se fabrica industrialmente.<\/p>\n<p>No es necesario comprar fruta de la mejor calidad y de la mejor calidad para preparar lavashk. De hecho, el lavash de frutas se prepara con frutas que no se han comido en casa. Basta con hervir juntas tus frutas favoritas y tomar su jugo, verterlo en el fondo de una bandeja y esperar a que se seque. Nikomand tienda iran\u00ed en barcelona.<\/p>\n<p>En un art\u00edculo aparte, ya le presentamos c\u00f3mo preparar lavash de agracejo. Aqu\u00ed, sin embargo, le mostraremos c\u00f3mo preparar uno de los tipos de lavashk m\u00e1s \u00e1cidos y deliciosos, es decir, lavashk de ar\u00e1ndanos y ruibarbo. Al preparar este delicioso lavashk podr\u00e1s beneficiarte de las propiedades de los ar\u00e1ndanos y el ruibarbo. Entonces, si eres fan\u00e1tico del lavash agrio, lee este art\u00edculo con atenci\u00f3n.<\/p>\n","protected":false},"excerpt":{"rendered":"<p>El lavashak es una pulpa de fruta iran\u00ed agria y salada, una l\u00e1mina fina, firme y seca de pur\u00e9 de frutas puras o mixtas, como ciruelas, albaricoques o granadas. Desde una perspectiva nutricional, el lavashak es un extracto de varias frutas. Durante generaciones, el lavashak se ha preparado de forma tradicional en casa. Ahora se [&hellip;]<\/p>\n","protected":false},"featured_media":793,"template":"","meta":[],"product_brand":[],"product_cat":[23],"product_tag":[],"class_list":{"0":"post-792","1":"product","2":"type-product","3":"status-publish","4":"has-post-thumbnail","6":"product_cat-23","8":"entry","9":"has-media","11":"first","12":"instock","13":"shipping-taxable","14":"purchasable","15":"product-type-simple","16":"has-product-nav","17":"col","18":"span_1_of_3","19":"owp-content-center","20":"owp-thumbs-layout-horizontal","21":"owp-btn-normal","22":"owp-tabs-layout-horizontal","23":"has-no-thumbnails"},"yoast_head":"<!-- This site is optimized with the Yoast SEO plugin v27.3 - https:\/\/yoast.com\/product\/yoast-seo-wordpress\/ -->\n<title>A Lavashak mix granel irani 100 gr - Nikomand Iranian Shop, tienda iran\u00ed, supermercado y alimentos persa en Barcelona<\/title>\n<meta name=\"description\" content=\"El lavashak es una pulpa de fruta iran\u00ed agria y salada, una l\u00e1mina fina, firme y seca de pur\u00e9 de frutas, como ciruelas, albaricoques o granadas en barcelona\" \/>\n<meta name=\"robots\" content=\"index, follow, max-snippet:-1, max-image-preview:large, max-video-preview:-1\" \/>\n<link rel=\"canonical\" href=\"https:\/\/nikomand.com\/?product=lavashak-granel-irani\" \/>\n<meta property=\"og:locale\" content=\"en_US\" \/>\n<meta property=\"og:type\" content=\"article\" \/>\n<meta property=\"og:title\" content=\"A Lavashak mix granel irani 100 gr - Nikomand Iranian Shop, tienda iran\u00ed, supermercado y alimentos persa en Barcelona\" \/>\n<meta property=\"og:description\" content=\"El lavashak es una pulpa de fruta iran\u00ed agria y salada, una l\u00e1mina fina, firme y seca de pur\u00e9 de frutas, como ciruelas, albaricoques o granadas en barcelona\" \/>\n<meta property=\"og:url\" content=\"https:\/\/nikomand.com\/?product=lavashak-granel-irani\" \/>\n<meta property=\"og:site_name\" content=\"Nikomand Iranian Shop, tienda iran\u00ed, supermercado y alimentos persa en Barcelona\" \/>\n<meta property=\"article:modified_time\" content=\"2026-01-03T21:05:53+00:00\" \/>\n<meta property=\"og:image\" content=\"https:\/\/nikomand.com\/wp-content\/uploads\/2024\/03\/\u0644\u0648\u0627\u0634\u06a9-\u062a\u0627\u0641\u06cc-\u062c\u0646\u06af\u0644\u06cc.jpg\" \/>\n\t<meta property=\"og:image:width\" content=\"550\" \/>\n\t<meta property=\"og:image:height\" content=\"550\" \/>\n\t<meta property=\"og:image:type\" content=\"image\/jpeg\" \/>\n<meta name=\"twitter:card\" content=\"summary_large_image\" \/>\n<meta name=\"twitter:label1\" content=\"Est. reading time\" \/>\n\t<meta name=\"twitter:data1\" content=\"2 minutes\" \/>\n<script type=\"application\/ld+json\" class=\"yoast-schema-graph\">{\"@context\":\"https:\\\/\\\/schema.org\",\"@graph\":[{\"@type\":\"WebPage\",\"@id\":\"https:\\\/\\\/nikomand.com\\\/?product=lavashak-granel-irani\",\"url\":\"https:\\\/\\\/nikomand.com\\\/?product=lavashak-granel-irani\",\"name\":\"A Lavashak mix granel irani 100 gr - Nikomand Iranian Shop, tienda iran\u00ed, supermercado y alimentos persa en Barcelona\",\"isPartOf\":{\"@id\":\"https:\\\/\\\/nikomand.com\\\/#website\"},\"primaryImageOfPage\":{\"@id\":\"https:\\\/\\\/nikomand.com\\\/?product=lavashak-granel-irani#primaryimage\"},\"image\":{\"@id\":\"https:\\\/\\\/nikomand.com\\\/?product=lavashak-granel-irani#primaryimage\"},\"thumbnailUrl\":\"https:\\\/\\\/nikomand.com\\\/wp-content\\\/uploads\\\/2024\\\/03\\\/\u0644\u0648\u0627\u0634\u06a9-\u062a\u0627\u0641\u06cc-\u062c\u0646\u06af\u0644\u06cc.jpg\",\"datePublished\":\"2024-03-28T19:45:24+00:00\",\"dateModified\":\"2026-01-03T21:05:53+00:00\",\"description\":\"El lavashak es una pulpa de fruta iran\u00ed agria y salada, una l\u00e1mina fina, firme y seca de pur\u00e9 de frutas, como ciruelas, albaricoques o granadas en barcelona\",\"breadcrumb\":{\"@id\":\"https:\\\/\\\/nikomand.com\\\/?product=lavashak-granel-irani#breadcrumb\"},\"inLanguage\":\"en-US\",\"potentialAction\":[{\"@type\":\"ReadAction\",\"target\":[\"https:\\\/\\\/nikomand.com\\\/?product=lavashak-granel-irani\"]}]},{\"@type\":\"ImageObject\",\"inLanguage\":\"en-US\",\"@id\":\"https:\\\/\\\/nikomand.com\\\/?product=lavashak-granel-irani#primaryimage\",\"url\":\"https:\\\/\\\/nikomand.com\\\/wp-content\\\/uploads\\\/2024\\\/03\\\/\u0644\u0648\u0627\u0634\u06a9-\u062a\u0627\u0641\u06cc-\u062c\u0646\u06af\u0644\u06cc.jpg\",\"contentUrl\":\"https:\\\/\\\/nikomand.com\\\/wp-content\\\/uploads\\\/2024\\\/03\\\/\u0644\u0648\u0627\u0634\u06a9-\u062a\u0627\u0641\u06cc-\u062c\u0646\u06af\u0644\u06cc.jpg\",\"width\":550,\"height\":550,\"caption\":\"tienda iran\u00ed en Barcelona y supermarket persa \u0641\u0631\u0648\u0634\u06af\u0627\u0647 \u0627\u06cc\u0631\u0627\u0646\u06cc \u062f\u0631 \u0628\u0627\u0631\u0633\u0644\u0648\u0646 \u0648 \u0633\u0648\u067e\u0631\u0645\u0627\u0631\u06a9\u062a \u0627\u06cc\u0631\u0627\u0646\u06cc\"},{\"@type\":\"BreadcrumbList\",\"@id\":\"https:\\\/\\\/nikomand.com\\\/?product=lavashak-granel-irani#breadcrumb\",\"itemListElement\":[{\"@type\":\"ListItem\",\"position\":1,\"name\":\"Home\",\"item\":\"https:\\\/\\\/nikomand.com\\\/\"},{\"@type\":\"ListItem\",\"position\":2,\"name\":\"Shop\",\"item\":\"https:\\\/\\\/nikomand.com\\\/\"},{\"@type\":\"ListItem\",\"position\":3,\"name\":\"A Lavashak mix granel irani 100 gr\"}]},{\"@type\":\"WebSite\",\"@id\":\"https:\\\/\\\/nikomand.com\\\/#website\",\"url\":\"https:\\\/\\\/nikomand.com\\\/\",\"name\":\"Nikomand Iranian Shop, tienda iran\u00ed, supermercado y alimentos persa en Barcelona\",\"description\":\"Iranian Shop in Barcelona, tienda irani, Supermarket persian store, safran, rice, tea tienda de productos persa como arroz, t\u00e9, frutos secos, snacks, azafr\u00e1n, comidas en Barcelona, \u200b\u200bEspa\u00f1a\",\"publisher\":{\"@id\":\"https:\\\/\\\/nikomand.com\\\/#organization\"},\"potentialAction\":[{\"@type\":\"SearchAction\",\"target\":{\"@type\":\"EntryPoint\",\"urlTemplate\":\"https:\\\/\\\/nikomand.com\\\/?s={search_term_string}\"},\"query-input\":{\"@type\":\"PropertyValueSpecification\",\"valueRequired\":true,\"valueName\":\"search_term_string\"}}],\"inLanguage\":\"en-US\"},{\"@type\":\"Organization\",\"@id\":\"https:\\\/\\\/nikomand.com\\\/#organization\",\"name\":\"Nikomand Iranian Shop, tienda iran\u00ed, supermercado y alimentos persa en Barcelona\",\"url\":\"https:\\\/\\\/nikomand.com\\\/\",\"logo\":{\"@type\":\"ImageObject\",\"inLanguage\":\"en-US\",\"@id\":\"https:\\\/\\\/nikomand.com\\\/#\\\/schema\\\/logo\\\/image\\\/\",\"url\":\"https:\\\/\\\/nikomand.com\\\/wp-content\\\/uploads\\\/2025\\\/01\\\/Logo-Etiket-Nikomand.jpg\",\"contentUrl\":\"https:\\\/\\\/nikomand.com\\\/wp-content\\\/uploads\\\/2025\\\/01\\\/Logo-Etiket-Nikomand.jpg\",\"width\":512,\"height\":512,\"caption\":\"Nikomand Iranian Shop, tienda iran\u00ed, supermercado y alimentos persa en Barcelona\"},\"image\":{\"@id\":\"https:\\\/\\\/nikomand.com\\\/#\\\/schema\\\/logo\\\/image\\\/\"}}]}<\/script>\n<!-- \/ Yoast SEO plugin. -->","yoast_head_json":{"title":"A Lavashak mix granel irani 100 gr - Nikomand Iranian Shop, tienda iran\u00ed, supermercado y alimentos persa en Barcelona","description":"El lavashak es una pulpa de fruta iran\u00ed agria y salada, una l\u00e1mina fina, firme y seca de pur\u00e9 de frutas, como ciruelas, albaricoques o granadas en barcelona","robots":{"index":"index","follow":"follow","max-snippet":"max-snippet:-1","max-image-preview":"max-image-preview:large","max-video-preview":"max-video-preview:-1"},"canonical":"https:\/\/nikomand.com\/?product=lavashak-granel-irani","og_locale":"en_US","og_type":"article","og_title":"A Lavashak mix granel irani 100 gr - Nikomand Iranian Shop, tienda iran\u00ed, supermercado y alimentos persa en Barcelona","og_description":"El lavashak es una pulpa de fruta iran\u00ed agria y salada, una l\u00e1mina fina, firme y seca de pur\u00e9 de frutas, como ciruelas, albaricoques o granadas en barcelona","og_url":"https:\/\/nikomand.com\/?product=lavashak-granel-irani","og_site_name":"Nikomand Iranian Shop, tienda iran\u00ed, supermercado y alimentos persa en Barcelona","article_modified_time":"2026-01-03T21:05:53+00:00","og_image":[{"width":550,"height":550,"url":"https:\/\/nikomand.com\/wp-content\/uploads\/2024\/03\/\u0644\u0648\u0627\u0634\u06a9-\u062a\u0627\u0641\u06cc-\u062c\u0646\u06af\u0644\u06cc.jpg","type":"image\/jpeg"}],"twitter_card":"summary_large_image","twitter_misc":{"Est. reading time":"2 minutes"},"schema":{"@context":"https:\/\/schema.org","@graph":[{"@type":"WebPage","@id":"https:\/\/nikomand.com\/?product=lavashak-granel-irani","url":"https:\/\/nikomand.com\/?product=lavashak-granel-irani","name":"A Lavashak mix granel irani 100 gr - Nikomand Iranian Shop, tienda iran\u00ed, supermercado y alimentos persa en Barcelona","isPartOf":{"@id":"https:\/\/nikomand.com\/#website"},"primaryImageOfPage":{"@id":"https:\/\/nikomand.com\/?product=lavashak-granel-irani#primaryimage"},"image":{"@id":"https:\/\/nikomand.com\/?product=lavashak-granel-irani#primaryimage"},"thumbnailUrl":"https:\/\/nikomand.com\/wp-content\/uploads\/2024\/03\/\u0644\u0648\u0627\u0634\u06a9-\u062a\u0627\u0641\u06cc-\u062c\u0646\u06af\u0644\u06cc.jpg","datePublished":"2024-03-28T19:45:24+00:00","dateModified":"2026-01-03T21:05:53+00:00","description":"El lavashak es una pulpa de fruta iran\u00ed agria y salada, una l\u00e1mina fina, firme y seca de pur\u00e9 de frutas, como ciruelas, albaricoques o granadas en barcelona","breadcrumb":{"@id":"https:\/\/nikomand.com\/?product=lavashak-granel-irani#breadcrumb"},"inLanguage":"en-US","potentialAction":[{"@type":"ReadAction","target":["https:\/\/nikomand.com\/?product=lavashak-granel-irani"]}]},{"@type":"ImageObject","inLanguage":"en-US","@id":"https:\/\/nikomand.com\/?product=lavashak-granel-irani#primaryimage","url":"https:\/\/nikomand.com\/wp-content\/uploads\/2024\/03\/\u0644\u0648\u0627\u0634\u06a9-\u062a\u0627\u0641\u06cc-\u062c\u0646\u06af\u0644\u06cc.jpg","contentUrl":"https:\/\/nikomand.com\/wp-content\/uploads\/2024\/03\/\u0644\u0648\u0627\u0634\u06a9-\u062a\u0627\u0641\u06cc-\u062c\u0646\u06af\u0644\u06cc.jpg","width":550,"height":550,"caption":"tienda iran\u00ed en Barcelona y supermarket persa \u0641\u0631\u0648\u0634\u06af\u0627\u0647 \u0627\u06cc\u0631\u0627\u0646\u06cc \u062f\u0631 \u0628\u0627\u0631\u0633\u0644\u0648\u0646 \u0648 \u0633\u0648\u067e\u0631\u0645\u0627\u0631\u06a9\u062a \u0627\u06cc\u0631\u0627\u0646\u06cc"},{"@type":"BreadcrumbList","@id":"https:\/\/nikomand.com\/?product=lavashak-granel-irani#breadcrumb","itemListElement":[{"@type":"ListItem","position":1,"name":"Home","item":"https:\/\/nikomand.com\/"},{"@type":"ListItem","position":2,"name":"Shop","item":"https:\/\/nikomand.com\/"},{"@type":"ListItem","position":3,"name":"A Lavashak mix granel irani 100 gr"}]},{"@type":"WebSite","@id":"https:\/\/nikomand.com\/#website","url":"https:\/\/nikomand.com\/","name":"Nikomand Iranian Shop, tienda iran\u00ed, supermercado y alimentos persa en Barcelona","description":"Iranian Shop in Barcelona, tienda irani, Supermarket persian store, safran, rice, tea tienda de productos persa como arroz, t\u00e9, frutos secos, snacks, azafr\u00e1n, comidas en Barcelona, \u200b\u200bEspa\u00f1a","publisher":{"@id":"https:\/\/nikomand.com\/#organization"},"potentialAction":[{"@type":"SearchAction","target":{"@type":"EntryPoint","urlTemplate":"https:\/\/nikomand.com\/?s={search_term_string}"},"query-input":{"@type":"PropertyValueSpecification","valueRequired":true,"valueName":"search_term_string"}}],"inLanguage":"en-US"},{"@type":"Organization","@id":"https:\/\/nikomand.com\/#organization","name":"Nikomand Iranian Shop, tienda iran\u00ed, supermercado y alimentos persa en Barcelona","url":"https:\/\/nikomand.com\/","logo":{"@type":"ImageObject","inLanguage":"en-US","@id":"https:\/\/nikomand.com\/#\/schema\/logo\/image\/","url":"https:\/\/nikomand.com\/wp-content\/uploads\/2025\/01\/Logo-Etiket-Nikomand.jpg","contentUrl":"https:\/\/nikomand.com\/wp-content\/uploads\/2025\/01\/Logo-Etiket-Nikomand.jpg","width":512,"height":512,"caption":"Nikomand Iranian Shop, tienda iran\u00ed, supermercado y alimentos persa en Barcelona"},"image":{"@id":"https:\/\/nikomand.com\/#\/schema\/logo\/image\/"}}]}},"_links":{"self":[{"href":"https:\/\/nikomand.com\/index.php?rest_route=\/wp\/v2\/product\/792","targetHints":{"allow":["GET"]}}],"collection":[{"href":"https:\/\/nikomand.com\/index.php?rest_route=\/wp\/v2\/product"}],"about":[{"href":"https:\/\/nikomand.com\/index.php?rest_route=\/wp\/v2\/types\/product"}],"wp:featuredmedia":[{"embeddable":true,"href":"https:\/\/nikomand.com\/index.php?rest_route=\/wp\/v2\/media\/793"}],"wp:attachment":[{"href":"https:\/\/nikomand.com\/index.php?rest_route=%2Fwp%2Fv2%2Fmedia&parent=792"}],"wp:term":[{"taxonomy":"product_brand","embeddable":true,"href":"https:\/\/nikomand.com\/index.php?rest_route=%2Fwp%2Fv2%2Fproduct_brand&post=792"},{"taxonomy":"product_cat","embeddable":true,"href":"https:\/\/nikomand.com\/index.php?rest_route=%2Fwp%2Fv2%2Fproduct_cat&post=792"},{"taxonomy":"product_tag","embeddable":true,"href":"https:\/\/nikomand.com\/index.php?rest_route=%2Fwp%2Fv2%2Fproduct_tag&post=792"}],"curies":[{"name":"wp","href":"https:\/\/api.w.org\/{rel}","templated":true}]}}