{"id":725,"date":"2024-03-25T10:37:46","date_gmt":"2024-03-25T10:37:46","guid":{"rendered":"https:\/\/nikomand.com\/?post_type=product&#038;p=725"},"modified":"2026-01-04T16:32:39","modified_gmt":"2026-01-04T16:32:39","slug":"datiles-iranies-dates-mazafati-khorma","status":"publish","type":"product","link":"https:\/\/nikomand.com\/?product=datiles-iranies-dates-mazafati-khorma","title":{"rendered":"A D\u00e1tiles iran\u00edes Dates Mazafati Khorma"},"content":{"rendered":"<p><a href=\"https:\/\/es.wikipedia.org\/wiki\/D%C3%A1til_Mazafati\">D\u00e1tiles iran\u00edes Mazafati<\/a> es una de las variedades m\u00e1s famosas y deliciosas de los d\u00e1tiles. El color es negro y el contenido de agua de 18-35%, dependiendo altamente del tiempo de cosecha y del lugar donde crece.<\/p>\n<p>La historia de d\u00e1til es tan larga como la historia de la humanidad. D\u00e1til ha sido un alimento b\u00e1sico de Oriente Medio durante miles de a\u00f1os y es conocido como &#8220;un \u00e1rbol de la vida&#8221;.<\/p>\n<p>Se cree que se origin\u00f3 en todo el Oriente Medio y el Golfo P\u00e9rsico, y se ha cultivado en tiempos antiguos de Mesopotamia y la prehistoria de Egipto, posiblemente ya en 6000 AC. La palmera de d\u00e1til necesita un clima especial para crecer como dice la gente local :<\/p>\n<p>&#8220;sus pies en el agua y su cabeza en el fuego del cielo&#8221;.<\/p>\n<p>Aproximadamente 400 variedades de d\u00e1tiles se cultivan en Ir\u00e1n. Pero s\u00f3lo algunos de ellos son comercialmente importantes.<\/p>\n<p>Los D\u00e1tiles son una delicia que se pueden tomar solos, o como complemento. Adem\u00e1s de su delicioso sabor y textura, son una fuente de Vitaminas A, C y E; como <a href=\"https:\/\/nikomand.com\/?product=shire-khorma-datiles\">Sirope de d\u00e1tiles<\/a>!<\/p>\n<p>Minerales como Minerales: Potasio, magnesio, calcio, cobre, zinc, selenio, f\u00f3sforo, calcio, hierro y sodio; o una fuente saludable de carbohidratos (unos 100 gramos por porci\u00f3n).<\/p>\n<p>El <b>Mazafati<\/b> (en <a title=\"Idioma persa\" href=\"https:\/\/es.wikipedia.org\/wiki\/Idioma_persa\">persa<\/a>, \u0645\u0636\u0627\u0641\u062a\u06cc <i><b>Mozafati<\/b><\/i> <small>pronunciaci\u00f3n en persa:\u00a0<\/small><span class=\"IPA\" title=\"Pronunciaci\u00f3n en AFI\"><a title=\"Alfabeto Fon\u00e9tico Internacional\" href=\"https:\/\/es.wikipedia.org\/wiki\/Alfabeto_Fon%C3%A9tico_Internacional\">\/moz\u0252\u02d0f\u00e6\u02c8ti\/<\/a><\/span>) o <b>d\u00e1til de Bam<\/b> es una <a class=\"mw-redirect\" title=\"Variedad agr\u00edcola\" href=\"https:\/\/es.wikipedia.org\/wiki\/Variedad_agr%C3%ADcola\">variedad<\/a> del <a title=\"D\u00e1til\" href=\"https:\/\/es.wikipedia.org\/wiki\/D%C3%A1til\">d\u00e1til<\/a>. Se cultiva en las <a class=\"mw-redirect\" title=\"Provincias iran\u00edes\" href=\"https:\/\/es.wikipedia.org\/wiki\/Provincias_iran%C3%ADes\">provincias iran\u00edes<\/a> de <a title=\"Provincia de Kerm\u00e1n\" href=\"https:\/\/es.wikipedia.org\/wiki\/Provincia_de_Kerm%C3%A1n\">Kerm\u00e1n<\/a> (<a title=\"Bam\" href=\"https:\/\/es.wikipedia.org\/wiki\/Bam\">Bam<\/a>, <a class=\"mw-redirect\" title=\"Jiroft\" href=\"https:\/\/es.wikipedia.org\/wiki\/Jiroft\">Jiroft<\/a>, <a class=\"new\" title=\"Kahnuj (a\u00fan no redactado)\" href=\"https:\/\/es.wikipedia.org\/w\/index.php?title=Kahnuj&amp;action=edit&amp;redlink=1\">Kahnuj<\/a>) y de <a title=\"Provincia de Sist\u00e1n y Baluchist\u00e1n\" href=\"https:\/\/es.wikipedia.org\/wiki\/Provincia_de_Sist%C3%A1n_y_Baluchist%C3%A1n\">Sist\u00e1n-Baluchist\u00e1n<\/a> (<a class=\"new\" title=\"Saravan (Ir\u00e1n) (a\u00fan no redactado)\" href=\"https:\/\/es.wikipedia.org\/w\/index.php?title=Saravan_(Ir%C3%A1n)&amp;action=edit&amp;redlink=1\">Saravan<\/a>, <a class=\"new\" title=\"Nikshahr (a\u00fan no redactado)\" href=\"https:\/\/es.wikipedia.org\/w\/index.php?title=Nikshahr&amp;action=edit&amp;redlink=1\">Nikshahr<\/a>, <a class=\"new\" title=\"Haji Abad (a\u00fan no redactado)\" href=\"https:\/\/es.wikipedia.org\/w\/index.php?title=Haji_Abad&amp;action=edit&amp;redlink=1\">Haji Abad<\/a> e <a class=\"new\" title=\"Iranshahr (a\u00fan no redactado)\" href=\"https:\/\/es.wikipedia.org\/w\/index.php?title=Iranshahr&amp;action=edit&amp;redlink=1\">Iranshahr<\/a>).<sup id=\"cite_ref-1\" class=\"reference separada\"><a href=\"https:\/\/es.wikipedia.org\/wiki\/D%C3%A1til_Mazafati#cite_note-1\">1<\/a><\/sup>\u200b<sup id=\"cite_ref-2\" class=\"reference separada\"><a href=\"https:\/\/es.wikipedia.org\/wiki\/D%C3%A1til_Mazafati#cite_note-2\">2<\/a><\/sup>\u200b Es un d\u00e1til oscuro, suave, carnoso y dulce, de tama\u00f1o mediano, entre 2.5 y 4.5 cm.<\/p>\n","protected":false},"excerpt":{"rendered":"<p>D\u00e1tiles iran\u00edes Mazafati es una de las variedades m\u00e1s famosas y deliciosas de los d\u00e1tiles. El color es negro y el contenido de agua de 18-35%, dependiendo altamente del tiempo de cosecha y del lugar donde crece. La historia de d\u00e1til es tan larga como la historia de la humanidad. D\u00e1til ha sido un alimento [&hellip;]<\/p>\n","protected":false},"featured_media":749,"template":"","meta":[],"product_brand":[],"product_cat":[17],"product_tag":[74],"class_list":{"0":"post-725","1":"product","2":"type-product","3":"status-publish","4":"has-post-thumbnail","6":"product_cat-17","7":"product_tag-comprar-datiles-datilesiranies-datil-datil-medjoul-datil-masafati-datil-mazafati-datil-irani-datil-en-rama-barcelona","9":"entry","10":"has-media","12":"first","13":"instock","14":"shipping-taxable","15":"purchasable","16":"product-type-simple","17":"has-product-nav","18":"col","19":"span_1_of_3","20":"owp-content-center","21":"owp-thumbs-layout-horizontal","22":"owp-btn-normal","23":"owp-tabs-layout-horizontal","24":"has-no-thumbnails"},"yoast_head":"<!-- This site is optimized with the Yoast SEO plugin v27.3 - https:\/\/yoast.com\/product\/yoast-seo-wordpress\/ -->\n<title>A D\u00e1tiles iran\u00edes Dates Mazafati Khorma - Nikomand Iranian Shop, tienda iran\u00ed, supermercado y alimentos persa en Barcelona<\/title>\n<meta name=\"description\" content=\"D\u00e1tiles iran\u00edes Mazafati es una de las variedades m\u00e1s famosas y deliciosas de los d\u00e1tiles que puedes encontrar en tienda iran\u00ed Nikomand en Barcelona\" \/>\n<meta name=\"robots\" content=\"index, follow, max-snippet:-1, max-image-preview:large, max-video-preview:-1\" \/>\n<link rel=\"canonical\" href=\"https:\/\/nikomand.com\/?product=datiles-iranies-dates-mazafati-khorma\" \/>\n<meta property=\"og:locale\" content=\"en_US\" \/>\n<meta property=\"og:type\" content=\"article\" \/>\n<meta property=\"og:title\" content=\"A D\u00e1tiles iran\u00edes Dates Mazafati Khorma - Nikomand Iranian Shop, tienda iran\u00ed, supermercado y alimentos persa en Barcelona\" \/>\n<meta property=\"og:description\" content=\"D\u00e1tiles iran\u00edes Mazafati es una de las variedades m\u00e1s famosas y deliciosas de los d\u00e1tiles que puedes encontrar en tienda iran\u00ed Nikomand en Barcelona\" \/>\n<meta property=\"og:url\" content=\"https:\/\/nikomand.com\/?product=datiles-iranies-dates-mazafati-khorma\" \/>\n<meta property=\"og:site_name\" content=\"Nikomand Iranian Shop, tienda iran\u00ed, supermercado y alimentos persa en Barcelona\" \/>\n<meta property=\"article:modified_time\" content=\"2026-01-04T16:32:39+00:00\" \/>\n<meta property=\"og:image\" content=\"https:\/\/nikomand.com\/wp-content\/uploads\/2024\/03\/Datilesjpg.jpg\" \/>\n\t<meta property=\"og:image:width\" content=\"1280\" \/>\n\t<meta property=\"og:image:height\" content=\"973\" \/>\n\t<meta property=\"og:image:type\" content=\"image\/jpeg\" \/>\n<meta name=\"twitter:card\" content=\"summary_large_image\" \/>\n<meta name=\"twitter:label1\" content=\"Est. reading time\" \/>\n\t<meta name=\"twitter:data1\" content=\"2 minutes\" \/>\n<script type=\"application\/ld+json\" class=\"yoast-schema-graph\">{\"@context\":\"https:\\\/\\\/schema.org\",\"@graph\":[{\"@type\":\"WebPage\",\"@id\":\"https:\\\/\\\/nikomand.com\\\/?product=datiles-iranies-dates-mazafati-khorma\",\"url\":\"https:\\\/\\\/nikomand.com\\\/?product=datiles-iranies-dates-mazafati-khorma\",\"name\":\"A D\u00e1tiles iran\u00edes Dates Mazafati Khorma - Nikomand Iranian Shop, tienda iran\u00ed, supermercado y alimentos persa en Barcelona\",\"isPartOf\":{\"@id\":\"https:\\\/\\\/nikomand.com\\\/#website\"},\"primaryImageOfPage\":{\"@id\":\"https:\\\/\\\/nikomand.com\\\/?product=datiles-iranies-dates-mazafati-khorma#primaryimage\"},\"image\":{\"@id\":\"https:\\\/\\\/nikomand.com\\\/?product=datiles-iranies-dates-mazafati-khorma#primaryimage\"},\"thumbnailUrl\":\"https:\\\/\\\/nikomand.com\\\/wp-content\\\/uploads\\\/2024\\\/03\\\/Datilesjpg.jpg\",\"datePublished\":\"2024-03-25T10:37:46+00:00\",\"dateModified\":\"2026-01-04T16:32:39+00:00\",\"description\":\"D\u00e1tiles iran\u00edes Mazafati es una de las variedades m\u00e1s famosas y deliciosas de los d\u00e1tiles que puedes encontrar en tienda iran\u00ed Nikomand en Barcelona\",\"breadcrumb\":{\"@id\":\"https:\\\/\\\/nikomand.com\\\/?product=datiles-iranies-dates-mazafati-khorma#breadcrumb\"},\"inLanguage\":\"en-US\",\"potentialAction\":[{\"@type\":\"ReadAction\",\"target\":[\"https:\\\/\\\/nikomand.com\\\/?product=datiles-iranies-dates-mazafati-khorma\"]}]},{\"@type\":\"ImageObject\",\"inLanguage\":\"en-US\",\"@id\":\"https:\\\/\\\/nikomand.com\\\/?product=datiles-iranies-dates-mazafati-khorma#primaryimage\",\"url\":\"https:\\\/\\\/nikomand.com\\\/wp-content\\\/uploads\\\/2024\\\/03\\\/Datilesjpg.jpg\",\"contentUrl\":\"https:\\\/\\\/nikomand.com\\\/wp-content\\\/uploads\\\/2024\\\/03\\\/Datilesjpg.jpg\",\"width\":1280,\"height\":973,\"caption\":\"tienda iran\u00ed en Barcelona y supermarket persa \u0641\u0631\u0648\u0634\u06af\u0627\u0647 \u0627\u06cc\u0631\u0627\u0646\u06cc \u062f\u0631 \u0628\u0627\u0631\u0633\u0644\u0648\u0646 \u0648 \u0633\u0648\u067e\u0631\u0645\u0627\u0631\u06a9\u062a \u0627\u06cc\u0631\u0627\u0646\u06cc\"},{\"@type\":\"BreadcrumbList\",\"@id\":\"https:\\\/\\\/nikomand.com\\\/?product=datiles-iranies-dates-mazafati-khorma#breadcrumb\",\"itemListElement\":[{\"@type\":\"ListItem\",\"position\":1,\"name\":\"Home\",\"item\":\"https:\\\/\\\/nikomand.com\\\/\"},{\"@type\":\"ListItem\",\"position\":2,\"name\":\"Shop\",\"item\":\"https:\\\/\\\/nikomand.com\\\/\"},{\"@type\":\"ListItem\",\"position\":3,\"name\":\"A D\u00e1tiles iran\u00edes Dates Mazafati Khorma\"}]},{\"@type\":\"WebSite\",\"@id\":\"https:\\\/\\\/nikomand.com\\\/#website\",\"url\":\"https:\\\/\\\/nikomand.com\\\/\",\"name\":\"Nikomand Iranian Shop, tienda iran\u00ed, supermercado y alimentos persa en Barcelona\",\"description\":\"Iranian Shop in Barcelona, tienda irani, Supermarket persian store, safran, rice, tea tienda de productos persa como arroz, t\u00e9, frutos secos, snacks, azafr\u00e1n, comidas en Barcelona, \u200b\u200bEspa\u00f1a\",\"publisher\":{\"@id\":\"https:\\\/\\\/nikomand.com\\\/#organization\"},\"potentialAction\":[{\"@type\":\"SearchAction\",\"target\":{\"@type\":\"EntryPoint\",\"urlTemplate\":\"https:\\\/\\\/nikomand.com\\\/?s={search_term_string}\"},\"query-input\":{\"@type\":\"PropertyValueSpecification\",\"valueRequired\":true,\"valueName\":\"search_term_string\"}}],\"inLanguage\":\"en-US\"},{\"@type\":\"Organization\",\"@id\":\"https:\\\/\\\/nikomand.com\\\/#organization\",\"name\":\"Nikomand Iranian Shop, tienda iran\u00ed, supermercado y alimentos persa en Barcelona\",\"url\":\"https:\\\/\\\/nikomand.com\\\/\",\"logo\":{\"@type\":\"ImageObject\",\"inLanguage\":\"en-US\",\"@id\":\"https:\\\/\\\/nikomand.com\\\/#\\\/schema\\\/logo\\\/image\\\/\",\"url\":\"https:\\\/\\\/nikomand.com\\\/wp-content\\\/uploads\\\/2025\\\/01\\\/Logo-Etiket-Nikomand.jpg\",\"contentUrl\":\"https:\\\/\\\/nikomand.com\\\/wp-content\\\/uploads\\\/2025\\\/01\\\/Logo-Etiket-Nikomand.jpg\",\"width\":512,\"height\":512,\"caption\":\"Nikomand Iranian Shop, tienda iran\u00ed, supermercado y alimentos persa en Barcelona\"},\"image\":{\"@id\":\"https:\\\/\\\/nikomand.com\\\/#\\\/schema\\\/logo\\\/image\\\/\"}}]}<\/script>\n<!-- \/ Yoast SEO plugin. -->","yoast_head_json":{"title":"A D\u00e1tiles iran\u00edes Dates Mazafati Khorma - Nikomand Iranian Shop, tienda iran\u00ed, supermercado y alimentos persa en Barcelona","description":"D\u00e1tiles iran\u00edes Mazafati es una de las variedades m\u00e1s famosas y deliciosas de los d\u00e1tiles que puedes encontrar en tienda iran\u00ed Nikomand en Barcelona","robots":{"index":"index","follow":"follow","max-snippet":"max-snippet:-1","max-image-preview":"max-image-preview:large","max-video-preview":"max-video-preview:-1"},"canonical":"https:\/\/nikomand.com\/?product=datiles-iranies-dates-mazafati-khorma","og_locale":"en_US","og_type":"article","og_title":"A D\u00e1tiles iran\u00edes Dates Mazafati Khorma - Nikomand Iranian Shop, tienda iran\u00ed, supermercado y alimentos persa en Barcelona","og_description":"D\u00e1tiles iran\u00edes Mazafati es una de las variedades m\u00e1s famosas y deliciosas de los d\u00e1tiles que puedes encontrar en tienda iran\u00ed Nikomand en Barcelona","og_url":"https:\/\/nikomand.com\/?product=datiles-iranies-dates-mazafati-khorma","og_site_name":"Nikomand Iranian Shop, tienda iran\u00ed, supermercado y alimentos persa en Barcelona","article_modified_time":"2026-01-04T16:32:39+00:00","og_image":[{"width":1280,"height":973,"url":"https:\/\/nikomand.com\/wp-content\/uploads\/2024\/03\/Datilesjpg.jpg","type":"image\/jpeg"}],"twitter_card":"summary_large_image","twitter_misc":{"Est. reading time":"2 minutes"},"schema":{"@context":"https:\/\/schema.org","@graph":[{"@type":"WebPage","@id":"https:\/\/nikomand.com\/?product=datiles-iranies-dates-mazafati-khorma","url":"https:\/\/nikomand.com\/?product=datiles-iranies-dates-mazafati-khorma","name":"A D\u00e1tiles iran\u00edes Dates Mazafati Khorma - Nikomand Iranian Shop, tienda iran\u00ed, supermercado y alimentos persa en Barcelona","isPartOf":{"@id":"https:\/\/nikomand.com\/#website"},"primaryImageOfPage":{"@id":"https:\/\/nikomand.com\/?product=datiles-iranies-dates-mazafati-khorma#primaryimage"},"image":{"@id":"https:\/\/nikomand.com\/?product=datiles-iranies-dates-mazafati-khorma#primaryimage"},"thumbnailUrl":"https:\/\/nikomand.com\/wp-content\/uploads\/2024\/03\/Datilesjpg.jpg","datePublished":"2024-03-25T10:37:46+00:00","dateModified":"2026-01-04T16:32:39+00:00","description":"D\u00e1tiles iran\u00edes Mazafati es una de las variedades m\u00e1s famosas y deliciosas de los d\u00e1tiles que puedes encontrar en tienda iran\u00ed Nikomand en Barcelona","breadcrumb":{"@id":"https:\/\/nikomand.com\/?product=datiles-iranies-dates-mazafati-khorma#breadcrumb"},"inLanguage":"en-US","potentialAction":[{"@type":"ReadAction","target":["https:\/\/nikomand.com\/?product=datiles-iranies-dates-mazafati-khorma"]}]},{"@type":"ImageObject","inLanguage":"en-US","@id":"https:\/\/nikomand.com\/?product=datiles-iranies-dates-mazafati-khorma#primaryimage","url":"https:\/\/nikomand.com\/wp-content\/uploads\/2024\/03\/Datilesjpg.jpg","contentUrl":"https:\/\/nikomand.com\/wp-content\/uploads\/2024\/03\/Datilesjpg.jpg","width":1280,"height":973,"caption":"tienda iran\u00ed en Barcelona y supermarket persa \u0641\u0631\u0648\u0634\u06af\u0627\u0647 \u0627\u06cc\u0631\u0627\u0646\u06cc \u062f\u0631 \u0628\u0627\u0631\u0633\u0644\u0648\u0646 \u0648 \u0633\u0648\u067e\u0631\u0645\u0627\u0631\u06a9\u062a \u0627\u06cc\u0631\u0627\u0646\u06cc"},{"@type":"BreadcrumbList","@id":"https:\/\/nikomand.com\/?product=datiles-iranies-dates-mazafati-khorma#breadcrumb","itemListElement":[{"@type":"ListItem","position":1,"name":"Home","item":"https:\/\/nikomand.com\/"},{"@type":"ListItem","position":2,"name":"Shop","item":"https:\/\/nikomand.com\/"},{"@type":"ListItem","position":3,"name":"A D\u00e1tiles iran\u00edes Dates Mazafati Khorma"}]},{"@type":"WebSite","@id":"https:\/\/nikomand.com\/#website","url":"https:\/\/nikomand.com\/","name":"Nikomand Iranian Shop, tienda iran\u00ed, supermercado y alimentos persa en Barcelona","description":"Iranian Shop in Barcelona, tienda irani, Supermarket persian store, safran, rice, tea tienda de productos persa como arroz, t\u00e9, frutos secos, snacks, azafr\u00e1n, comidas en Barcelona, \u200b\u200bEspa\u00f1a","publisher":{"@id":"https:\/\/nikomand.com\/#organization"},"potentialAction":[{"@type":"SearchAction","target":{"@type":"EntryPoint","urlTemplate":"https:\/\/nikomand.com\/?s={search_term_string}"},"query-input":{"@type":"PropertyValueSpecification","valueRequired":true,"valueName":"search_term_string"}}],"inLanguage":"en-US"},{"@type":"Organization","@id":"https:\/\/nikomand.com\/#organization","name":"Nikomand Iranian Shop, tienda iran\u00ed, supermercado y alimentos persa en Barcelona","url":"https:\/\/nikomand.com\/","logo":{"@type":"ImageObject","inLanguage":"en-US","@id":"https:\/\/nikomand.com\/#\/schema\/logo\/image\/","url":"https:\/\/nikomand.com\/wp-content\/uploads\/2025\/01\/Logo-Etiket-Nikomand.jpg","contentUrl":"https:\/\/nikomand.com\/wp-content\/uploads\/2025\/01\/Logo-Etiket-Nikomand.jpg","width":512,"height":512,"caption":"Nikomand Iranian Shop, tienda iran\u00ed, supermercado y alimentos persa en Barcelona"},"image":{"@id":"https:\/\/nikomand.com\/#\/schema\/logo\/image\/"}}]}},"_links":{"self":[{"href":"https:\/\/nikomand.com\/index.php?rest_route=\/wp\/v2\/product\/725","targetHints":{"allow":["GET"]}}],"collection":[{"href":"https:\/\/nikomand.com\/index.php?rest_route=\/wp\/v2\/product"}],"about":[{"href":"https:\/\/nikomand.com\/index.php?rest_route=\/wp\/v2\/types\/product"}],"wp:featuredmedia":[{"embeddable":true,"href":"https:\/\/nikomand.com\/index.php?rest_route=\/wp\/v2\/media\/749"}],"wp:attachment":[{"href":"https:\/\/nikomand.com\/index.php?rest_route=%2Fwp%2Fv2%2Fmedia&parent=725"}],"wp:term":[{"taxonomy":"product_brand","embeddable":true,"href":"https:\/\/nikomand.com\/index.php?rest_route=%2Fwp%2Fv2%2Fproduct_brand&post=725"},{"taxonomy":"product_cat","embeddable":true,"href":"https:\/\/nikomand.com\/index.php?rest_route=%2Fwp%2Fv2%2Fproduct_cat&post=725"},{"taxonomy":"product_tag","embeddable":true,"href":"https:\/\/nikomand.com\/index.php?rest_route=%2Fwp%2Fv2%2Fproduct_tag&post=725"}],"curies":[{"name":"wp","href":"https:\/\/api.w.org\/{rel}","templated":true}]}}