{"id":462,"date":"2024-01-20T23:34:26","date_gmt":"2024-01-20T23:34:26","guid":{"rendered":"https:\/\/nikomarket.com\/?post_type=product&#038;p=462"},"modified":"2026-03-02T15:36:57","modified_gmt":"2026-03-02T15:36:57","slug":"berberitzen-agracejo-berberos-zereshk","status":"publish","type":"product","link":"https:\/\/nikomand.com\/?product=berberitzen-agracejo-berberos-zereshk","title":{"rendered":"A Berberitzen Agracejo Berberos Zereshk 150gr"},"content":{"rendered":"<div id=\"description\" class=\"tab-pane fade in active\" role=\"tabpanel\">\n<div class=\"product-description\">\n<div class=\"product--description\">\n<p>Agracejos, Berberis, Berberitzen oder &#8220;<a href=\"https:\/\/nikomand.com\/?page_id=1184\">Zereshk<\/a>&#8221;<\/p>\n<p>El Berberis secado de forma natural es especialmente adecuado para una dieta ayurv\u00e9dica. Con su refinado sabor, no solo es apto para picar, sino tambi\u00e9n para adornar y condimentar los m\u00e1s diversos platos, berberos. Los agracejos son peque\u00f1as bayas rojas con un sabor amargo de la familia del agracejo.<\/p>\n<p>En Oriente, el agracejo ocupa un lugar permanente en la preparaci\u00f3n de platos. Los agracejos se utilizan all\u00ed para diversos arroces, como el famoso &#8220;<a href=\"https:\/\/nikomand.com\/?page_id=1184\">Zereshkpolo<\/a>&#8220;, pero tambi\u00e9n para diversos guisos un poco \u00e1cidos. El jugo de agracejo tambi\u00e9n es una bebida est\u00e1ndar en Ir\u00e1n. Esto no s\u00f3lo es sabroso y \u00e1cido, sino tambi\u00e9n saludable. En Ir\u00e1n, el agracejo tambi\u00e9n se utiliza a menudo para hacer mermelada.<\/p>\n<p>Barberries are small red berries with a sour taste from the barberry family. In the Orient, barberries have a firm place in food preparation. Barberries are used there for various rice dishes such as the famous &#8220;<a href=\"https:\/\/nikomand.com\/?page_id=1184\">Zereshkpolo<\/a>&#8220;, but also for various stews that are a bit sour. Barberry juice is also a standard drink in Iran. It is not only delicious and sour, but also healthy. In Iran, barberries are also often used to make jam.<\/p>\n<p>The dried fruit of <i><a title=\"Berberis vulgaris\" href=\"https:\/\/en.wikipedia.org\/wiki\/Berberis_vulgaris\">Berberis vulgaris<\/a><\/i> is used in <a title=\"Herbal medicine\" href=\"https:\/\/en.wikipedia.org\/wiki\/Herbal_medicine\">herbal medicine<\/a>.<sup id=\"cite_ref-20\" class=\"reference\"><a href=\"https:\/\/en.wikipedia.org\/wiki\/Berberis#cite_note-20\"><span class=\"cite-bracket\">[<\/span>20<span class=\"cite-bracket\">]<\/span><\/a><\/sup> The chemical constituents include <a title=\"Isoquinoline\" href=\"https:\/\/en.wikipedia.org\/wiki\/Isoquinoline\">isoquinolone<\/a> <a title=\"Alkaloid\" href=\"https:\/\/en.wikipedia.org\/wiki\/Alkaloid\">alkaloids<\/a>, especially <a title=\"Berberine\" href=\"https:\/\/en.wikipedia.org\/wiki\/Berberine\">berberine<\/a>. A full list of phytochemicals was compiled and published in 2014.<sup id=\"cite_ref-21\" class=\"reference\"><\/sup><\/p>\n<\/div>\n<div class=\"product--description\">El agracejo es una especie muy utilizada por muchas culturas como remedio medicinal. Este arbusto es originario de las regiones secas de Asia. Tanto su ra\u00edz como sus semillas tienen propiedades curativas naturales y esta planta contiene muchos compuestos alcaloides que ayudan con los problemas digestivos y hep\u00e1ticos.<\/div>\n<\/div>\n<\/div>\n","protected":false},"excerpt":{"rendered":"<p>El Berberis secado de forma natural es especialmente adecuado para una dieta ayurv\u00e9dica. Con su refinado sabor, no solo es apto para picar, sino tambi\u00e9n para adornar y condimentar los m\u00e1s diversos platos, berberos. Los agracejos son peque\u00f1as bayas rojas con un sabor amargo de la familia del agracejo.<\/p>\n","protected":false},"featured_media":465,"template":"","meta":[],"product_brand":[],"product_cat":[22,17],"product_tag":[],"class_list":{"0":"post-462","1":"product","2":"type-product","3":"status-publish","4":"has-post-thumbnail","6":"product_cat-gewurze--","7":"product_cat-17","9":"entry","10":"has-media","12":"first","13":"instock","14":"shipping-taxable","15":"purchasable","16":"product-type-simple","17":"has-product-nav","18":"col","19":"span_1_of_3","20":"owp-content-center","21":"owp-thumbs-layout-horizontal","22":"owp-btn-normal","23":"owp-tabs-layout-horizontal","24":"has-no-thumbnails"},"yoast_head":"<!-- This site is optimized with the Yoast SEO plugin v27.4 - https:\/\/yoast.com\/product\/yoast-seo-wordpress\/ -->\n<title>A Berberitzen Agracejo Berberos Zereshk 150gr - Nikomand Iranian Shop, tienda iran\u00ed, supermercado y alimentos persa en Barcelona<\/title>\n<meta name=\"description\" content=\"Nikomand Iranian Shop, tienda iran\u00ed, supermercado y alimentos persa en Barcelona. Berberitzen Agracejo Berberos Zereshk Lavashak arroz t\u00e9 nueces y especias.\" \/>\n<meta name=\"robots\" content=\"index, follow, max-snippet:-1, max-image-preview:large, max-video-preview:-1\" \/>\n<link rel=\"canonical\" href=\"https:\/\/nikomand.com\/?product=berberitzen-agracejo-berberos-zereshk\" \/>\n<meta property=\"og:locale\" content=\"en_US\" \/>\n<meta property=\"og:type\" content=\"article\" \/>\n<meta property=\"og:title\" content=\"A Berberitzen Agracejo Berberos Zereshk 150gr - Nikomand Iranian Shop, tienda iran\u00ed, supermercado y alimentos persa en Barcelona\" \/>\n<meta property=\"og:description\" content=\"Nikomand Iranian Shop, tienda iran\u00ed, supermercado y alimentos persa en Barcelona. Berberitzen Agracejo Berberos Zereshk Lavashak arroz t\u00e9 nueces y especias.\" \/>\n<meta property=\"og:url\" content=\"https:\/\/nikomand.com\/?product=berberitzen-agracejo-berberos-zereshk\" \/>\n<meta property=\"og:site_name\" content=\"Nikomand Iranian Shop, tienda iran\u00ed, supermercado y alimentos persa en Barcelona\" \/>\n<meta property=\"article:modified_time\" content=\"2026-03-02T15:36:57+00:00\" \/>\n<meta property=\"og:image\" content=\"https:\/\/nikomand.com\/wp-content\/uploads\/2024\/01\/Berberitzen-Zereshk-1.jpg\" \/>\n\t<meta property=\"og:image:width\" content=\"800\" \/>\n\t<meta property=\"og:image:height\" content=\"800\" \/>\n\t<meta property=\"og:image:type\" content=\"image\/jpeg\" \/>\n<meta name=\"twitter:card\" content=\"summary_large_image\" \/>\n<meta name=\"twitter:label1\" content=\"Est. reading time\" \/>\n\t<meta name=\"twitter:data1\" content=\"2 minutes\" \/>\n<script type=\"application\/ld+json\" class=\"yoast-schema-graph\">{\"@context\":\"https:\\\/\\\/schema.org\",\"@graph\":[{\"@type\":\"WebPage\",\"@id\":\"https:\\\/\\\/nikomand.com\\\/?product=berberitzen-agracejo-berberos-zereshk\",\"url\":\"https:\\\/\\\/nikomand.com\\\/?product=berberitzen-agracejo-berberos-zereshk\",\"name\":\"A Berberitzen Agracejo Berberos Zereshk 150gr - Nikomand Iranian Shop, tienda iran\u00ed, supermercado y alimentos persa en Barcelona\",\"isPartOf\":{\"@id\":\"https:\\\/\\\/nikomand.com\\\/#website\"},\"primaryImageOfPage\":{\"@id\":\"https:\\\/\\\/nikomand.com\\\/?product=berberitzen-agracejo-berberos-zereshk#primaryimage\"},\"image\":{\"@id\":\"https:\\\/\\\/nikomand.com\\\/?product=berberitzen-agracejo-berberos-zereshk#primaryimage\"},\"thumbnailUrl\":\"https:\\\/\\\/nikomand.com\\\/wp-content\\\/uploads\\\/2024\\\/01\\\/Berberitzen-Zereshk-1.jpg\",\"datePublished\":\"2024-01-20T23:34:26+00:00\",\"dateModified\":\"2026-03-02T15:36:57+00:00\",\"description\":\"Nikomand Iranian Shop, tienda iran\u00ed, supermercado y alimentos persa en Barcelona. Berberitzen Agracejo Berberos Zereshk Lavashak arroz t\u00e9 nueces y especias.\",\"breadcrumb\":{\"@id\":\"https:\\\/\\\/nikomand.com\\\/?product=berberitzen-agracejo-berberos-zereshk#breadcrumb\"},\"inLanguage\":\"en-US\",\"potentialAction\":[{\"@type\":\"ReadAction\",\"target\":[\"https:\\\/\\\/nikomand.com\\\/?product=berberitzen-agracejo-berberos-zereshk\"]}]},{\"@type\":\"ImageObject\",\"inLanguage\":\"en-US\",\"@id\":\"https:\\\/\\\/nikomand.com\\\/?product=berberitzen-agracejo-berberos-zereshk#primaryimage\",\"url\":\"https:\\\/\\\/nikomand.com\\\/wp-content\\\/uploads\\\/2024\\\/01\\\/Berberitzen-Zereshk-1.jpg\",\"contentUrl\":\"https:\\\/\\\/nikomand.com\\\/wp-content\\\/uploads\\\/2024\\\/01\\\/Berberitzen-Zereshk-1.jpg\",\"width\":800,\"height\":800},{\"@type\":\"BreadcrumbList\",\"@id\":\"https:\\\/\\\/nikomand.com\\\/?product=berberitzen-agracejo-berberos-zereshk#breadcrumb\",\"itemListElement\":[{\"@type\":\"ListItem\",\"position\":1,\"name\":\"Home\",\"item\":\"https:\\\/\\\/nikomand.com\\\/\"},{\"@type\":\"ListItem\",\"position\":2,\"name\":\"Shop\",\"item\":\"https:\\\/\\\/nikomand.com\\\/\"},{\"@type\":\"ListItem\",\"position\":3,\"name\":\"A Berberitzen Agracejo Berberos Zereshk 150gr\"}]},{\"@type\":\"WebSite\",\"@id\":\"https:\\\/\\\/nikomand.com\\\/#website\",\"url\":\"https:\\\/\\\/nikomand.com\\\/\",\"name\":\"Nikomand Iranian Shop, tienda iran\u00ed, supermercado y alimentos persa en Barcelona\",\"description\":\"Iranian Shop in Barcelona, tienda irani, Supermarket persian store, safran, rice, tea tienda de productos persa como arroz, t\u00e9, frutos secos, snacks, azafr\u00e1n, comidas en Barcelona, \u200b\u200bEspa\u00f1a\",\"publisher\":{\"@id\":\"https:\\\/\\\/nikomand.com\\\/#organization\"},\"potentialAction\":[{\"@type\":\"SearchAction\",\"target\":{\"@type\":\"EntryPoint\",\"urlTemplate\":\"https:\\\/\\\/nikomand.com\\\/?s={search_term_string}\"},\"query-input\":{\"@type\":\"PropertyValueSpecification\",\"valueRequired\":true,\"valueName\":\"search_term_string\"}}],\"inLanguage\":\"en-US\"},{\"@type\":\"Organization\",\"@id\":\"https:\\\/\\\/nikomand.com\\\/#organization\",\"name\":\"Nikomand Iranian Shop, tienda iran\u00ed, supermercado y alimentos persa en Barcelona\",\"url\":\"https:\\\/\\\/nikomand.com\\\/\",\"logo\":{\"@type\":\"ImageObject\",\"inLanguage\":\"en-US\",\"@id\":\"https:\\\/\\\/nikomand.com\\\/#\\\/schema\\\/logo\\\/image\\\/\",\"url\":\"https:\\\/\\\/nikomand.com\\\/wp-content\\\/uploads\\\/2025\\\/01\\\/Logo-Etiket-Nikomand.jpg\",\"contentUrl\":\"https:\\\/\\\/nikomand.com\\\/wp-content\\\/uploads\\\/2025\\\/01\\\/Logo-Etiket-Nikomand.jpg\",\"width\":512,\"height\":512,\"caption\":\"Nikomand Iranian Shop, tienda iran\u00ed, supermercado y alimentos persa en Barcelona\"},\"image\":{\"@id\":\"https:\\\/\\\/nikomand.com\\\/#\\\/schema\\\/logo\\\/image\\\/\"}}]}<\/script>\n<!-- \/ Yoast SEO plugin. -->","yoast_head_json":{"title":"A Berberitzen Agracejo Berberos Zereshk 150gr - Nikomand Iranian Shop, tienda iran\u00ed, supermercado y alimentos persa en Barcelona","description":"Nikomand Iranian Shop, tienda iran\u00ed, supermercado y alimentos persa en Barcelona. Berberitzen Agracejo Berberos Zereshk Lavashak arroz t\u00e9 nueces y especias.","robots":{"index":"index","follow":"follow","max-snippet":"max-snippet:-1","max-image-preview":"max-image-preview:large","max-video-preview":"max-video-preview:-1"},"canonical":"https:\/\/nikomand.com\/?product=berberitzen-agracejo-berberos-zereshk","og_locale":"en_US","og_type":"article","og_title":"A Berberitzen Agracejo Berberos Zereshk 150gr - Nikomand Iranian Shop, tienda iran\u00ed, supermercado y alimentos persa en Barcelona","og_description":"Nikomand Iranian Shop, tienda iran\u00ed, supermercado y alimentos persa en Barcelona. Berberitzen Agracejo Berberos Zereshk Lavashak arroz t\u00e9 nueces y especias.","og_url":"https:\/\/nikomand.com\/?product=berberitzen-agracejo-berberos-zereshk","og_site_name":"Nikomand Iranian Shop, tienda iran\u00ed, supermercado y alimentos persa en Barcelona","article_modified_time":"2026-03-02T15:36:57+00:00","og_image":[{"width":800,"height":800,"url":"https:\/\/nikomand.com\/wp-content\/uploads\/2024\/01\/Berberitzen-Zereshk-1.jpg","type":"image\/jpeg"}],"twitter_card":"summary_large_image","twitter_misc":{"Est. reading time":"2 minutes"},"schema":{"@context":"https:\/\/schema.org","@graph":[{"@type":"WebPage","@id":"https:\/\/nikomand.com\/?product=berberitzen-agracejo-berberos-zereshk","url":"https:\/\/nikomand.com\/?product=berberitzen-agracejo-berberos-zereshk","name":"A Berberitzen Agracejo Berberos Zereshk 150gr - Nikomand Iranian Shop, tienda iran\u00ed, supermercado y alimentos persa en Barcelona","isPartOf":{"@id":"https:\/\/nikomand.com\/#website"},"primaryImageOfPage":{"@id":"https:\/\/nikomand.com\/?product=berberitzen-agracejo-berberos-zereshk#primaryimage"},"image":{"@id":"https:\/\/nikomand.com\/?product=berberitzen-agracejo-berberos-zereshk#primaryimage"},"thumbnailUrl":"https:\/\/nikomand.com\/wp-content\/uploads\/2024\/01\/Berberitzen-Zereshk-1.jpg","datePublished":"2024-01-20T23:34:26+00:00","dateModified":"2026-03-02T15:36:57+00:00","description":"Nikomand Iranian Shop, tienda iran\u00ed, supermercado y alimentos persa en Barcelona. Berberitzen Agracejo Berberos Zereshk Lavashak arroz t\u00e9 nueces y especias.","breadcrumb":{"@id":"https:\/\/nikomand.com\/?product=berberitzen-agracejo-berberos-zereshk#breadcrumb"},"inLanguage":"en-US","potentialAction":[{"@type":"ReadAction","target":["https:\/\/nikomand.com\/?product=berberitzen-agracejo-berberos-zereshk"]}]},{"@type":"ImageObject","inLanguage":"en-US","@id":"https:\/\/nikomand.com\/?product=berberitzen-agracejo-berberos-zereshk#primaryimage","url":"https:\/\/nikomand.com\/wp-content\/uploads\/2024\/01\/Berberitzen-Zereshk-1.jpg","contentUrl":"https:\/\/nikomand.com\/wp-content\/uploads\/2024\/01\/Berberitzen-Zereshk-1.jpg","width":800,"height":800},{"@type":"BreadcrumbList","@id":"https:\/\/nikomand.com\/?product=berberitzen-agracejo-berberos-zereshk#breadcrumb","itemListElement":[{"@type":"ListItem","position":1,"name":"Home","item":"https:\/\/nikomand.com\/"},{"@type":"ListItem","position":2,"name":"Shop","item":"https:\/\/nikomand.com\/"},{"@type":"ListItem","position":3,"name":"A Berberitzen Agracejo Berberos Zereshk 150gr"}]},{"@type":"WebSite","@id":"https:\/\/nikomand.com\/#website","url":"https:\/\/nikomand.com\/","name":"Nikomand Iranian Shop, tienda iran\u00ed, supermercado y alimentos persa en Barcelona","description":"Iranian Shop in Barcelona, tienda irani, Supermarket persian store, safran, rice, tea tienda de productos persa como arroz, t\u00e9, frutos secos, snacks, azafr\u00e1n, comidas en Barcelona, \u200b\u200bEspa\u00f1a","publisher":{"@id":"https:\/\/nikomand.com\/#organization"},"potentialAction":[{"@type":"SearchAction","target":{"@type":"EntryPoint","urlTemplate":"https:\/\/nikomand.com\/?s={search_term_string}"},"query-input":{"@type":"PropertyValueSpecification","valueRequired":true,"valueName":"search_term_string"}}],"inLanguage":"en-US"},{"@type":"Organization","@id":"https:\/\/nikomand.com\/#organization","name":"Nikomand Iranian Shop, tienda iran\u00ed, supermercado y alimentos persa en Barcelona","url":"https:\/\/nikomand.com\/","logo":{"@type":"ImageObject","inLanguage":"en-US","@id":"https:\/\/nikomand.com\/#\/schema\/logo\/image\/","url":"https:\/\/nikomand.com\/wp-content\/uploads\/2025\/01\/Logo-Etiket-Nikomand.jpg","contentUrl":"https:\/\/nikomand.com\/wp-content\/uploads\/2025\/01\/Logo-Etiket-Nikomand.jpg","width":512,"height":512,"caption":"Nikomand Iranian Shop, tienda iran\u00ed, supermercado y alimentos persa en Barcelona"},"image":{"@id":"https:\/\/nikomand.com\/#\/schema\/logo\/image\/"}}]}},"_links":{"self":[{"href":"https:\/\/nikomand.com\/index.php?rest_route=\/wp\/v2\/product\/462","targetHints":{"allow":["GET"]}}],"collection":[{"href":"https:\/\/nikomand.com\/index.php?rest_route=\/wp\/v2\/product"}],"about":[{"href":"https:\/\/nikomand.com\/index.php?rest_route=\/wp\/v2\/types\/product"}],"wp:featuredmedia":[{"embeddable":true,"href":"https:\/\/nikomand.com\/index.php?rest_route=\/wp\/v2\/media\/465"}],"wp:attachment":[{"href":"https:\/\/nikomand.com\/index.php?rest_route=%2Fwp%2Fv2%2Fmedia&parent=462"}],"wp:term":[{"taxonomy":"product_brand","embeddable":true,"href":"https:\/\/nikomand.com\/index.php?rest_route=%2Fwp%2Fv2%2Fproduct_brand&post=462"},{"taxonomy":"product_cat","embeddable":true,"href":"https:\/\/nikomand.com\/index.php?rest_route=%2Fwp%2Fv2%2Fproduct_cat&post=462"},{"taxonomy":"product_tag","embeddable":true,"href":"https:\/\/nikomand.com\/index.php?rest_route=%2Fwp%2Fv2%2Fproduct_tag&post=462"}],"curies":[{"name":"wp","href":"https:\/\/api.w.org\/{rel}","templated":true}]}}