{"id":448,"date":"2024-01-19T02:15:47","date_gmt":"2024-01-19T02:15:47","guid":{"rendered":"https:\/\/nikomarket.com\/?post_type=product&#038;p=448"},"modified":"2026-03-26T12:41:21","modified_gmt":"2026-03-26T12:41:21","slug":"ghormeh-sabzi","status":"publish","type":"product","link":"https:\/\/nikomand.com\/?product=ghormeh-sabzi","title":{"rendered":"A Ghormeh Sabzi khoresht"},"content":{"rendered":"<div class=\"content--title\">Produktinformationen &#8220;Ghormeh Sabzi &#8220;<\/div>\n<div class=\"product--description\">\n<div class=\"product--description\">\n<p>Traditionelles Kr\u00e4utereintopf mit Bohnen (<strong>Ghormeh<\/strong>\u00a0Sabzi)<\/p>\n<p>Ghormehsabzi ist ein Nationalgericht und in Orient sehr beliebt.<\/p>\n<p>Aromatische Kr\u00e4uter mit getrockneten Limetten geben dem Eintopf ein leicht s\u00e4uerlichen Geschmack.<\/p>\n<p>Ghormehsabzi wird mit Reis serviert, zus\u00e4tzlich kann man Lammfreisch hinzuf\u00fcgen oder Vegetarisch genie\u00dfen.<\/p>\n<p>&nbsp;<\/p>\n<\/div>\n<div class=\"product--props notopbotpad\">\n<p><strong>Mindesthaltbarkeit: :\u00a0<\/strong>Mindestens 12 Monate<\/p>\n<\/div>\n<div class=\"product--props notopbotpad\">\n<p><strong>N\u00e4hrwerte:\u00a0<\/strong>(Pro 100 g) Energie: 67 Kcal- Fett: 0,7 g, davon ges\u00e4ttigte Fetts\u00e4ure: 0 g- Cholesterin: 0 g- Eiwei\u00df: 2,85 g- Kohlenhydrate: 12,2 g- Ballaststoffe: 2 g- Natrium: 221 mg- Kalzium: 7 mg- Vit.A.: 6 g- Vit.C: 0 g- Eisen: 1 mg.<\/p>\n<\/div>\n<div class=\"product--props notopbotpad\">\n<p><strong>Zutaten:\u00a0<\/strong>Gebratenes Gem\u00fcse ( Petersilie, Koriander, Lauch, Bockshornklee) Kidneybohnen, Zwiebel,getrocknete Limette, Soja\u00f6l, Salz, Gew\u00fcrze<\/p>\n<\/div>\n<div class=\"product--props notopbotpad\">\n<p><strong>Aufbewahrung:\u00a0<\/strong>An einem k\u00fchlen &amp; trockenen Ort aufbewahren.<\/p>\n<\/div>\n<\/div>\n<div class=\"content--title\">Weiterf\u00fchrende Links zu &#8220;Ghormeh Sabzi &#8220;<\/div>\n","protected":false},"excerpt":{"rendered":"<p>Produktinformationen &#8220;Ghormeh Sabzi &#8220; Traditionelles Kr\u00e4utereintopf mit Bohnen (Ghormeh\u00a0Sabzi) Ghormehsabzi ist ein Nationalgericht und in Orient sehr beliebt. Aromatische Kr\u00e4uter mit getrockneten Limetten geben dem Eintopf ein leicht s\u00e4uerlichen Geschmack. Ghormehsabzi wird mit Reis serviert, zus\u00e4tzlich kann man Lammfreisch hinzuf\u00fcgen oder Vegetarisch genie\u00dfen. &nbsp; Mindesthaltbarkeit: :\u00a0Mindestens 12 Monate N\u00e4hrwerte:\u00a0(Pro 100 g) Energie: 67 Kcal- Fett: [&hellip;]<\/p>\n","protected":false},"featured_media":449,"template":"","meta":[],"product_brand":[],"product_cat":[32],"product_tag":[],"class_list":{"0":"post-448","1":"product","2":"type-product","3":"status-publish","4":"has-post-thumbnail","6":"product_cat-listo-para-comer---","8":"entry","9":"has-media","11":"first","12":"instock","13":"shipping-taxable","14":"purchasable","15":"product-type-simple","16":"has-product-nav","17":"col","18":"span_1_of_3","19":"owp-content-center","20":"owp-thumbs-layout-horizontal","21":"owp-btn-normal","22":"owp-tabs-layout-horizontal"},"yoast_head":"<!-- This site is optimized with the Yoast SEO plugin v27.3 - https:\/\/yoast.com\/product\/yoast-seo-wordpress\/ -->\n<title>A Ghormeh Sabzi khoresht - Nikomand Iranian Shop, tienda iran\u00ed, supermercado y alimentos persa en Barcelona<\/title>\n<meta name=\"robots\" content=\"index, follow, max-snippet:-1, max-image-preview:large, max-video-preview:-1\" \/>\n<link rel=\"canonical\" href=\"https:\/\/nikomand.com\/?product=ghormeh-sabzi\" \/>\n<meta property=\"og:locale\" content=\"en_US\" \/>\n<meta property=\"og:type\" content=\"article\" \/>\n<meta property=\"og:title\" content=\"A Ghormeh Sabzi khoresht - Nikomand Iranian Shop, tienda iran\u00ed, supermercado y alimentos persa en Barcelona\" \/>\n<meta property=\"og:description\" content=\"Produktinformationen &#8220;Ghormeh Sabzi &#8220; Traditionelles Kr\u00e4utereintopf mit Bohnen (Ghormeh\u00a0Sabzi) Ghormehsabzi ist ein Nationalgericht und in Orient sehr beliebt. Aromatische Kr\u00e4uter mit getrockneten Limetten geben dem Eintopf ein leicht s\u00e4uerlichen Geschmack. Ghormehsabzi wird mit Reis serviert, zus\u00e4tzlich kann man Lammfreisch hinzuf\u00fcgen oder Vegetarisch genie\u00dfen. &nbsp; Mindesthaltbarkeit: :\u00a0Mindestens 12 Monate N\u00e4hrwerte:\u00a0(Pro 100 g) Energie: 67 Kcal- Fett: [&hellip;]\" \/>\n<meta property=\"og:url\" content=\"https:\/\/nikomand.com\/?product=ghormeh-sabzi\" \/>\n<meta property=\"og:site_name\" content=\"Nikomand Iranian Shop, tienda iran\u00ed, supermercado y alimentos persa en Barcelona\" \/>\n<meta property=\"article:modified_time\" content=\"2026-03-26T12:41:21+00:00\" \/>\n<meta property=\"og:image\" content=\"https:\/\/nikomand.com\/wp-content\/uploads\/2024\/01\/Bohnen-Ghormeh-Sabzi.jpg\" \/>\n\t<meta property=\"og:image:width\" content=\"1600\" \/>\n\t<meta property=\"og:image:height\" content=\"1446\" \/>\n\t<meta property=\"og:image:type\" content=\"image\/jpeg\" \/>\n<meta name=\"twitter:card\" content=\"summary_large_image\" \/>\n<meta name=\"twitter:label1\" content=\"Est. reading time\" \/>\n\t<meta name=\"twitter:data1\" content=\"1 minute\" \/>\n<script type=\"application\/ld+json\" class=\"yoast-schema-graph\">{\"@context\":\"https:\\\/\\\/schema.org\",\"@graph\":[{\"@type\":\"WebPage\",\"@id\":\"https:\\\/\\\/nikomand.com\\\/?product=ghormeh-sabzi\",\"url\":\"https:\\\/\\\/nikomand.com\\\/?product=ghormeh-sabzi\",\"name\":\"A Ghormeh Sabzi khoresht - Nikomand Iranian Shop, tienda iran\u00ed, supermercado y alimentos persa en Barcelona\",\"isPartOf\":{\"@id\":\"https:\\\/\\\/nikomand.com\\\/#website\"},\"primaryImageOfPage\":{\"@id\":\"https:\\\/\\\/nikomand.com\\\/?product=ghormeh-sabzi#primaryimage\"},\"image\":{\"@id\":\"https:\\\/\\\/nikomand.com\\\/?product=ghormeh-sabzi#primaryimage\"},\"thumbnailUrl\":\"https:\\\/\\\/nikomand.com\\\/wp-content\\\/uploads\\\/2024\\\/01\\\/Bohnen-Ghormeh-Sabzi.jpg\",\"datePublished\":\"2024-01-19T02:15:47+00:00\",\"dateModified\":\"2026-03-26T12:41:21+00:00\",\"breadcrumb\":{\"@id\":\"https:\\\/\\\/nikomand.com\\\/?product=ghormeh-sabzi#breadcrumb\"},\"inLanguage\":\"en-US\",\"potentialAction\":[{\"@type\":\"ReadAction\",\"target\":[\"https:\\\/\\\/nikomand.com\\\/?product=ghormeh-sabzi\"]}]},{\"@type\":\"ImageObject\",\"inLanguage\":\"en-US\",\"@id\":\"https:\\\/\\\/nikomand.com\\\/?product=ghormeh-sabzi#primaryimage\",\"url\":\"https:\\\/\\\/nikomand.com\\\/wp-content\\\/uploads\\\/2024\\\/01\\\/Bohnen-Ghormeh-Sabzi.jpg\",\"contentUrl\":\"https:\\\/\\\/nikomand.com\\\/wp-content\\\/uploads\\\/2024\\\/01\\\/Bohnen-Ghormeh-Sabzi.jpg\",\"width\":1600,\"height\":1446,\"caption\":\"Bohnen-Ghormeh-Sabzi\"},{\"@type\":\"BreadcrumbList\",\"@id\":\"https:\\\/\\\/nikomand.com\\\/?product=ghormeh-sabzi#breadcrumb\",\"itemListElement\":[{\"@type\":\"ListItem\",\"position\":1,\"name\":\"Home\",\"item\":\"https:\\\/\\\/nikomand.com\\\/\"},{\"@type\":\"ListItem\",\"position\":2,\"name\":\"Shop\",\"item\":\"https:\\\/\\\/nikomand.com\\\/\"},{\"@type\":\"ListItem\",\"position\":3,\"name\":\"A Ghormeh Sabzi khoresht\"}]},{\"@type\":\"WebSite\",\"@id\":\"https:\\\/\\\/nikomand.com\\\/#website\",\"url\":\"https:\\\/\\\/nikomand.com\\\/\",\"name\":\"Nikomand Iranian Shop, tienda iran\u00ed, supermercado y alimentos persa en Barcelona\",\"description\":\"Iranian Shop in Barcelona, tienda irani, Supermarket persian store, safran, rice, tea tienda de productos persa como arroz, t\u00e9, frutos secos, snacks, azafr\u00e1n, comidas en Barcelona, \u200b\u200bEspa\u00f1a\",\"publisher\":{\"@id\":\"https:\\\/\\\/nikomand.com\\\/#organization\"},\"potentialAction\":[{\"@type\":\"SearchAction\",\"target\":{\"@type\":\"EntryPoint\",\"urlTemplate\":\"https:\\\/\\\/nikomand.com\\\/?s={search_term_string}\"},\"query-input\":{\"@type\":\"PropertyValueSpecification\",\"valueRequired\":true,\"valueName\":\"search_term_string\"}}],\"inLanguage\":\"en-US\"},{\"@type\":\"Organization\",\"@id\":\"https:\\\/\\\/nikomand.com\\\/#organization\",\"name\":\"Nikomand Iranian Shop, tienda iran\u00ed, supermercado y alimentos persa en Barcelona\",\"url\":\"https:\\\/\\\/nikomand.com\\\/\",\"logo\":{\"@type\":\"ImageObject\",\"inLanguage\":\"en-US\",\"@id\":\"https:\\\/\\\/nikomand.com\\\/#\\\/schema\\\/logo\\\/image\\\/\",\"url\":\"https:\\\/\\\/nikomand.com\\\/wp-content\\\/uploads\\\/2025\\\/01\\\/Logo-Etiket-Nikomand.jpg\",\"contentUrl\":\"https:\\\/\\\/nikomand.com\\\/wp-content\\\/uploads\\\/2025\\\/01\\\/Logo-Etiket-Nikomand.jpg\",\"width\":512,\"height\":512,\"caption\":\"Nikomand Iranian Shop, tienda iran\u00ed, supermercado y alimentos persa en Barcelona\"},\"image\":{\"@id\":\"https:\\\/\\\/nikomand.com\\\/#\\\/schema\\\/logo\\\/image\\\/\"}}]}<\/script>\n<!-- \/ Yoast SEO plugin. -->","yoast_head_json":{"title":"A Ghormeh Sabzi khoresht - Nikomand Iranian Shop, tienda iran\u00ed, supermercado y alimentos persa en Barcelona","robots":{"index":"index","follow":"follow","max-snippet":"max-snippet:-1","max-image-preview":"max-image-preview:large","max-video-preview":"max-video-preview:-1"},"canonical":"https:\/\/nikomand.com\/?product=ghormeh-sabzi","og_locale":"en_US","og_type":"article","og_title":"A Ghormeh Sabzi khoresht - Nikomand Iranian Shop, tienda iran\u00ed, supermercado y alimentos persa en Barcelona","og_description":"Produktinformationen &#8220;Ghormeh Sabzi &#8220; Traditionelles Kr\u00e4utereintopf mit Bohnen (Ghormeh\u00a0Sabzi) Ghormehsabzi ist ein Nationalgericht und in Orient sehr beliebt. Aromatische Kr\u00e4uter mit getrockneten Limetten geben dem Eintopf ein leicht s\u00e4uerlichen Geschmack. Ghormehsabzi wird mit Reis serviert, zus\u00e4tzlich kann man Lammfreisch hinzuf\u00fcgen oder Vegetarisch genie\u00dfen. &nbsp; Mindesthaltbarkeit: :\u00a0Mindestens 12 Monate N\u00e4hrwerte:\u00a0(Pro 100 g) Energie: 67 Kcal- Fett: [&hellip;]","og_url":"https:\/\/nikomand.com\/?product=ghormeh-sabzi","og_site_name":"Nikomand Iranian Shop, tienda iran\u00ed, supermercado y alimentos persa en Barcelona","article_modified_time":"2026-03-26T12:41:21+00:00","og_image":[{"width":1600,"height":1446,"url":"https:\/\/nikomand.com\/wp-content\/uploads\/2024\/01\/Bohnen-Ghormeh-Sabzi.jpg","type":"image\/jpeg"}],"twitter_card":"summary_large_image","twitter_misc":{"Est. reading time":"1 minute"},"schema":{"@context":"https:\/\/schema.org","@graph":[{"@type":"WebPage","@id":"https:\/\/nikomand.com\/?product=ghormeh-sabzi","url":"https:\/\/nikomand.com\/?product=ghormeh-sabzi","name":"A Ghormeh Sabzi khoresht - Nikomand Iranian Shop, tienda iran\u00ed, supermercado y alimentos persa en Barcelona","isPartOf":{"@id":"https:\/\/nikomand.com\/#website"},"primaryImageOfPage":{"@id":"https:\/\/nikomand.com\/?product=ghormeh-sabzi#primaryimage"},"image":{"@id":"https:\/\/nikomand.com\/?product=ghormeh-sabzi#primaryimage"},"thumbnailUrl":"https:\/\/nikomand.com\/wp-content\/uploads\/2024\/01\/Bohnen-Ghormeh-Sabzi.jpg","datePublished":"2024-01-19T02:15:47+00:00","dateModified":"2026-03-26T12:41:21+00:00","breadcrumb":{"@id":"https:\/\/nikomand.com\/?product=ghormeh-sabzi#breadcrumb"},"inLanguage":"en-US","potentialAction":[{"@type":"ReadAction","target":["https:\/\/nikomand.com\/?product=ghormeh-sabzi"]}]},{"@type":"ImageObject","inLanguage":"en-US","@id":"https:\/\/nikomand.com\/?product=ghormeh-sabzi#primaryimage","url":"https:\/\/nikomand.com\/wp-content\/uploads\/2024\/01\/Bohnen-Ghormeh-Sabzi.jpg","contentUrl":"https:\/\/nikomand.com\/wp-content\/uploads\/2024\/01\/Bohnen-Ghormeh-Sabzi.jpg","width":1600,"height":1446,"caption":"Bohnen-Ghormeh-Sabzi"},{"@type":"BreadcrumbList","@id":"https:\/\/nikomand.com\/?product=ghormeh-sabzi#breadcrumb","itemListElement":[{"@type":"ListItem","position":1,"name":"Home","item":"https:\/\/nikomand.com\/"},{"@type":"ListItem","position":2,"name":"Shop","item":"https:\/\/nikomand.com\/"},{"@type":"ListItem","position":3,"name":"A Ghormeh Sabzi khoresht"}]},{"@type":"WebSite","@id":"https:\/\/nikomand.com\/#website","url":"https:\/\/nikomand.com\/","name":"Nikomand Iranian Shop, tienda iran\u00ed, supermercado y alimentos persa en Barcelona","description":"Iranian Shop in Barcelona, tienda irani, Supermarket persian store, safran, rice, tea tienda de productos persa como arroz, t\u00e9, frutos secos, snacks, azafr\u00e1n, comidas en Barcelona, \u200b\u200bEspa\u00f1a","publisher":{"@id":"https:\/\/nikomand.com\/#organization"},"potentialAction":[{"@type":"SearchAction","target":{"@type":"EntryPoint","urlTemplate":"https:\/\/nikomand.com\/?s={search_term_string}"},"query-input":{"@type":"PropertyValueSpecification","valueRequired":true,"valueName":"search_term_string"}}],"inLanguage":"en-US"},{"@type":"Organization","@id":"https:\/\/nikomand.com\/#organization","name":"Nikomand Iranian Shop, tienda iran\u00ed, supermercado y alimentos persa en Barcelona","url":"https:\/\/nikomand.com\/","logo":{"@type":"ImageObject","inLanguage":"en-US","@id":"https:\/\/nikomand.com\/#\/schema\/logo\/image\/","url":"https:\/\/nikomand.com\/wp-content\/uploads\/2025\/01\/Logo-Etiket-Nikomand.jpg","contentUrl":"https:\/\/nikomand.com\/wp-content\/uploads\/2025\/01\/Logo-Etiket-Nikomand.jpg","width":512,"height":512,"caption":"Nikomand Iranian Shop, tienda iran\u00ed, supermercado y alimentos persa en Barcelona"},"image":{"@id":"https:\/\/nikomand.com\/#\/schema\/logo\/image\/"}}]}},"_links":{"self":[{"href":"https:\/\/nikomand.com\/index.php?rest_route=\/wp\/v2\/product\/448","targetHints":{"allow":["GET"]}}],"collection":[{"href":"https:\/\/nikomand.com\/index.php?rest_route=\/wp\/v2\/product"}],"about":[{"href":"https:\/\/nikomand.com\/index.php?rest_route=\/wp\/v2\/types\/product"}],"wp:featuredmedia":[{"embeddable":true,"href":"https:\/\/nikomand.com\/index.php?rest_route=\/wp\/v2\/media\/449"}],"wp:attachment":[{"href":"https:\/\/nikomand.com\/index.php?rest_route=%2Fwp%2Fv2%2Fmedia&parent=448"}],"wp:term":[{"taxonomy":"product_brand","embeddable":true,"href":"https:\/\/nikomand.com\/index.php?rest_route=%2Fwp%2Fv2%2Fproduct_brand&post=448"},{"taxonomy":"product_cat","embeddable":true,"href":"https:\/\/nikomand.com\/index.php?rest_route=%2Fwp%2Fv2%2Fproduct_cat&post=448"},{"taxonomy":"product_tag","embeddable":true,"href":"https:\/\/nikomand.com\/index.php?rest_route=%2Fwp%2Fv2%2Fproduct_tag&post=448"}],"curies":[{"name":"wp","href":"https:\/\/api.w.org\/{rel}","templated":true}]}}