{"id":380,"date":"2024-01-16T22:02:38","date_gmt":"2024-01-16T22:02:38","guid":{"rendered":"https:\/\/nikomarket.com\/?post_type=product&#038;p=380"},"modified":"2026-01-03T21:04:23","modified_gmt":"2026-01-03T21:04:23","slug":"pasta-de-granada-granatapfelsose-robe-anar","status":"publish","type":"product","link":"https:\/\/nikomand.com\/?product=pasta-de-granada-granatapfelsose-robe-anar","title":{"rendered":"A Pasta de granada Granatapfelso\u00dfe Robe Anar"},"content":{"rendered":"<p>La melaza de granada o exprimido de granada es una de las 10 mejores frutas del mundo.<br \/>\nEsta fruta que contiene vitaminas contiene un tipo de compuestos (polifenoles) que reducen el colesterol LDL al reducir la producci\u00f3n de c\u00e9lulas grasas en los vasos sangu\u00edneos.<\/p>\n<p>Melaza de granada es un jarabe agridulce con un lugar valioso en la cocina oriental. Es el adobo principal de todos los platos, adem\u00e1s de en ensaladas y elaboraci\u00f3n de postres.<\/p>\n<p>Granatapfelso\u00dfe- paste (=&#8221;Robe Anar&#8221;), hergestellt von der Firma 1&amp;1.<\/p>\n<p>Granatapfel wird in September-Dezember hergestellt aus nat\u00fcrlichen Granatapfelkonzentrat.<\/p>\n<p>Granatapfelso\u00dfe wird im Iran f\u00fcr die Nationalgerichte &#8220;Fesenjoon&#8221; &amp; &#8220;Kabab Torsh&#8221; verwendet.<\/p>\n<p>Auch als Salatdressig oder zur Marinade von Fleichgerichten oder H\u00e4hnchen kann man Granatapfelso\u00dfe einsetzten.<\/p>\n<p>Geschmach: Sauer<\/p>\n","protected":false},"excerpt":{"rendered":"<p>La melaza de granada o exprimido de granada es una de las 10 mejores frutas del mundo. Esta fruta que contiene vitaminas contiene un tipo de compuestos (polifenoles) que reducen el colesterol LDL al reducir la producci\u00f3n de c\u00e9lulas grasas en los vasos sangu\u00edneos. Melaza de granada es un jarabe agridulce con un lugar valioso [&hellip;]<\/p>\n","protected":false},"featured_media":445,"template":"","meta":[],"product_brand":[],"product_cat":[31],"product_tag":[],"class_list":{"0":"post-380","1":"product","2":"type-product","3":"status-publish","4":"has-post-thumbnail","6":"product_cat-salsa---","8":"entry","9":"has-media","11":"first","12":"instock","13":"shipping-taxable","14":"purchasable","15":"product-type-simple","16":"has-product-nav","17":"col","18":"span_1_of_3","19":"owp-content-center","20":"owp-thumbs-layout-horizontal","21":"owp-btn-normal","22":"owp-tabs-layout-horizontal"},"yoast_head":"<!-- This site is optimized with the Yoast SEO plugin v27.3 - https:\/\/yoast.com\/product\/yoast-seo-wordpress\/ -->\n<title>A Pasta de granada Granatapfelso\u00dfe Robe Anar - Nikomand Iranian Shop, tienda iran\u00ed, supermercado y alimentos persa en Barcelona<\/title>\n<meta name=\"description\" content=\"Pasta de granada Granatapfelso\u00dfe Robe anar o melaza de granada es un jarabe agridulce con un lugar valioso en la cocina oriental. Es el adobo principal de todos los platos, adem\u00e1s de en ensaladas y elaboraci\u00f3n de postres.\" \/>\n<meta name=\"robots\" content=\"index, follow, max-snippet:-1, max-image-preview:large, max-video-preview:-1\" \/>\n<link rel=\"canonical\" href=\"https:\/\/nikomand.com\/?product=pasta-de-granada-granatapfelsose-robe-anar\" \/>\n<meta property=\"og:locale\" content=\"en_US\" \/>\n<meta property=\"og:type\" content=\"article\" \/>\n<meta property=\"og:title\" content=\"A Pasta de granada Granatapfelso\u00dfe Robe Anar - Nikomand Iranian Shop, tienda iran\u00ed, supermercado y alimentos persa en Barcelona\" \/>\n<meta property=\"og:description\" content=\"Pasta de granada Granatapfelso\u00dfe Robe anar o melaza de granada es un jarabe agridulce con un lugar valioso en la cocina oriental. Es el adobo principal de todos los platos, adem\u00e1s de en ensaladas y elaboraci\u00f3n de postres.\" \/>\n<meta property=\"og:url\" content=\"https:\/\/nikomand.com\/?product=pasta-de-granada-granatapfelsose-robe-anar\" \/>\n<meta property=\"og:site_name\" content=\"Nikomand Iranian Shop, tienda iran\u00ed, supermercado y alimentos persa en Barcelona\" \/>\n<meta property=\"article:modified_time\" content=\"2026-01-03T21:04:23+00:00\" \/>\n<meta property=\"og:image\" content=\"https:\/\/nikomand.com\/wp-content\/uploads\/2024\/01\/Granat-s-scaled.jpg\" \/>\n\t<meta property=\"og:image:width\" content=\"2048\" \/>\n\t<meta property=\"og:image:height\" content=\"2560\" \/>\n\t<meta property=\"og:image:type\" content=\"image\/jpeg\" \/>\n<meta name=\"twitter:card\" content=\"summary_large_image\" \/>\n<meta name=\"twitter:label1\" content=\"Est. reading time\" \/>\n\t<meta name=\"twitter:data1\" content=\"1 minute\" \/>\n<script type=\"application\/ld+json\" class=\"yoast-schema-graph\">{\"@context\":\"https:\\\/\\\/schema.org\",\"@graph\":[{\"@type\":\"WebPage\",\"@id\":\"https:\\\/\\\/nikomand.com\\\/?product=pasta-de-granada-granatapfelsose-robe-anar\",\"url\":\"https:\\\/\\\/nikomand.com\\\/?product=pasta-de-granada-granatapfelsose-robe-anar\",\"name\":\"A Pasta de granada Granatapfelso\u00dfe Robe Anar - Nikomand Iranian Shop, tienda iran\u00ed, supermercado y alimentos persa en Barcelona\",\"isPartOf\":{\"@id\":\"https:\\\/\\\/nikomand.com\\\/#website\"},\"primaryImageOfPage\":{\"@id\":\"https:\\\/\\\/nikomand.com\\\/?product=pasta-de-granada-granatapfelsose-robe-anar#primaryimage\"},\"image\":{\"@id\":\"https:\\\/\\\/nikomand.com\\\/?product=pasta-de-granada-granatapfelsose-robe-anar#primaryimage\"},\"thumbnailUrl\":\"https:\\\/\\\/nikomand.com\\\/wp-content\\\/uploads\\\/2024\\\/01\\\/Granat-s-scaled.jpg\",\"datePublished\":\"2024-01-16T22:02:38+00:00\",\"dateModified\":\"2026-01-03T21:04:23+00:00\",\"description\":\"Pasta de granada Granatapfelso\u00dfe Robe anar o melaza de granada es un jarabe agridulce con un lugar valioso en la cocina oriental. Es el adobo principal de todos los platos, adem\u00e1s de en ensaladas y elaboraci\u00f3n de postres.\",\"breadcrumb\":{\"@id\":\"https:\\\/\\\/nikomand.com\\\/?product=pasta-de-granada-granatapfelsose-robe-anar#breadcrumb\"},\"inLanguage\":\"en-US\",\"potentialAction\":[{\"@type\":\"ReadAction\",\"target\":[\"https:\\\/\\\/nikomand.com\\\/?product=pasta-de-granada-granatapfelsose-robe-anar\"]}]},{\"@type\":\"ImageObject\",\"inLanguage\":\"en-US\",\"@id\":\"https:\\\/\\\/nikomand.com\\\/?product=pasta-de-granada-granatapfelsose-robe-anar#primaryimage\",\"url\":\"https:\\\/\\\/nikomand.com\\\/wp-content\\\/uploads\\\/2024\\\/01\\\/Granat-s-scaled.jpg\",\"contentUrl\":\"https:\\\/\\\/nikomand.com\\\/wp-content\\\/uploads\\\/2024\\\/01\\\/Granat-s-scaled.jpg\",\"width\":2048,\"height\":2560},{\"@type\":\"BreadcrumbList\",\"@id\":\"https:\\\/\\\/nikomand.com\\\/?product=pasta-de-granada-granatapfelsose-robe-anar#breadcrumb\",\"itemListElement\":[{\"@type\":\"ListItem\",\"position\":1,\"name\":\"Home\",\"item\":\"https:\\\/\\\/nikomand.com\\\/\"},{\"@type\":\"ListItem\",\"position\":2,\"name\":\"Shop\",\"item\":\"https:\\\/\\\/nikomand.com\\\/\"},{\"@type\":\"ListItem\",\"position\":3,\"name\":\"A Pasta de granada Granatapfelso\u00dfe Robe Anar\"}]},{\"@type\":\"WebSite\",\"@id\":\"https:\\\/\\\/nikomand.com\\\/#website\",\"url\":\"https:\\\/\\\/nikomand.com\\\/\",\"name\":\"Nikomand Iranian Shop, tienda iran\u00ed, supermercado y alimentos persa en Barcelona\",\"description\":\"Iranian Shop in Barcelona, tienda irani, Supermarket persian store, safran, rice, tea tienda de productos persa como arroz, t\u00e9, frutos secos, snacks, azafr\u00e1n, comidas en Barcelona, \u200b\u200bEspa\u00f1a\",\"publisher\":{\"@id\":\"https:\\\/\\\/nikomand.com\\\/#organization\"},\"potentialAction\":[{\"@type\":\"SearchAction\",\"target\":{\"@type\":\"EntryPoint\",\"urlTemplate\":\"https:\\\/\\\/nikomand.com\\\/?s={search_term_string}\"},\"query-input\":{\"@type\":\"PropertyValueSpecification\",\"valueRequired\":true,\"valueName\":\"search_term_string\"}}],\"inLanguage\":\"en-US\"},{\"@type\":\"Organization\",\"@id\":\"https:\\\/\\\/nikomand.com\\\/#organization\",\"name\":\"Nikomand Iranian Shop, tienda iran\u00ed, supermercado y alimentos persa en Barcelona\",\"url\":\"https:\\\/\\\/nikomand.com\\\/\",\"logo\":{\"@type\":\"ImageObject\",\"inLanguage\":\"en-US\",\"@id\":\"https:\\\/\\\/nikomand.com\\\/#\\\/schema\\\/logo\\\/image\\\/\",\"url\":\"https:\\\/\\\/nikomand.com\\\/wp-content\\\/uploads\\\/2025\\\/01\\\/Logo-Etiket-Nikomand.jpg\",\"contentUrl\":\"https:\\\/\\\/nikomand.com\\\/wp-content\\\/uploads\\\/2025\\\/01\\\/Logo-Etiket-Nikomand.jpg\",\"width\":512,\"height\":512,\"caption\":\"Nikomand Iranian Shop, tienda iran\u00ed, supermercado y alimentos persa en Barcelona\"},\"image\":{\"@id\":\"https:\\\/\\\/nikomand.com\\\/#\\\/schema\\\/logo\\\/image\\\/\"}}]}<\/script>\n<!-- \/ Yoast SEO plugin. -->","yoast_head_json":{"title":"A Pasta de granada Granatapfelso\u00dfe Robe Anar - Nikomand Iranian Shop, tienda iran\u00ed, supermercado y alimentos persa en Barcelona","description":"Pasta de granada Granatapfelso\u00dfe Robe anar o melaza de granada es un jarabe agridulce con un lugar valioso en la cocina oriental. Es el adobo principal de todos los platos, adem\u00e1s de en ensaladas y elaboraci\u00f3n de postres.","robots":{"index":"index","follow":"follow","max-snippet":"max-snippet:-1","max-image-preview":"max-image-preview:large","max-video-preview":"max-video-preview:-1"},"canonical":"https:\/\/nikomand.com\/?product=pasta-de-granada-granatapfelsose-robe-anar","og_locale":"en_US","og_type":"article","og_title":"A Pasta de granada Granatapfelso\u00dfe Robe Anar - Nikomand Iranian Shop, tienda iran\u00ed, supermercado y alimentos persa en Barcelona","og_description":"Pasta de granada Granatapfelso\u00dfe Robe anar o melaza de granada es un jarabe agridulce con un lugar valioso en la cocina oriental. Es el adobo principal de todos los platos, adem\u00e1s de en ensaladas y elaboraci\u00f3n de postres.","og_url":"https:\/\/nikomand.com\/?product=pasta-de-granada-granatapfelsose-robe-anar","og_site_name":"Nikomand Iranian Shop, tienda iran\u00ed, supermercado y alimentos persa en Barcelona","article_modified_time":"2026-01-03T21:04:23+00:00","og_image":[{"width":2048,"height":2560,"url":"https:\/\/nikomand.com\/wp-content\/uploads\/2024\/01\/Granat-s-scaled.jpg","type":"image\/jpeg"}],"twitter_card":"summary_large_image","twitter_misc":{"Est. reading time":"1 minute"},"schema":{"@context":"https:\/\/schema.org","@graph":[{"@type":"WebPage","@id":"https:\/\/nikomand.com\/?product=pasta-de-granada-granatapfelsose-robe-anar","url":"https:\/\/nikomand.com\/?product=pasta-de-granada-granatapfelsose-robe-anar","name":"A Pasta de granada Granatapfelso\u00dfe Robe Anar - Nikomand Iranian Shop, tienda iran\u00ed, supermercado y alimentos persa en Barcelona","isPartOf":{"@id":"https:\/\/nikomand.com\/#website"},"primaryImageOfPage":{"@id":"https:\/\/nikomand.com\/?product=pasta-de-granada-granatapfelsose-robe-anar#primaryimage"},"image":{"@id":"https:\/\/nikomand.com\/?product=pasta-de-granada-granatapfelsose-robe-anar#primaryimage"},"thumbnailUrl":"https:\/\/nikomand.com\/wp-content\/uploads\/2024\/01\/Granat-s-scaled.jpg","datePublished":"2024-01-16T22:02:38+00:00","dateModified":"2026-01-03T21:04:23+00:00","description":"Pasta de granada Granatapfelso\u00dfe Robe anar o melaza de granada es un jarabe agridulce con un lugar valioso en la cocina oriental. Es el adobo principal de todos los platos, adem\u00e1s de en ensaladas y elaboraci\u00f3n de postres.","breadcrumb":{"@id":"https:\/\/nikomand.com\/?product=pasta-de-granada-granatapfelsose-robe-anar#breadcrumb"},"inLanguage":"en-US","potentialAction":[{"@type":"ReadAction","target":["https:\/\/nikomand.com\/?product=pasta-de-granada-granatapfelsose-robe-anar"]}]},{"@type":"ImageObject","inLanguage":"en-US","@id":"https:\/\/nikomand.com\/?product=pasta-de-granada-granatapfelsose-robe-anar#primaryimage","url":"https:\/\/nikomand.com\/wp-content\/uploads\/2024\/01\/Granat-s-scaled.jpg","contentUrl":"https:\/\/nikomand.com\/wp-content\/uploads\/2024\/01\/Granat-s-scaled.jpg","width":2048,"height":2560},{"@type":"BreadcrumbList","@id":"https:\/\/nikomand.com\/?product=pasta-de-granada-granatapfelsose-robe-anar#breadcrumb","itemListElement":[{"@type":"ListItem","position":1,"name":"Home","item":"https:\/\/nikomand.com\/"},{"@type":"ListItem","position":2,"name":"Shop","item":"https:\/\/nikomand.com\/"},{"@type":"ListItem","position":3,"name":"A Pasta de granada Granatapfelso\u00dfe Robe Anar"}]},{"@type":"WebSite","@id":"https:\/\/nikomand.com\/#website","url":"https:\/\/nikomand.com\/","name":"Nikomand Iranian Shop, tienda iran\u00ed, supermercado y alimentos persa en Barcelona","description":"Iranian Shop in Barcelona, tienda irani, Supermarket persian store, safran, rice, tea tienda de productos persa como arroz, t\u00e9, frutos secos, snacks, azafr\u00e1n, comidas en Barcelona, \u200b\u200bEspa\u00f1a","publisher":{"@id":"https:\/\/nikomand.com\/#organization"},"potentialAction":[{"@type":"SearchAction","target":{"@type":"EntryPoint","urlTemplate":"https:\/\/nikomand.com\/?s={search_term_string}"},"query-input":{"@type":"PropertyValueSpecification","valueRequired":true,"valueName":"search_term_string"}}],"inLanguage":"en-US"},{"@type":"Organization","@id":"https:\/\/nikomand.com\/#organization","name":"Nikomand Iranian Shop, tienda iran\u00ed, supermercado y alimentos persa en Barcelona","url":"https:\/\/nikomand.com\/","logo":{"@type":"ImageObject","inLanguage":"en-US","@id":"https:\/\/nikomand.com\/#\/schema\/logo\/image\/","url":"https:\/\/nikomand.com\/wp-content\/uploads\/2025\/01\/Logo-Etiket-Nikomand.jpg","contentUrl":"https:\/\/nikomand.com\/wp-content\/uploads\/2025\/01\/Logo-Etiket-Nikomand.jpg","width":512,"height":512,"caption":"Nikomand Iranian Shop, tienda iran\u00ed, supermercado y alimentos persa en Barcelona"},"image":{"@id":"https:\/\/nikomand.com\/#\/schema\/logo\/image\/"}}]}},"_links":{"self":[{"href":"https:\/\/nikomand.com\/index.php?rest_route=\/wp\/v2\/product\/380","targetHints":{"allow":["GET"]}}],"collection":[{"href":"https:\/\/nikomand.com\/index.php?rest_route=\/wp\/v2\/product"}],"about":[{"href":"https:\/\/nikomand.com\/index.php?rest_route=\/wp\/v2\/types\/product"}],"wp:featuredmedia":[{"embeddable":true,"href":"https:\/\/nikomand.com\/index.php?rest_route=\/wp\/v2\/media\/445"}],"wp:attachment":[{"href":"https:\/\/nikomand.com\/index.php?rest_route=%2Fwp%2Fv2%2Fmedia&parent=380"}],"wp:term":[{"taxonomy":"product_brand","embeddable":true,"href":"https:\/\/nikomand.com\/index.php?rest_route=%2Fwp%2Fv2%2Fproduct_brand&post=380"},{"taxonomy":"product_cat","embeddable":true,"href":"https:\/\/nikomand.com\/index.php?rest_route=%2Fwp%2Fv2%2Fproduct_cat&post=380"},{"taxonomy":"product_tag","embeddable":true,"href":"https:\/\/nikomand.com\/index.php?rest_route=%2Fwp%2Fv2%2Fproduct_tag&post=380"}],"curies":[{"name":"wp","href":"https:\/\/api.w.org\/{rel}","templated":true}]}}