{"id":38,"date":"2023-12-01T18:36:36","date_gmt":"2023-12-01T18:36:36","guid":{"rendered":"https:\/\/nikomarket.com\/?post_type=product&#038;p=38"},"modified":"2026-01-10T14:20:19","modified_gmt":"2026-01-10T14:20:19","slug":"dooghe-gazdar","status":"publish","type":"product","link":"https:\/\/nikomand.com\/?product=dooghe-gazdar","title":{"rendered":"A Doogh Dough Gazdar Batido de yogur con Gas y Menta 1,5 L"},"content":{"rendered":"<div class=\"product--description\">\n<p>Doogh ist eine Mischung mit Joghurt, Molke, Minze und kohlens\u00e4urehaltigem Wasser.<\/p>\n<p>Doogh geh\u00f6rt zu einen der \u00e4ltesten Getr\u00e4nken der Welt, ist erfrischend-s\u00e4uerlich und wird meistens als Beigetr\u00e4nk beim Essen serviert.<\/p>\n<p>Doogh ist in Deutschland unter den Namen &#8220;Ayran&#8221; bekannt, die persische Ayran &#8220;Doogh&#8221; unterscheidet sich normalerweise durch die Kohlens\u00e4ure und Joghurtanteil.<\/p>\n<\/div>\n<div class=\"product--props notopbotpad\">\n<p><strong>Zutaten: <\/strong> Wasser, Joghurt aus Kuhmilch, Salz, Destillat aus Minze, Kohlens\u00e4ure, nat\u00fcrlicher Zitronensaft<\/p>\n<figure id=\"attachment_1982\" aria-describedby=\"caption-attachment-1982\" style=\"width: 300px\" class=\"wp-caption alignnone\"><img fetchpriority=\"high\" decoding=\"async\" class=\"size-medium wp-image-1982\" src=\"https:\/\/nikomand.com\/wp-content\/uploads\/2023\/12\/Dough-doogh-300x300.jpg\" alt=\"A Doogh Dough Gazdar Batido de yogur con Gas y Menta 500ml barcelona supermercado irani nikomand\" width=\"300\" height=\"300\" srcset=\"https:\/\/nikomand.com\/wp-content\/uploads\/2023\/12\/Dough-doogh-300x300.jpg 300w, https:\/\/nikomand.com\/wp-content\/uploads\/2023\/12\/Dough-doogh-1024x1022.jpg 1024w, https:\/\/nikomand.com\/wp-content\/uploads\/2023\/12\/Dough-doogh-150x150.jpg 150w, https:\/\/nikomand.com\/wp-content\/uploads\/2023\/12\/Dough-doogh-768x767.jpg 768w, https:\/\/nikomand.com\/wp-content\/uploads\/2023\/12\/Dough-doogh-600x600.jpg 600w, https:\/\/nikomand.com\/wp-content\/uploads\/2023\/12\/Dough-doogh-200x200.jpg 200w, https:\/\/nikomand.com\/wp-content\/uploads\/2023\/12\/Dough-doogh-100x100.jpg 100w, https:\/\/nikomand.com\/wp-content\/uploads\/2023\/12\/Dough-doogh.jpg 1280w\" sizes=\"(max-width: 300px) 100vw, 300px\" \/><figcaption id=\"caption-attachment-1982\" class=\"wp-caption-text\">A Doogh Dough Gazdar Batido de yogur con Gas y Menta 500ml barcelona supermercado irani nikomand<\/figcaption><\/figure>\n<\/div>\n","protected":false},"excerpt":{"rendered":"<div class=\"product--price price--unit\"><span class=\"price--label label--purchase-unit\"> Inhalt: <\/span> 1.5 Liter <span class=\"is--nowrap\"> (<span class=\"price_and_currency\">1,67\u00a0\u20ac <\/span> \/ <span class=\"price_unit_relation\">1 Liter<\/span>) <\/span><\/div>\n<div class=\"product--delivery notopbotpad\">\n<p><strong>Artikel-Nr.:<\/strong> 2612037<\/p>\n<\/div>\n<div class=\"product--delivery\">\n<p class=\"delivery--information\"><span class=\"delivery--text delivery--text-available\"> Lieferzeit: ca. 1-5 Werktage <\/span><\/p>\n<\/div>\n","protected":false},"featured_media":74,"template":"","meta":[],"product_brand":[],"product_cat":[26],"product_tag":[],"class_list":{"0":"post-38","1":"product","2":"type-product","3":"status-publish","4":"has-post-thumbnail","6":"product_cat-getranke--","8":"entry","9":"has-media","11":"first","12":"instock","13":"shipping-taxable","14":"purchasable","15":"product-type-simple","16":"has-product-nav","17":"col","18":"span_1_of_3","19":"owp-content-center","20":"owp-thumbs-layout-horizontal","21":"owp-btn-normal","22":"owp-tabs-layout-horizontal"},"yoast_head":"<!-- This site is optimized with the Yoast SEO plugin v27.3 - https:\/\/yoast.com\/product\/yoast-seo-wordpress\/ -->\n<title>A Doogh Dough Gazdar Batido de yogur con Gas y Menta 1,5 L - Nikomand Iranian Shop, tienda iran\u00ed, supermercado y alimentos persa en Barcelona<\/title>\n<meta name=\"description\" content=\"A Doogh Dough Gazdar Batido de yogur con Gas y Menta 1,5L barcelona supermercado irani nikomand\" \/>\n<meta name=\"robots\" content=\"index, follow, max-snippet:-1, max-image-preview:large, max-video-preview:-1\" \/>\n<link rel=\"canonical\" href=\"https:\/\/nikomand.com\/?product=dooghe-gazdar\" \/>\n<meta property=\"og:locale\" content=\"en_US\" \/>\n<meta property=\"og:type\" content=\"article\" \/>\n<meta property=\"og:title\" content=\"A Doogh Dough Gazdar Batido de yogur con Gas y Menta 1,5 L - Nikomand Iranian Shop, tienda iran\u00ed, supermercado y alimentos persa en Barcelona\" \/>\n<meta property=\"og:description\" content=\"A Doogh Dough Gazdar Batido de yogur con Gas y Menta 1,5L barcelona supermercado irani nikomand\" \/>\n<meta property=\"og:url\" content=\"https:\/\/nikomand.com\/?product=dooghe-gazdar\" \/>\n<meta property=\"og:site_name\" content=\"Nikomand Iranian Shop, tienda iran\u00ed, supermercado y alimentos persa en Barcelona\" \/>\n<meta property=\"article:modified_time\" content=\"2026-01-10T14:20:19+00:00\" \/>\n<meta property=\"og:image\" content=\"https:\/\/nikomand.com\/wp-content\/uploads\/2023\/12\/alwand-dough_25.jpg\" \/>\n\t<meta property=\"og:image:width\" content=\"480\" \/>\n\t<meta property=\"og:image:height\" content=\"600\" \/>\n\t<meta property=\"og:image:type\" content=\"image\/jpeg\" \/>\n<meta name=\"twitter:card\" content=\"summary_large_image\" \/>\n<meta name=\"twitter:label1\" content=\"Est. reading time\" \/>\n\t<meta name=\"twitter:data1\" content=\"1 minute\" \/>\n<script type=\"application\/ld+json\" class=\"yoast-schema-graph\">{\"@context\":\"https:\\\/\\\/schema.org\",\"@graph\":[{\"@type\":\"WebPage\",\"@id\":\"https:\\\/\\\/nikomand.com\\\/?product=dooghe-gazdar\",\"url\":\"https:\\\/\\\/nikomand.com\\\/?product=dooghe-gazdar\",\"name\":\"A Doogh Dough Gazdar Batido de yogur con Gas y Menta 1,5 L - Nikomand Iranian Shop, tienda iran\u00ed, supermercado y alimentos persa en Barcelona\",\"isPartOf\":{\"@id\":\"https:\\\/\\\/nikomand.com\\\/#website\"},\"primaryImageOfPage\":{\"@id\":\"https:\\\/\\\/nikomand.com\\\/?product=dooghe-gazdar#primaryimage\"},\"image\":{\"@id\":\"https:\\\/\\\/nikomand.com\\\/?product=dooghe-gazdar#primaryimage\"},\"thumbnailUrl\":\"https:\\\/\\\/nikomand.com\\\/wp-content\\\/uploads\\\/2023\\\/12\\\/alwand-dough_25.jpg\",\"datePublished\":\"2023-12-01T18:36:36+00:00\",\"dateModified\":\"2026-01-10T14:20:19+00:00\",\"description\":\"A Doogh Dough Gazdar Batido de yogur con Gas y Menta 1,5L barcelona supermercado irani nikomand\",\"breadcrumb\":{\"@id\":\"https:\\\/\\\/nikomand.com\\\/?product=dooghe-gazdar#breadcrumb\"},\"inLanguage\":\"en-US\",\"potentialAction\":[{\"@type\":\"ReadAction\",\"target\":[\"https:\\\/\\\/nikomand.com\\\/?product=dooghe-gazdar\"]}]},{\"@type\":\"ImageObject\",\"inLanguage\":\"en-US\",\"@id\":\"https:\\\/\\\/nikomand.com\\\/?product=dooghe-gazdar#primaryimage\",\"url\":\"https:\\\/\\\/nikomand.com\\\/wp-content\\\/uploads\\\/2023\\\/12\\\/alwand-dough_25.jpg\",\"contentUrl\":\"https:\\\/\\\/nikomand.com\\\/wp-content\\\/uploads\\\/2023\\\/12\\\/alwand-dough_25.jpg\",\"width\":480,\"height\":600},{\"@type\":\"BreadcrumbList\",\"@id\":\"https:\\\/\\\/nikomand.com\\\/?product=dooghe-gazdar#breadcrumb\",\"itemListElement\":[{\"@type\":\"ListItem\",\"position\":1,\"name\":\"Home\",\"item\":\"https:\\\/\\\/nikomand.com\\\/\"},{\"@type\":\"ListItem\",\"position\":2,\"name\":\"Shop\",\"item\":\"https:\\\/\\\/nikomand.com\\\/\"},{\"@type\":\"ListItem\",\"position\":3,\"name\":\"A Doogh Dough Gazdar Batido de yogur con Gas y Menta 1,5 L\"}]},{\"@type\":\"WebSite\",\"@id\":\"https:\\\/\\\/nikomand.com\\\/#website\",\"url\":\"https:\\\/\\\/nikomand.com\\\/\",\"name\":\"Nikomand Iranian Shop, tienda iran\u00ed, supermercado y alimentos persa en Barcelona\",\"description\":\"Iranian Shop in Barcelona, tienda irani, Supermarket persian store, safran, rice, tea tienda de productos persa como arroz, t\u00e9, frutos secos, snacks, azafr\u00e1n, comidas en Barcelona, \u200b\u200bEspa\u00f1a\",\"publisher\":{\"@id\":\"https:\\\/\\\/nikomand.com\\\/#organization\"},\"potentialAction\":[{\"@type\":\"SearchAction\",\"target\":{\"@type\":\"EntryPoint\",\"urlTemplate\":\"https:\\\/\\\/nikomand.com\\\/?s={search_term_string}\"},\"query-input\":{\"@type\":\"PropertyValueSpecification\",\"valueRequired\":true,\"valueName\":\"search_term_string\"}}],\"inLanguage\":\"en-US\"},{\"@type\":\"Organization\",\"@id\":\"https:\\\/\\\/nikomand.com\\\/#organization\",\"name\":\"Nikomand Iranian Shop, tienda iran\u00ed, supermercado y alimentos persa en Barcelona\",\"url\":\"https:\\\/\\\/nikomand.com\\\/\",\"logo\":{\"@type\":\"ImageObject\",\"inLanguage\":\"en-US\",\"@id\":\"https:\\\/\\\/nikomand.com\\\/#\\\/schema\\\/logo\\\/image\\\/\",\"url\":\"https:\\\/\\\/nikomand.com\\\/wp-content\\\/uploads\\\/2025\\\/01\\\/Logo-Etiket-Nikomand.jpg\",\"contentUrl\":\"https:\\\/\\\/nikomand.com\\\/wp-content\\\/uploads\\\/2025\\\/01\\\/Logo-Etiket-Nikomand.jpg\",\"width\":512,\"height\":512,\"caption\":\"Nikomand Iranian Shop, tienda iran\u00ed, supermercado y alimentos persa en Barcelona\"},\"image\":{\"@id\":\"https:\\\/\\\/nikomand.com\\\/#\\\/schema\\\/logo\\\/image\\\/\"}}]}<\/script>\n<!-- \/ Yoast SEO plugin. -->","yoast_head_json":{"title":"A Doogh Dough Gazdar Batido de yogur con Gas y Menta 1,5 L - Nikomand Iranian Shop, tienda iran\u00ed, supermercado y alimentos persa en Barcelona","description":"A Doogh Dough Gazdar Batido de yogur con Gas y Menta 1,5L barcelona supermercado irani nikomand","robots":{"index":"index","follow":"follow","max-snippet":"max-snippet:-1","max-image-preview":"max-image-preview:large","max-video-preview":"max-video-preview:-1"},"canonical":"https:\/\/nikomand.com\/?product=dooghe-gazdar","og_locale":"en_US","og_type":"article","og_title":"A Doogh Dough Gazdar Batido de yogur con Gas y Menta 1,5 L - Nikomand Iranian Shop, tienda iran\u00ed, supermercado y alimentos persa en Barcelona","og_description":"A Doogh Dough Gazdar Batido de yogur con Gas y Menta 1,5L barcelona supermercado irani nikomand","og_url":"https:\/\/nikomand.com\/?product=dooghe-gazdar","og_site_name":"Nikomand Iranian Shop, tienda iran\u00ed, supermercado y alimentos persa en Barcelona","article_modified_time":"2026-01-10T14:20:19+00:00","og_image":[{"width":480,"height":600,"url":"https:\/\/nikomand.com\/wp-content\/uploads\/2023\/12\/alwand-dough_25.jpg","type":"image\/jpeg"}],"twitter_card":"summary_large_image","twitter_misc":{"Est. reading time":"1 minute"},"schema":{"@context":"https:\/\/schema.org","@graph":[{"@type":"WebPage","@id":"https:\/\/nikomand.com\/?product=dooghe-gazdar","url":"https:\/\/nikomand.com\/?product=dooghe-gazdar","name":"A Doogh Dough Gazdar Batido de yogur con Gas y Menta 1,5 L - Nikomand Iranian Shop, tienda iran\u00ed, supermercado y alimentos persa en Barcelona","isPartOf":{"@id":"https:\/\/nikomand.com\/#website"},"primaryImageOfPage":{"@id":"https:\/\/nikomand.com\/?product=dooghe-gazdar#primaryimage"},"image":{"@id":"https:\/\/nikomand.com\/?product=dooghe-gazdar#primaryimage"},"thumbnailUrl":"https:\/\/nikomand.com\/wp-content\/uploads\/2023\/12\/alwand-dough_25.jpg","datePublished":"2023-12-01T18:36:36+00:00","dateModified":"2026-01-10T14:20:19+00:00","description":"A Doogh Dough Gazdar Batido de yogur con Gas y Menta 1,5L barcelona supermercado irani nikomand","breadcrumb":{"@id":"https:\/\/nikomand.com\/?product=dooghe-gazdar#breadcrumb"},"inLanguage":"en-US","potentialAction":[{"@type":"ReadAction","target":["https:\/\/nikomand.com\/?product=dooghe-gazdar"]}]},{"@type":"ImageObject","inLanguage":"en-US","@id":"https:\/\/nikomand.com\/?product=dooghe-gazdar#primaryimage","url":"https:\/\/nikomand.com\/wp-content\/uploads\/2023\/12\/alwand-dough_25.jpg","contentUrl":"https:\/\/nikomand.com\/wp-content\/uploads\/2023\/12\/alwand-dough_25.jpg","width":480,"height":600},{"@type":"BreadcrumbList","@id":"https:\/\/nikomand.com\/?product=dooghe-gazdar#breadcrumb","itemListElement":[{"@type":"ListItem","position":1,"name":"Home","item":"https:\/\/nikomand.com\/"},{"@type":"ListItem","position":2,"name":"Shop","item":"https:\/\/nikomand.com\/"},{"@type":"ListItem","position":3,"name":"A Doogh Dough Gazdar Batido de yogur con Gas y Menta 1,5 L"}]},{"@type":"WebSite","@id":"https:\/\/nikomand.com\/#website","url":"https:\/\/nikomand.com\/","name":"Nikomand Iranian Shop, tienda iran\u00ed, supermercado y alimentos persa en Barcelona","description":"Iranian Shop in Barcelona, tienda irani, Supermarket persian store, safran, rice, tea tienda de productos persa como arroz, t\u00e9, frutos secos, snacks, azafr\u00e1n, comidas en Barcelona, \u200b\u200bEspa\u00f1a","publisher":{"@id":"https:\/\/nikomand.com\/#organization"},"potentialAction":[{"@type":"SearchAction","target":{"@type":"EntryPoint","urlTemplate":"https:\/\/nikomand.com\/?s={search_term_string}"},"query-input":{"@type":"PropertyValueSpecification","valueRequired":true,"valueName":"search_term_string"}}],"inLanguage":"en-US"},{"@type":"Organization","@id":"https:\/\/nikomand.com\/#organization","name":"Nikomand Iranian Shop, tienda iran\u00ed, supermercado y alimentos persa en Barcelona","url":"https:\/\/nikomand.com\/","logo":{"@type":"ImageObject","inLanguage":"en-US","@id":"https:\/\/nikomand.com\/#\/schema\/logo\/image\/","url":"https:\/\/nikomand.com\/wp-content\/uploads\/2025\/01\/Logo-Etiket-Nikomand.jpg","contentUrl":"https:\/\/nikomand.com\/wp-content\/uploads\/2025\/01\/Logo-Etiket-Nikomand.jpg","width":512,"height":512,"caption":"Nikomand Iranian Shop, tienda iran\u00ed, supermercado y alimentos persa en Barcelona"},"image":{"@id":"https:\/\/nikomand.com\/#\/schema\/logo\/image\/"}}]}},"_links":{"self":[{"href":"https:\/\/nikomand.com\/index.php?rest_route=\/wp\/v2\/product\/38","targetHints":{"allow":["GET"]}}],"collection":[{"href":"https:\/\/nikomand.com\/index.php?rest_route=\/wp\/v2\/product"}],"about":[{"href":"https:\/\/nikomand.com\/index.php?rest_route=\/wp\/v2\/types\/product"}],"wp:featuredmedia":[{"embeddable":true,"href":"https:\/\/nikomand.com\/index.php?rest_route=\/wp\/v2\/media\/74"}],"wp:attachment":[{"href":"https:\/\/nikomand.com\/index.php?rest_route=%2Fwp%2Fv2%2Fmedia&parent=38"}],"wp:term":[{"taxonomy":"product_brand","embeddable":true,"href":"https:\/\/nikomand.com\/index.php?rest_route=%2Fwp%2Fv2%2Fproduct_brand&post=38"},{"taxonomy":"product_cat","embeddable":true,"href":"https:\/\/nikomand.com\/index.php?rest_route=%2Fwp%2Fv2%2Fproduct_cat&post=38"},{"taxonomy":"product_tag","embeddable":true,"href":"https:\/\/nikomand.com\/index.php?rest_route=%2Fwp%2Fv2%2Fproduct_tag&post=38"}],"curies":[{"name":"wp","href":"https:\/\/api.w.org\/{rel}","templated":true}]}}