{"id":37,"date":"2023-12-01T18:36:36","date_gmt":"2023-12-01T18:36:36","guid":{"rendered":"https:\/\/nikomarket.com\/?post_type=product&#038;p=37"},"modified":"2024-03-30T18:02:43","modified_gmt":"2024-03-30T18:02:43","slug":"knoblauch-pulver","status":"publish","type":"product","link":"https:\/\/nikomand.com\/?product=knoblauch-pulver","title":{"rendered":"Knoblauch Pulver"},"content":{"rendered":"<div class=\"product--description\">\n<p>Knoblauchpulver mit praktischer Dosierdeckel von Firma &#8220;Sin Sin&#8221;.<\/p>\n<p>Geschmack: Intensiv, W\u00fcrzig, Aromatisch<\/p>\n<p>Landesk\u00fcche: International<\/p>\n<\/div>\n<div class=\"product--props notopbotpad\">\n<p><strong>Mindesthaltbarkeit: : <\/strong> Mindestens 12 Monate<\/p>\n<\/div>\n<div class=\"product--props notopbotpad\">\n<p><strong>N\u00e4hrwerte: <\/strong> ohne Geschmacksverst\u00e4rker, ohne k\u00fcnstliche Zusatzstoffe, ohne Gluten<\/p>\n<\/div>\n<div class=\"product--props notopbotpad\">\n<p><strong>Zutaten: <\/strong> Knoblauch<\/p>\n<\/div>\n<div class=\"product--props notopbotpad\">\n<p><strong>Aufbewahrung: <\/strong> Trocken und vor Sonnenlicht gesch\u00fctzt lagern.<\/p>\n<\/div>\n","protected":false},"excerpt":{"rendered":"<div class=\"product--delivery\">\n<div class=\"woocommerce-product-details__short-description\">\n<div class=\"product--price price--unit\"><span class=\"price--label label--purchase-unit\"> Inhalt: <\/span> 100 Gramm <span class=\"is--nowrap\"> (<span class=\"price_and_currency\">0,20 \u20ac <\/span> \/ <span class=\"price_unit_relation\">10 Gramm<\/span>) <\/span><\/div>\n<div class=\"product--delivery notopbotpad\">\n<p><strong>Artikel-Nr.: 2612032<\/strong><\/p>\n<\/div>\n<div class=\"product--delivery\">\n<p class=\"delivery--information\"><span class=\"delivery--text delivery--text-available\"> Lieferzeit: ca. 1-5 Werktage <\/span><\/p>\n<\/div>\n<\/div>\n<\/div>\n","protected":false},"featured_media":73,"template":"","meta":[],"product_brand":[],"product_cat":[22],"product_tag":[],"class_list":{"0":"post-37","1":"product","2":"type-product","3":"status-publish","4":"has-post-thumbnail","6":"product_cat-gewurze--","8":"entry","9":"has-media","11":"first","12":"instock","13":"shipping-taxable","14":"purchasable","15":"product-type-simple","16":"has-product-nav","17":"col","18":"span_1_of_3","19":"owp-content-center","20":"owp-thumbs-layout-horizontal","21":"owp-btn-normal","22":"owp-tabs-layout-horizontal","23":"has-no-thumbnails"},"yoast_head":"<!-- This site is optimized with the Yoast SEO plugin v27.3 - https:\/\/yoast.com\/product\/yoast-seo-wordpress\/ -->\n<title>Knoblauch Pulver - Nikomand Iranian Shop, tienda iran\u00ed, supermercado y alimentos persa en Barcelona<\/title>\n<meta name=\"description\" content=\"tienda de alimentaci\u00f3n iran\u00ed \u0641\u0631\u0648\u0634\u06af\u0627\u0647 \u063a\u0630\u0627\u0647\u0627\u06cc \u0627\u06cc\u0631\u0627\u0646\u06cc \u0634\u0627\u0645\u0644 \u0627\u0646\u0648\u0627\u0639 \u0622\u062c\u06cc\u0644\u060c \u062e\u0634\u06a9\u0628\u0627\u0631\u060c \u0628\u0631\u0646\u062c\u060c \u0632\u0639\u0641\u0631\u0627\u0646\u060c \u0686\u0627\u06cc\u060c \u0639\u0633\u0644\u060c \u06a9\u0646\u0633\u0631\u0648 \u0648 \u0645\u062d\u0635\u0648\u0644\u0627\u062a \u0627\u06cc\u0631\u0627\u0646\u06cc \u0648 \u0627\u0633\u067e\u0627\u0646\u06cc\u0627\u06cc\u06cc \u0645\u06cc \u0628\u0627\u0634\u062f.\" \/>\n<meta name=\"robots\" content=\"index, follow, max-snippet:-1, max-image-preview:large, max-video-preview:-1\" \/>\n<link rel=\"canonical\" href=\"https:\/\/nikomand.com\/?product=knoblauch-pulver\" \/>\n<meta property=\"og:locale\" content=\"en_US\" \/>\n<meta property=\"og:type\" content=\"article\" \/>\n<meta property=\"og:title\" content=\"Knoblauch Pulver - Nikomand Iranian Shop, tienda iran\u00ed, supermercado y alimentos persa en Barcelona\" \/>\n<meta property=\"og:description\" content=\"tienda de alimentaci\u00f3n iran\u00ed \u0641\u0631\u0648\u0634\u06af\u0627\u0647 \u063a\u0630\u0627\u0647\u0627\u06cc \u0627\u06cc\u0631\u0627\u0646\u06cc \u0634\u0627\u0645\u0644 \u0627\u0646\u0648\u0627\u0639 \u0622\u062c\u06cc\u0644\u060c \u062e\u0634\u06a9\u0628\u0627\u0631\u060c \u0628\u0631\u0646\u062c\u060c \u0632\u0639\u0641\u0631\u0627\u0646\u060c \u0686\u0627\u06cc\u060c \u0639\u0633\u0644\u060c \u06a9\u0646\u0633\u0631\u0648 \u0648 \u0645\u062d\u0635\u0648\u0644\u0627\u062a \u0627\u06cc\u0631\u0627\u0646\u06cc \u0648 \u0627\u0633\u067e\u0627\u0646\u06cc\u0627\u06cc\u06cc \u0645\u06cc \u0628\u0627\u0634\u062f.\" \/>\n<meta property=\"og:url\" content=\"https:\/\/nikomand.com\/?product=knoblauch-pulver\" \/>\n<meta property=\"og:site_name\" content=\"Nikomand Iranian Shop, tienda iran\u00ed, supermercado y alimentos persa en Barcelona\" \/>\n<meta property=\"article:modified_time\" content=\"2024-03-30T18:02:43+00:00\" \/>\n<meta property=\"og:image\" content=\"https:\/\/nikomand.com\/wp-content\/uploads\/2023\/12\/Knoblauch.jpg\" \/>\n\t<meta property=\"og:image:width\" content=\"201\" \/>\n\t<meta property=\"og:image:height\" content=\"251\" \/>\n\t<meta property=\"og:image:type\" content=\"image\/jpeg\" \/>\n<meta name=\"twitter:card\" content=\"summary_large_image\" \/>\n<meta name=\"twitter:label1\" content=\"Est. reading time\" \/>\n\t<meta name=\"twitter:data1\" content=\"1 minute\" \/>\n<script type=\"application\/ld+json\" class=\"yoast-schema-graph\">{\"@context\":\"https:\\\/\\\/schema.org\",\"@graph\":[{\"@type\":\"WebPage\",\"@id\":\"https:\\\/\\\/nikomand.com\\\/?product=knoblauch-pulver\",\"url\":\"https:\\\/\\\/nikomand.com\\\/?product=knoblauch-pulver\",\"name\":\"Knoblauch Pulver - Nikomand Iranian Shop, tienda iran\u00ed, supermercado y alimentos persa en Barcelona\",\"isPartOf\":{\"@id\":\"https:\\\/\\\/nikomand.com\\\/#website\"},\"primaryImageOfPage\":{\"@id\":\"https:\\\/\\\/nikomand.com\\\/?product=knoblauch-pulver#primaryimage\"},\"image\":{\"@id\":\"https:\\\/\\\/nikomand.com\\\/?product=knoblauch-pulver#primaryimage\"},\"thumbnailUrl\":\"https:\\\/\\\/nikomand.com\\\/wp-content\\\/uploads\\\/2023\\\/12\\\/Knoblauch.jpg\",\"datePublished\":\"2023-12-01T18:36:36+00:00\",\"dateModified\":\"2024-03-30T18:02:43+00:00\",\"description\":\"tienda de alimentaci\u00f3n iran\u00ed \u0641\u0631\u0648\u0634\u06af\u0627\u0647 \u063a\u0630\u0627\u0647\u0627\u06cc \u0627\u06cc\u0631\u0627\u0646\u06cc \u0634\u0627\u0645\u0644 \u0627\u0646\u0648\u0627\u0639 \u0622\u062c\u06cc\u0644\u060c \u062e\u0634\u06a9\u0628\u0627\u0631\u060c \u0628\u0631\u0646\u062c\u060c \u0632\u0639\u0641\u0631\u0627\u0646\u060c \u0686\u0627\u06cc\u060c \u0639\u0633\u0644\u060c \u06a9\u0646\u0633\u0631\u0648 \u0648 \u0645\u062d\u0635\u0648\u0644\u0627\u062a \u0627\u06cc\u0631\u0627\u0646\u06cc \u0648 \u0627\u0633\u067e\u0627\u0646\u06cc\u0627\u06cc\u06cc \u0645\u06cc \u0628\u0627\u0634\u062f.\",\"breadcrumb\":{\"@id\":\"https:\\\/\\\/nikomand.com\\\/?product=knoblauch-pulver#breadcrumb\"},\"inLanguage\":\"en-US\",\"potentialAction\":[{\"@type\":\"ReadAction\",\"target\":[\"https:\\\/\\\/nikomand.com\\\/?product=knoblauch-pulver\"]}]},{\"@type\":\"ImageObject\",\"inLanguage\":\"en-US\",\"@id\":\"https:\\\/\\\/nikomand.com\\\/?product=knoblauch-pulver#primaryimage\",\"url\":\"https:\\\/\\\/nikomand.com\\\/wp-content\\\/uploads\\\/2023\\\/12\\\/Knoblauch.jpg\",\"contentUrl\":\"https:\\\/\\\/nikomand.com\\\/wp-content\\\/uploads\\\/2023\\\/12\\\/Knoblauch.jpg\",\"width\":201,\"height\":251},{\"@type\":\"BreadcrumbList\",\"@id\":\"https:\\\/\\\/nikomand.com\\\/?product=knoblauch-pulver#breadcrumb\",\"itemListElement\":[{\"@type\":\"ListItem\",\"position\":1,\"name\":\"Home\",\"item\":\"https:\\\/\\\/nikomand.com\\\/\"},{\"@type\":\"ListItem\",\"position\":2,\"name\":\"Shop\",\"item\":\"https:\\\/\\\/nikomand.com\\\/\"},{\"@type\":\"ListItem\",\"position\":3,\"name\":\"Knoblauch Pulver\"}]},{\"@type\":\"WebSite\",\"@id\":\"https:\\\/\\\/nikomand.com\\\/#website\",\"url\":\"https:\\\/\\\/nikomand.com\\\/\",\"name\":\"Nikomand Iranian Shop, tienda iran\u00ed, supermercado y alimentos persa en Barcelona\",\"description\":\"Iranian Shop in Barcelona, tienda irani, Supermarket persian store, safran, rice, tea tienda de productos persa como arroz, t\u00e9, frutos secos, snacks, azafr\u00e1n, comidas en Barcelona, \u200b\u200bEspa\u00f1a\",\"publisher\":{\"@id\":\"https:\\\/\\\/nikomand.com\\\/#organization\"},\"potentialAction\":[{\"@type\":\"SearchAction\",\"target\":{\"@type\":\"EntryPoint\",\"urlTemplate\":\"https:\\\/\\\/nikomand.com\\\/?s={search_term_string}\"},\"query-input\":{\"@type\":\"PropertyValueSpecification\",\"valueRequired\":true,\"valueName\":\"search_term_string\"}}],\"inLanguage\":\"en-US\"},{\"@type\":\"Organization\",\"@id\":\"https:\\\/\\\/nikomand.com\\\/#organization\",\"name\":\"Nikomand Iranian Shop, tienda iran\u00ed, supermercado y alimentos persa en Barcelona\",\"url\":\"https:\\\/\\\/nikomand.com\\\/\",\"logo\":{\"@type\":\"ImageObject\",\"inLanguage\":\"en-US\",\"@id\":\"https:\\\/\\\/nikomand.com\\\/#\\\/schema\\\/logo\\\/image\\\/\",\"url\":\"https:\\\/\\\/nikomand.com\\\/wp-content\\\/uploads\\\/2025\\\/01\\\/Logo-Etiket-Nikomand.jpg\",\"contentUrl\":\"https:\\\/\\\/nikomand.com\\\/wp-content\\\/uploads\\\/2025\\\/01\\\/Logo-Etiket-Nikomand.jpg\",\"width\":512,\"height\":512,\"caption\":\"Nikomand Iranian Shop, tienda iran\u00ed, supermercado y alimentos persa en Barcelona\"},\"image\":{\"@id\":\"https:\\\/\\\/nikomand.com\\\/#\\\/schema\\\/logo\\\/image\\\/\"}}]}<\/script>\n<!-- \/ Yoast SEO plugin. -->","yoast_head_json":{"title":"Knoblauch Pulver - Nikomand Iranian Shop, tienda iran\u00ed, supermercado y alimentos persa en Barcelona","description":"tienda de alimentaci\u00f3n iran\u00ed \u0641\u0631\u0648\u0634\u06af\u0627\u0647 \u063a\u0630\u0627\u0647\u0627\u06cc \u0627\u06cc\u0631\u0627\u0646\u06cc \u0634\u0627\u0645\u0644 \u0627\u0646\u0648\u0627\u0639 \u0622\u062c\u06cc\u0644\u060c \u062e\u0634\u06a9\u0628\u0627\u0631\u060c \u0628\u0631\u0646\u062c\u060c \u0632\u0639\u0641\u0631\u0627\u0646\u060c \u0686\u0627\u06cc\u060c \u0639\u0633\u0644\u060c \u06a9\u0646\u0633\u0631\u0648 \u0648 \u0645\u062d\u0635\u0648\u0644\u0627\u062a \u0627\u06cc\u0631\u0627\u0646\u06cc \u0648 \u0627\u0633\u067e\u0627\u0646\u06cc\u0627\u06cc\u06cc \u0645\u06cc \u0628\u0627\u0634\u062f.","robots":{"index":"index","follow":"follow","max-snippet":"max-snippet:-1","max-image-preview":"max-image-preview:large","max-video-preview":"max-video-preview:-1"},"canonical":"https:\/\/nikomand.com\/?product=knoblauch-pulver","og_locale":"en_US","og_type":"article","og_title":"Knoblauch Pulver - Nikomand Iranian Shop, tienda iran\u00ed, supermercado y alimentos persa en Barcelona","og_description":"tienda de alimentaci\u00f3n iran\u00ed \u0641\u0631\u0648\u0634\u06af\u0627\u0647 \u063a\u0630\u0627\u0647\u0627\u06cc \u0627\u06cc\u0631\u0627\u0646\u06cc \u0634\u0627\u0645\u0644 \u0627\u0646\u0648\u0627\u0639 \u0622\u062c\u06cc\u0644\u060c \u062e\u0634\u06a9\u0628\u0627\u0631\u060c \u0628\u0631\u0646\u062c\u060c \u0632\u0639\u0641\u0631\u0627\u0646\u060c \u0686\u0627\u06cc\u060c \u0639\u0633\u0644\u060c \u06a9\u0646\u0633\u0631\u0648 \u0648 \u0645\u062d\u0635\u0648\u0644\u0627\u062a \u0627\u06cc\u0631\u0627\u0646\u06cc \u0648 \u0627\u0633\u067e\u0627\u0646\u06cc\u0627\u06cc\u06cc \u0645\u06cc \u0628\u0627\u0634\u062f.","og_url":"https:\/\/nikomand.com\/?product=knoblauch-pulver","og_site_name":"Nikomand Iranian Shop, tienda iran\u00ed, supermercado y alimentos persa en Barcelona","article_modified_time":"2024-03-30T18:02:43+00:00","og_image":[{"width":201,"height":251,"url":"https:\/\/nikomand.com\/wp-content\/uploads\/2023\/12\/Knoblauch.jpg","type":"image\/jpeg"}],"twitter_card":"summary_large_image","twitter_misc":{"Est. reading time":"1 minute"},"schema":{"@context":"https:\/\/schema.org","@graph":[{"@type":"WebPage","@id":"https:\/\/nikomand.com\/?product=knoblauch-pulver","url":"https:\/\/nikomand.com\/?product=knoblauch-pulver","name":"Knoblauch Pulver - Nikomand Iranian Shop, tienda iran\u00ed, supermercado y alimentos persa en Barcelona","isPartOf":{"@id":"https:\/\/nikomand.com\/#website"},"primaryImageOfPage":{"@id":"https:\/\/nikomand.com\/?product=knoblauch-pulver#primaryimage"},"image":{"@id":"https:\/\/nikomand.com\/?product=knoblauch-pulver#primaryimage"},"thumbnailUrl":"https:\/\/nikomand.com\/wp-content\/uploads\/2023\/12\/Knoblauch.jpg","datePublished":"2023-12-01T18:36:36+00:00","dateModified":"2024-03-30T18:02:43+00:00","description":"tienda de alimentaci\u00f3n iran\u00ed \u0641\u0631\u0648\u0634\u06af\u0627\u0647 \u063a\u0630\u0627\u0647\u0627\u06cc \u0627\u06cc\u0631\u0627\u0646\u06cc \u0634\u0627\u0645\u0644 \u0627\u0646\u0648\u0627\u0639 \u0622\u062c\u06cc\u0644\u060c \u062e\u0634\u06a9\u0628\u0627\u0631\u060c \u0628\u0631\u0646\u062c\u060c \u0632\u0639\u0641\u0631\u0627\u0646\u060c \u0686\u0627\u06cc\u060c \u0639\u0633\u0644\u060c \u06a9\u0646\u0633\u0631\u0648 \u0648 \u0645\u062d\u0635\u0648\u0644\u0627\u062a \u0627\u06cc\u0631\u0627\u0646\u06cc \u0648 \u0627\u0633\u067e\u0627\u0646\u06cc\u0627\u06cc\u06cc \u0645\u06cc \u0628\u0627\u0634\u062f.","breadcrumb":{"@id":"https:\/\/nikomand.com\/?product=knoblauch-pulver#breadcrumb"},"inLanguage":"en-US","potentialAction":[{"@type":"ReadAction","target":["https:\/\/nikomand.com\/?product=knoblauch-pulver"]}]},{"@type":"ImageObject","inLanguage":"en-US","@id":"https:\/\/nikomand.com\/?product=knoblauch-pulver#primaryimage","url":"https:\/\/nikomand.com\/wp-content\/uploads\/2023\/12\/Knoblauch.jpg","contentUrl":"https:\/\/nikomand.com\/wp-content\/uploads\/2023\/12\/Knoblauch.jpg","width":201,"height":251},{"@type":"BreadcrumbList","@id":"https:\/\/nikomand.com\/?product=knoblauch-pulver#breadcrumb","itemListElement":[{"@type":"ListItem","position":1,"name":"Home","item":"https:\/\/nikomand.com\/"},{"@type":"ListItem","position":2,"name":"Shop","item":"https:\/\/nikomand.com\/"},{"@type":"ListItem","position":3,"name":"Knoblauch Pulver"}]},{"@type":"WebSite","@id":"https:\/\/nikomand.com\/#website","url":"https:\/\/nikomand.com\/","name":"Nikomand Iranian Shop, tienda iran\u00ed, supermercado y alimentos persa en Barcelona","description":"Iranian Shop in Barcelona, tienda irani, Supermarket persian store, safran, rice, tea tienda de productos persa como arroz, t\u00e9, frutos secos, snacks, azafr\u00e1n, comidas en Barcelona, \u200b\u200bEspa\u00f1a","publisher":{"@id":"https:\/\/nikomand.com\/#organization"},"potentialAction":[{"@type":"SearchAction","target":{"@type":"EntryPoint","urlTemplate":"https:\/\/nikomand.com\/?s={search_term_string}"},"query-input":{"@type":"PropertyValueSpecification","valueRequired":true,"valueName":"search_term_string"}}],"inLanguage":"en-US"},{"@type":"Organization","@id":"https:\/\/nikomand.com\/#organization","name":"Nikomand Iranian Shop, tienda iran\u00ed, supermercado y alimentos persa en Barcelona","url":"https:\/\/nikomand.com\/","logo":{"@type":"ImageObject","inLanguage":"en-US","@id":"https:\/\/nikomand.com\/#\/schema\/logo\/image\/","url":"https:\/\/nikomand.com\/wp-content\/uploads\/2025\/01\/Logo-Etiket-Nikomand.jpg","contentUrl":"https:\/\/nikomand.com\/wp-content\/uploads\/2025\/01\/Logo-Etiket-Nikomand.jpg","width":512,"height":512,"caption":"Nikomand Iranian Shop, tienda iran\u00ed, supermercado y alimentos persa en Barcelona"},"image":{"@id":"https:\/\/nikomand.com\/#\/schema\/logo\/image\/"}}]}},"_links":{"self":[{"href":"https:\/\/nikomand.com\/index.php?rest_route=\/wp\/v2\/product\/37","targetHints":{"allow":["GET"]}}],"collection":[{"href":"https:\/\/nikomand.com\/index.php?rest_route=\/wp\/v2\/product"}],"about":[{"href":"https:\/\/nikomand.com\/index.php?rest_route=\/wp\/v2\/types\/product"}],"wp:featuredmedia":[{"embeddable":true,"href":"https:\/\/nikomand.com\/index.php?rest_route=\/wp\/v2\/media\/73"}],"wp:attachment":[{"href":"https:\/\/nikomand.com\/index.php?rest_route=%2Fwp%2Fv2%2Fmedia&parent=37"}],"wp:term":[{"taxonomy":"product_brand","embeddable":true,"href":"https:\/\/nikomand.com\/index.php?rest_route=%2Fwp%2Fv2%2Fproduct_brand&post=37"},{"taxonomy":"product_cat","embeddable":true,"href":"https:\/\/nikomand.com\/index.php?rest_route=%2Fwp%2Fv2%2Fproduct_cat&post=37"},{"taxonomy":"product_tag","embeddable":true,"href":"https:\/\/nikomand.com\/index.php?rest_route=%2Fwp%2Fv2%2Fproduct_tag&post=37"}],"curies":[{"name":"wp","href":"https:\/\/api.w.org\/{rel}","templated":true}]}}