{"id":22,"date":"2023-12-01T18:36:35","date_gmt":"2023-12-01T18:36:35","guid":{"rendered":"https:\/\/nikomarket.com\/?post_type=product&#038;p=22"},"modified":"2026-01-04T17:44:39","modified_gmt":"2026-01-04T17:44:39","slug":"nabaat-kandis-mit-safran","status":"publish","type":"product","link":"https:\/\/nikomand.com\/?product=nabaat-kandis-mit-safran","title":{"rendered":"A Nabaat Azucer Kandis mit Safran"},"content":{"rendered":"<div class=\"product--price price--unit\"><span class=\"price--label label--purchase-unit\"> Inhalt: 30<\/span>0 Gramm <span class=\"is--nowrap\"> (2<span class=\"price_and_currency\">,33 \u20ac <\/span> \/ <span class=\"price_unit_relation\">100 Gramm<\/span>) <\/span><\/div>\n<div class=\"product--delivery notopbotpad\">\n<p><strong>Artikel-Nr.:<\/strong> 222054<\/p>\n<\/div>\n<div class=\"product--delivery\">\n<p class=\"delivery--information\"><span class=\"delivery--text delivery--text-available\"> Lieferzeit: ca. 1-5 Werktage <\/span><\/p>\n<\/div>\n","protected":false},"excerpt":{"rendered":"<div class=\"product--description\">\n<p>Persischer Kandis oder Nabat hergestellt mit Safran<\/p>\n<p>Original iranischer Kandis wird als s\u00fc\u00dfungsmittel f\u00fcr Tee genutzt.<\/p>\n<p>Kandis wird im Iran traditionell bei Magenbeschwerden, aufgel\u00f6st in hei\u00dfem Wasser oder Tee getrunken.<\/p>\n<\/div>\n<div class=\"product--props notopbotpad\">\n<p><strong>Mindesthaltbarkeit: : <\/strong> Mindestens 12 Monate<\/p>\n<\/div>\n<div class=\"product--props notopbotpad\">\n<p><strong>Zutaten: <\/strong> Zucker, Wasser, Safran<\/p>\n<\/div>\n<div class=\"product--props notopbotpad\">\n<p><strong>Aufbewahrung: <\/strong> K\u00fchl &amp; Trocken aufbewahren<\/p>\n<\/div>\n","protected":false},"featured_media":56,"template":"","meta":[],"product_brand":[],"product_cat":[21],"product_tag":[],"class_list":{"0":"post-22","1":"product","2":"type-product","3":"status-publish","4":"has-post-thumbnail","6":"product_cat-susigkeiten----","8":"entry","9":"has-media","11":"first","12":"instock","13":"shipping-taxable","14":"purchasable","15":"product-type-simple","16":"has-product-nav","17":"col","18":"span_1_of_3","19":"owp-content-center","20":"owp-thumbs-layout-horizontal","21":"owp-btn-normal","22":"owp-tabs-layout-horizontal"},"yoast_head":"<!-- This site is optimized with the Yoast SEO plugin v27.6 - https:\/\/yoast.com\/product\/yoast-seo-wordpress\/ -->\n<title>A Nabaat Azucer Kandis mit Safran - Nikomand Trading SL. Iranian Shop Comida irani en Barcelona<\/title>\n<meta name=\"robots\" content=\"index, follow, max-snippet:-1, max-image-preview:large, max-video-preview:-1\" \/>\n<link rel=\"canonical\" href=\"https:\/\/nikomand.com\/?product=nabaat-kandis-mit-safran\" \/>\n<meta property=\"og:locale\" content=\"en_US\" \/>\n<meta property=\"og:type\" content=\"article\" \/>\n<meta property=\"og:title\" content=\"A Nabaat Azucer Kandis mit Safran - Nikomand Trading SL. Iranian Shop Comida irani en Barcelona\" \/>\n<meta property=\"og:description\" content=\"Persischer Kandis oder Nabat hergestellt mit Safran  Original iranischer Kandis wird als s\u00fc\u00dfungsmittel f\u00fcr Tee genutzt.  Kandis wird im Iran traditionell bei Magenbeschwerden, aufgel\u00f6st in hei\u00dfem Wasser oder Tee getrunken.     Mindesthaltbarkeit: : Mindestens 12 Monate     Zutaten: Zucker, Wasser, Safran     Aufbewahrung: K\u00fchl &amp; Trocken aufbewahren\" \/>\n<meta property=\"og:url\" content=\"https:\/\/nikomand.com\/?product=nabaat-kandis-mit-safran\" \/>\n<meta property=\"og:site_name\" content=\"Nikomand Trading SL. Iranian Shop Comida irani en Barcelona\" \/>\n<meta property=\"article:modified_time\" content=\"2026-01-04T17:44:39+00:00\" \/>\n<meta property=\"og:image\" content=\"https:\/\/nikomand.com\/wp-content\/uploads\/2023\/12\/nabate-bozorg_1306.jpg\" \/>\n\t<meta property=\"og:image:width\" content=\"640\" \/>\n\t<meta property=\"og:image:height\" content=\"480\" \/>\n\t<meta property=\"og:image:type\" content=\"image\/jpeg\" \/>\n<meta name=\"twitter:card\" content=\"summary_large_image\" \/>\n<script type=\"application\/ld+json\" class=\"yoast-schema-graph\">{\"@context\":\"https:\\\/\\\/schema.org\",\"@graph\":[{\"@type\":\"WebPage\",\"@id\":\"https:\\\/\\\/nikomand.com\\\/?product=nabaat-kandis-mit-safran\",\"url\":\"https:\\\/\\\/nikomand.com\\\/?product=nabaat-kandis-mit-safran\",\"name\":\"A Nabaat Azucer Kandis mit Safran - Nikomand Trading SL. Iranian Shop Comida irani en Barcelona\",\"isPartOf\":{\"@id\":\"https:\\\/\\\/nikomand.com\\\/#website\"},\"primaryImageOfPage\":{\"@id\":\"https:\\\/\\\/nikomand.com\\\/?product=nabaat-kandis-mit-safran#primaryimage\"},\"image\":{\"@id\":\"https:\\\/\\\/nikomand.com\\\/?product=nabaat-kandis-mit-safran#primaryimage\"},\"thumbnailUrl\":\"https:\\\/\\\/nikomand.com\\\/wp-content\\\/uploads\\\/2023\\\/12\\\/nabate-bozorg_1306.jpg\",\"datePublished\":\"2023-12-01T18:36:35+00:00\",\"dateModified\":\"2026-01-04T17:44:39+00:00\",\"breadcrumb\":{\"@id\":\"https:\\\/\\\/nikomand.com\\\/?product=nabaat-kandis-mit-safran#breadcrumb\"},\"inLanguage\":\"en-US\",\"potentialAction\":[{\"@type\":\"ReadAction\",\"target\":[\"https:\\\/\\\/nikomand.com\\\/?product=nabaat-kandis-mit-safran\"]}]},{\"@type\":\"ImageObject\",\"inLanguage\":\"en-US\",\"@id\":\"https:\\\/\\\/nikomand.com\\\/?product=nabaat-kandis-mit-safran#primaryimage\",\"url\":\"https:\\\/\\\/nikomand.com\\\/wp-content\\\/uploads\\\/2023\\\/12\\\/nabate-bozorg_1306.jpg\",\"contentUrl\":\"https:\\\/\\\/nikomand.com\\\/wp-content\\\/uploads\\\/2023\\\/12\\\/nabate-bozorg_1306.jpg\",\"width\":640,\"height\":480},{\"@type\":\"BreadcrumbList\",\"@id\":\"https:\\\/\\\/nikomand.com\\\/?product=nabaat-kandis-mit-safran#breadcrumb\",\"itemListElement\":[{\"@type\":\"ListItem\",\"position\":1,\"name\":\"Home\",\"item\":\"https:\\\/\\\/nikomand.com\\\/\"},{\"@type\":\"ListItem\",\"position\":2,\"name\":\"Shop\",\"item\":\"https:\\\/\\\/nikomand.com\\\/\"},{\"@type\":\"ListItem\",\"position\":3,\"name\":\"A Nabaat Azucer Kandis mit Safran\"}]},{\"@type\":\"WebSite\",\"@id\":\"https:\\\/\\\/nikomand.com\\\/#website\",\"url\":\"https:\\\/\\\/nikomand.com\\\/\",\"name\":\"Nikomand Trading SL. Iranian Shop Comida irani en Barcelona\",\"description\":\"Iranian Shop in Barcelona, tienda irani, Supermarket persian store, safran, rice, tea tienda de productos persa como arroz, t\u00e9, frutos secos, snacks, azafr\u00e1n, comida irani en Barcelona, \u200b\u200bEspa\u00f1a\",\"publisher\":{\"@id\":\"https:\\\/\\\/nikomand.com\\\/#organization\"},\"potentialAction\":[{\"@type\":\"SearchAction\",\"target\":{\"@type\":\"EntryPoint\",\"urlTemplate\":\"https:\\\/\\\/nikomand.com\\\/?s={search_term_string}\"},\"query-input\":{\"@type\":\"PropertyValueSpecification\",\"valueRequired\":true,\"valueName\":\"search_term_string\"}}],\"inLanguage\":\"en-US\"},{\"@type\":\"Organization\",\"@id\":\"https:\\\/\\\/nikomand.com\\\/#organization\",\"name\":\"Nikomand Trading SL. Iranian Shop Comida irani en Barcelona\",\"url\":\"https:\\\/\\\/nikomand.com\\\/\",\"logo\":{\"@type\":\"ImageObject\",\"inLanguage\":\"en-US\",\"@id\":\"https:\\\/\\\/nikomand.com\\\/#\\\/schema\\\/logo\\\/image\\\/\",\"url\":\"https:\\\/\\\/nikomand.com\\\/wp-content\\\/uploads\\\/2025\\\/01\\\/Logo-Etiket-Nikomand.jpg\",\"contentUrl\":\"https:\\\/\\\/nikomand.com\\\/wp-content\\\/uploads\\\/2025\\\/01\\\/Logo-Etiket-Nikomand.jpg\",\"width\":512,\"height\":512,\"caption\":\"Nikomand Trading SL. Iranian Shop Comida irani en Barcelona\"},\"image\":{\"@id\":\"https:\\\/\\\/nikomand.com\\\/#\\\/schema\\\/logo\\\/image\\\/\"}}]}<\/script>\n<!-- \/ Yoast SEO plugin. -->","yoast_head_json":{"title":"A Nabaat Azucer Kandis mit Safran - Nikomand Trading SL. Iranian Shop Comida irani en Barcelona","robots":{"index":"index","follow":"follow","max-snippet":"max-snippet:-1","max-image-preview":"max-image-preview:large","max-video-preview":"max-video-preview:-1"},"canonical":"https:\/\/nikomand.com\/?product=nabaat-kandis-mit-safran","og_locale":"en_US","og_type":"article","og_title":"A Nabaat Azucer Kandis mit Safran - Nikomand Trading SL. Iranian Shop Comida irani en Barcelona","og_description":"Persischer Kandis oder Nabat hergestellt mit Safran  Original iranischer Kandis wird als s\u00fc\u00dfungsmittel f\u00fcr Tee genutzt.  Kandis wird im Iran traditionell bei Magenbeschwerden, aufgel\u00f6st in hei\u00dfem Wasser oder Tee getrunken.     Mindesthaltbarkeit: : Mindestens 12 Monate     Zutaten: Zucker, Wasser, Safran     Aufbewahrung: K\u00fchl &amp; Trocken aufbewahren","og_url":"https:\/\/nikomand.com\/?product=nabaat-kandis-mit-safran","og_site_name":"Nikomand Trading SL. Iranian Shop Comida irani en Barcelona","article_modified_time":"2026-01-04T17:44:39+00:00","og_image":[{"width":640,"height":480,"url":"https:\/\/nikomand.com\/wp-content\/uploads\/2023\/12\/nabate-bozorg_1306.jpg","type":"image\/jpeg"}],"twitter_card":"summary_large_image","schema":{"@context":"https:\/\/schema.org","@graph":[{"@type":"WebPage","@id":"https:\/\/nikomand.com\/?product=nabaat-kandis-mit-safran","url":"https:\/\/nikomand.com\/?product=nabaat-kandis-mit-safran","name":"A Nabaat Azucer Kandis mit Safran - Nikomand Trading SL. Iranian Shop Comida irani en Barcelona","isPartOf":{"@id":"https:\/\/nikomand.com\/#website"},"primaryImageOfPage":{"@id":"https:\/\/nikomand.com\/?product=nabaat-kandis-mit-safran#primaryimage"},"image":{"@id":"https:\/\/nikomand.com\/?product=nabaat-kandis-mit-safran#primaryimage"},"thumbnailUrl":"https:\/\/nikomand.com\/wp-content\/uploads\/2023\/12\/nabate-bozorg_1306.jpg","datePublished":"2023-12-01T18:36:35+00:00","dateModified":"2026-01-04T17:44:39+00:00","breadcrumb":{"@id":"https:\/\/nikomand.com\/?product=nabaat-kandis-mit-safran#breadcrumb"},"inLanguage":"en-US","potentialAction":[{"@type":"ReadAction","target":["https:\/\/nikomand.com\/?product=nabaat-kandis-mit-safran"]}]},{"@type":"ImageObject","inLanguage":"en-US","@id":"https:\/\/nikomand.com\/?product=nabaat-kandis-mit-safran#primaryimage","url":"https:\/\/nikomand.com\/wp-content\/uploads\/2023\/12\/nabate-bozorg_1306.jpg","contentUrl":"https:\/\/nikomand.com\/wp-content\/uploads\/2023\/12\/nabate-bozorg_1306.jpg","width":640,"height":480},{"@type":"BreadcrumbList","@id":"https:\/\/nikomand.com\/?product=nabaat-kandis-mit-safran#breadcrumb","itemListElement":[{"@type":"ListItem","position":1,"name":"Home","item":"https:\/\/nikomand.com\/"},{"@type":"ListItem","position":2,"name":"Shop","item":"https:\/\/nikomand.com\/"},{"@type":"ListItem","position":3,"name":"A Nabaat Azucer Kandis mit Safran"}]},{"@type":"WebSite","@id":"https:\/\/nikomand.com\/#website","url":"https:\/\/nikomand.com\/","name":"Nikomand Trading SL. Iranian Shop Comida irani en Barcelona","description":"Iranian Shop in Barcelona, tienda irani, Supermarket persian store, safran, rice, tea tienda de productos persa como arroz, t\u00e9, frutos secos, snacks, azafr\u00e1n, comida irani en Barcelona, \u200b\u200bEspa\u00f1a","publisher":{"@id":"https:\/\/nikomand.com\/#organization"},"potentialAction":[{"@type":"SearchAction","target":{"@type":"EntryPoint","urlTemplate":"https:\/\/nikomand.com\/?s={search_term_string}"},"query-input":{"@type":"PropertyValueSpecification","valueRequired":true,"valueName":"search_term_string"}}],"inLanguage":"en-US"},{"@type":"Organization","@id":"https:\/\/nikomand.com\/#organization","name":"Nikomand Trading SL. Iranian Shop Comida irani en Barcelona","url":"https:\/\/nikomand.com\/","logo":{"@type":"ImageObject","inLanguage":"en-US","@id":"https:\/\/nikomand.com\/#\/schema\/logo\/image\/","url":"https:\/\/nikomand.com\/wp-content\/uploads\/2025\/01\/Logo-Etiket-Nikomand.jpg","contentUrl":"https:\/\/nikomand.com\/wp-content\/uploads\/2025\/01\/Logo-Etiket-Nikomand.jpg","width":512,"height":512,"caption":"Nikomand Trading SL. Iranian Shop Comida irani en Barcelona"},"image":{"@id":"https:\/\/nikomand.com\/#\/schema\/logo\/image\/"}}]}},"_links":{"self":[{"href":"https:\/\/nikomand.com\/index.php?rest_route=\/wp\/v2\/product\/22","targetHints":{"allow":["GET"]}}],"collection":[{"href":"https:\/\/nikomand.com\/index.php?rest_route=\/wp\/v2\/product"}],"about":[{"href":"https:\/\/nikomand.com\/index.php?rest_route=\/wp\/v2\/types\/product"}],"wp:featuredmedia":[{"embeddable":true,"href":"https:\/\/nikomand.com\/index.php?rest_route=\/wp\/v2\/media\/56"}],"wp:attachment":[{"href":"https:\/\/nikomand.com\/index.php?rest_route=%2Fwp%2Fv2%2Fmedia&parent=22"}],"wp:term":[{"taxonomy":"product_brand","embeddable":true,"href":"https:\/\/nikomand.com\/index.php?rest_route=%2Fwp%2Fv2%2Fproduct_brand&post=22"},{"taxonomy":"product_cat","embeddable":true,"href":"https:\/\/nikomand.com\/index.php?rest_route=%2Fwp%2Fv2%2Fproduct_cat&post=22"},{"taxonomy":"product_tag","embeddable":true,"href":"https:\/\/nikomand.com\/index.php?rest_route=%2Fwp%2Fv2%2Fproduct_tag&post=22"}],"curies":[{"name":"wp","href":"https:\/\/api.w.org\/{rel}","templated":true}]}}