{"id":1864,"date":"2026-01-03T13:28:42","date_gmt":"2026-01-03T13:28:42","guid":{"rendered":"https:\/\/nikomand.com\/?post_type=product&#038;p=1864"},"modified":"2026-01-03T15:10:13","modified_gmt":"2026-01-03T15:10:13","slug":"flor-de-borraja-borage-gole-gavzaban-infusion-25g-%da%af%d9%84-%da%af%d8%a7%d9%88%d8%b2%d8%a8%d8%a7%d9%86","status":"publish","type":"product","link":"https:\/\/nikomand.com\/?product=flor-de-borraja-borage-gole-gavzaban-infusion-25g-%da%af%d9%84-%da%af%d8%a7%d9%88%d8%b2%d8%a8%d8%a7%d9%86","title":{"rendered":"Flor de borraja borage Gole Gavzaban infusion  25g  \u06af\u0644 \u06af\u0627\u0648\u0632\u0628\u0627\u0646"},"content":{"rendered":"<p style=\"text-align: right;\">\u06af\u0644 \u06af\u0627\u0648\u0632\u0628\u0627\u0646 \u0627\u06cc\u0631\u0627\u0646\u06cc\u060c \u062f\u0627\u0631\u0627\u06cc \u062a\u0623\u062b\u06cc\u0631\u0627\u062a \u0645\u062e\u062a\u0644\u0641 \u062f\u0627\u0631\u0648\u06cc\u06cc \u0648 \u062f\u0631\u0645\u0627\u0646\u06cc \u0627\u0633\u062a. \u0627\u06cc\u0646 \u06af\u06cc\u0627\u0647\u060c <a title=\"\u0636\u062f\u0627\u0644\u062a\u0647\u0627\u0628\" href=\"https:\/\/fa.wikipedia.org\/wiki\/%D8%B6%D8%AF%D8%A7%D9%84%D8%AA%D9%87%D8%A7%D8%A8\">\u0636\u062f\u0627\u0644\u062a\u0647\u0627\u0628<\/a>\u060c <a title=\"\u0632\u06cc\u0633\u062a\u200c\u06a9\u0634\" href=\"https:\/\/fa.wikipedia.org\/wiki\/%D8%B2%DB%8C%D8%B3%D8%AA%E2%80%8C%DA%A9%D8%B4\">\u0636\u062f\u0645\u06cc\u06a9\u0631\u0648\u0628<\/a>\u060c<sup id=\"cite_ref-4\" class=\"reference\"><a href=\"https:\/\/fa.wikipedia.org\/wiki\/%DA%AF%D9%84_%DA%AF%D8%A7%D9%88%D8%B2%D8%A8%D8%A7%D9%86_%D8%A7%DB%8C%D8%B1%D8%A7%D9%86%DB%8C#cite_note-4\"><span class=\"cite-bracket\">[<\/span>\u06f4<span class=\"cite-bracket\">]<\/span><\/a><\/sup> <a class=\"mw-redirect\" title=\"\u0636\u062f \u062f\u0631\u062f\" href=\"https:\/\/fa.wikipedia.org\/wiki\/%D8%B6%D8%AF_%D8%AF%D8%B1%D8%AF\">\u0636\u062f \u062f\u0631\u062f<\/a> \u0648 \u062d\u0627\u0648\u06cc \u062a\u0631\u06a9\u06cc\u0628\u0627\u062a <a title=\"\u0622\u0646\u062a\u06cc\u200c\u0627\u06a9\u0633\u06cc\u062f\u0627\u0646\" href=\"https:\/\/fa.wikipedia.org\/wiki\/%D8%A2%D9%86%D8%AA%DB%8C%E2%80%8C%D8%A7%DA%A9%D8%B3%DB%8C%D8%AF%D8%A7%D9%86\">\u0622\u0646\u062a\u06cc\u200c\u0627\u06a9\u0633\u06cc\u062f\u0627\u0646<\/a> \u0627\u0633\u062a \u0648 \u0628\u0647\u200c\u0637\u0648\u0631 \u0648\u06cc\u0698\u0647 \u0628\u0631\u0627\u06cc \u062f\u0631\u0645\u0627\u0646 \u0648 \u0628\u0647\u0628\u0648\u062f <a title=\"\u0633\u0631\u0645\u0627\u062e\u0648\u0631\u062f\u06af\u06cc\" href=\"https:\/\/fa.wikipedia.org\/wiki\/%D8%B3%D8%B1%D9%85%D8%A7%D8%AE%D9%88%D8%B1%D8%AF%DA%AF%DB%8C\">\u0633\u0631\u0645\u0627\u062e\u0648\u0631\u062f\u06af\u06cc<\/a> \u0648 \u0628\u0647\u200c\u0639\u0646\u0648\u0627\u0646 \u06cc\u06a9 <a title=\"\u062f\u0627\u0631\u0648\u06cc \u0636\u062f\u0627\u0636\u0637\u0631\u0627\u0628\" href=\"https:\/\/fa.wikipedia.org\/wiki\/%D8%AF%D8%A7%D8%B1%D9%88%DB%8C_%D8%B6%D8%AF%D8%A7%D8%B6%D8%B7%D8%B1%D8%A7%D8%A8\">\u062f\u0627\u0631\u0648\u06cc \u0636\u062f\u0627\u0636\u0637\u0631\u0627\u0628<\/a> \u0648 <a title=\"\u0622\u0631\u0627\u0645\u200c\u0628\u062e\u0634\" href=\"https:\/\/fa.wikipedia.org\/wiki\/%D8%A2%D8%B1%D8%A7%D9%85%E2%80%8C%D8%A8%D8%AE%D8%B4\">\u0622\u0631\u0627\u0645\u200c\u0628\u062e\u0634<\/a> \u0645\u0648\u0631\u062f \u0627\u0633\u062a\u0641\u0627\u062f\u0647 \u0642\u0631\u0627\u0631 \u0645\u06cc\u200c\u06af\u06cc\u0631\u062f<\/p>\n<p>&nbsp;<\/p>\n<p>La borraja persa tiene diversos efectos medicinales y terap\u00e9uticos. Es antiinflamatoria, antimicrobiana,[4] analg\u00e9sica y contiene compuestos antioxidantes. Se utiliza espec\u00edficamente para tratar y mejorar los resfriados, as\u00ed como ansiol\u00edtico y sedante.<\/p>\n","protected":false},"excerpt":{"rendered":"<p>\u06af\u0644 \u06af\u0627\u0648\u0632\u0628\u0627\u0646 \u0627\u06cc\u0631\u0627\u0646\u06cc\u060c \u062f\u0627\u0631\u0627\u06cc \u062a\u0623\u062b\u06cc\u0631\u0627\u062a \u0645\u062e\u062a\u0644\u0641 \u062f\u0627\u0631\u0648\u06cc\u06cc \u0648 \u062f\u0631\u0645\u0627\u0646\u06cc \u0627\u0633\u062a. \u0627\u06cc\u0646 \u06af\u06cc\u0627\u0647\u060c \u0636\u062f\u0627\u0644\u062a\u0647\u0627\u0628\u060c \u0636\u062f\u0645\u06cc\u06a9\u0631\u0648\u0628\u060c[\u06f4] \u0636\u062f \u062f\u0631\u062f \u0648 \u062d\u0627\u0648\u06cc \u062a\u0631\u06a9\u06cc\u0628\u0627\u062a \u0622\u0646\u062a\u06cc\u200c\u0627\u06a9\u0633\u06cc\u062f\u0627\u0646 \u0627\u0633\u062a \u0648 \u0628\u0647\u200c\u0637\u0648\u0631 \u0648\u06cc\u0698\u0647 \u0628\u0631\u0627\u06cc \u062f\u0631\u0645\u0627\u0646 \u0648 \u0628\u0647\u0628\u0648\u062f \u0633\u0631\u0645\u0627\u062e\u0648\u0631\u062f\u06af\u06cc \u0648 \u0628\u0647\u200c\u0639\u0646\u0648\u0627\u0646 \u06cc\u06a9 \u062f\u0627\u0631\u0648\u06cc \u0636\u062f\u0627\u0636\u0637\u0631\u0627\u0628 \u0648 \u0622\u0631\u0627\u0645\u200c\u0628\u062e\u0634 \u0645\u0648\u0631\u062f \u0627\u0633\u062a\u0641\u0627\u062f\u0647 \u0642\u0631\u0627\u0631 \u0645\u06cc\u200c\u06af\u06cc\u0631\u062f &nbsp; La borraja persa tiene diversos efectos medicinales y terap\u00e9uticos. Es antiinflamatoria, antimicrobiana,[4] analg\u00e9sica y [&hellip;]<\/p>\n","protected":false},"featured_media":1874,"template":"","meta":[],"product_brand":[],"product_cat":[20],"product_tag":[],"class_list":{"0":"post-1864","1":"product","2":"type-product","3":"status-publish","4":"has-post-thumbnail","6":"product_cat-tee-tea--","8":"entry","9":"has-media","11":"first","12":"instock","13":"shipping-taxable","14":"purchasable","15":"product-type-simple","16":"has-product-nav","17":"col","18":"span_1_of_3","19":"owp-content-center","20":"owp-thumbs-layout-horizontal","21":"owp-btn-normal","22":"owp-tabs-layout-horizontal","23":"has-no-thumbnails"},"yoast_head":"<!-- This site is optimized with the Yoast SEO plugin v27.3 - https:\/\/yoast.com\/product\/yoast-seo-wordpress\/ -->\n<title>Flor de borraja borage Gole Gavzaban infusion 25g \u06af\u0644 \u06af\u0627\u0648\u0632\u0628\u0627\u0646 - Nikomand Iranian Shop, tienda iran\u00ed, supermercado y alimentos persa en Barcelona<\/title>\n<meta name=\"description\" content=\"Flor de borraja borage Gole Gavzaban infusion barcelona Nikomand\" \/>\n<meta name=\"robots\" content=\"index, follow, max-snippet:-1, max-image-preview:large, max-video-preview:-1\" \/>\n<link rel=\"canonical\" href=\"https:\/\/nikomand.com\/?product=flor-de-borraja-borage-gole-gavzaban-infusion-25g-\u06af\u0644-\u06af\u0627\u0648\u0632\u0628\u0627\u0646\" \/>\n<meta property=\"og:locale\" content=\"en_US\" \/>\n<meta property=\"og:type\" content=\"article\" \/>\n<meta property=\"og:title\" content=\"Flor de borraja borage Gole Gavzaban infusion 25g \u06af\u0644 \u06af\u0627\u0648\u0632\u0628\u0627\u0646 - Nikomand Iranian Shop, tienda iran\u00ed, supermercado y alimentos persa en Barcelona\" \/>\n<meta property=\"og:description\" content=\"Flor de borraja borage Gole Gavzaban infusion barcelona Nikomand\" \/>\n<meta property=\"og:url\" content=\"https:\/\/nikomand.com\/?product=flor-de-borraja-borage-gole-gavzaban-infusion-25g-\u06af\u0644-\u06af\u0627\u0648\u0632\u0628\u0627\u0646\" \/>\n<meta property=\"og:site_name\" content=\"Nikomand Iranian Shop, tienda iran\u00ed, supermercado y alimentos persa en Barcelona\" \/>\n<meta property=\"article:modified_time\" content=\"2026-01-03T15:10:13+00:00\" \/>\n<meta property=\"og:image\" content=\"https:\/\/nikomand.com\/wp-content\/uploads\/2026\/01\/Golgavzaban-natural-1.jpg\" \/>\n\t<meta property=\"og:image:width\" content=\"600\" \/>\n\t<meta property=\"og:image:height\" content=\"800\" \/>\n\t<meta property=\"og:image:type\" content=\"image\/jpeg\" \/>\n<meta name=\"twitter:card\" content=\"summary_large_image\" \/>\n<meta name=\"twitter:label1\" content=\"Est. reading time\" \/>\n\t<meta name=\"twitter:data1\" content=\"1 minute\" \/>\n<script type=\"application\/ld+json\" class=\"yoast-schema-graph\">{\"@context\":\"https:\\\/\\\/schema.org\",\"@graph\":[{\"@type\":\"WebPage\",\"@id\":\"https:\\\/\\\/nikomand.com\\\/?product=flor-de-borraja-borage-gole-gavzaban-infusion-25g-%da%af%d9%84-%da%af%d8%a7%d9%88%d8%b2%d8%a8%d8%a7%d9%86\",\"url\":\"https:\\\/\\\/nikomand.com\\\/?product=flor-de-borraja-borage-gole-gavzaban-infusion-25g-%da%af%d9%84-%da%af%d8%a7%d9%88%d8%b2%d8%a8%d8%a7%d9%86\",\"name\":\"Flor de borraja borage Gole Gavzaban infusion 25g \u06af\u0644 \u06af\u0627\u0648\u0632\u0628\u0627\u0646 - Nikomand Iranian Shop, tienda iran\u00ed, supermercado y alimentos persa en Barcelona\",\"isPartOf\":{\"@id\":\"https:\\\/\\\/nikomand.com\\\/#website\"},\"primaryImageOfPage\":{\"@id\":\"https:\\\/\\\/nikomand.com\\\/?product=flor-de-borraja-borage-gole-gavzaban-infusion-25g-%da%af%d9%84-%da%af%d8%a7%d9%88%d8%b2%d8%a8%d8%a7%d9%86#primaryimage\"},\"image\":{\"@id\":\"https:\\\/\\\/nikomand.com\\\/?product=flor-de-borraja-borage-gole-gavzaban-infusion-25g-%da%af%d9%84-%da%af%d8%a7%d9%88%d8%b2%d8%a8%d8%a7%d9%86#primaryimage\"},\"thumbnailUrl\":\"https:\\\/\\\/nikomand.com\\\/wp-content\\\/uploads\\\/2026\\\/01\\\/Golgavzaban-natural-1.jpg\",\"datePublished\":\"2026-01-03T13:28:42+00:00\",\"dateModified\":\"2026-01-03T15:10:13+00:00\",\"description\":\"Flor de borraja borage Gole Gavzaban infusion barcelona Nikomand\",\"breadcrumb\":{\"@id\":\"https:\\\/\\\/nikomand.com\\\/?product=flor-de-borraja-borage-gole-gavzaban-infusion-25g-%da%af%d9%84-%da%af%d8%a7%d9%88%d8%b2%d8%a8%d8%a7%d9%86#breadcrumb\"},\"inLanguage\":\"en-US\",\"potentialAction\":[{\"@type\":\"ReadAction\",\"target\":[\"https:\\\/\\\/nikomand.com\\\/?product=flor-de-borraja-borage-gole-gavzaban-infusion-25g-%da%af%d9%84-%da%af%d8%a7%d9%88%d8%b2%d8%a8%d8%a7%d9%86\"]}]},{\"@type\":\"ImageObject\",\"inLanguage\":\"en-US\",\"@id\":\"https:\\\/\\\/nikomand.com\\\/?product=flor-de-borraja-borage-gole-gavzaban-infusion-25g-%da%af%d9%84-%da%af%d8%a7%d9%88%d8%b2%d8%a8%d8%a7%d9%86#primaryimage\",\"url\":\"https:\\\/\\\/nikomand.com\\\/wp-content\\\/uploads\\\/2026\\\/01\\\/Golgavzaban-natural-1.jpg\",\"contentUrl\":\"https:\\\/\\\/nikomand.com\\\/wp-content\\\/uploads\\\/2026\\\/01\\\/Golgavzaban-natural-1.jpg\",\"width\":600,\"height\":800,\"caption\":\"Golgavzaban natural barcelona nikomand flor de borraja Borage flower infusion tea\"},{\"@type\":\"BreadcrumbList\",\"@id\":\"https:\\\/\\\/nikomand.com\\\/?product=flor-de-borraja-borage-gole-gavzaban-infusion-25g-%da%af%d9%84-%da%af%d8%a7%d9%88%d8%b2%d8%a8%d8%a7%d9%86#breadcrumb\",\"itemListElement\":[{\"@type\":\"ListItem\",\"position\":1,\"name\":\"Home\",\"item\":\"https:\\\/\\\/nikomand.com\\\/\"},{\"@type\":\"ListItem\",\"position\":2,\"name\":\"Shop\",\"item\":\"https:\\\/\\\/nikomand.com\\\/\"},{\"@type\":\"ListItem\",\"position\":3,\"name\":\"Flor de borraja borage Gole Gavzaban infusion 25g \u06af\u0644 \u06af\u0627\u0648\u0632\u0628\u0627\u0646\"}]},{\"@type\":\"WebSite\",\"@id\":\"https:\\\/\\\/nikomand.com\\\/#website\",\"url\":\"https:\\\/\\\/nikomand.com\\\/\",\"name\":\"Nikomand Iranian Shop, tienda iran\u00ed, supermercado y alimentos persa en Barcelona\",\"description\":\"Iranian Shop in Barcelona, tienda irani, Supermarket persian store, safran, rice, tea tienda de productos persa como arroz, t\u00e9, frutos secos, snacks, azafr\u00e1n, comidas en Barcelona, \u200b\u200bEspa\u00f1a\",\"publisher\":{\"@id\":\"https:\\\/\\\/nikomand.com\\\/#organization\"},\"potentialAction\":[{\"@type\":\"SearchAction\",\"target\":{\"@type\":\"EntryPoint\",\"urlTemplate\":\"https:\\\/\\\/nikomand.com\\\/?s={search_term_string}\"},\"query-input\":{\"@type\":\"PropertyValueSpecification\",\"valueRequired\":true,\"valueName\":\"search_term_string\"}}],\"inLanguage\":\"en-US\"},{\"@type\":\"Organization\",\"@id\":\"https:\\\/\\\/nikomand.com\\\/#organization\",\"name\":\"Nikomand Iranian Shop, tienda iran\u00ed, supermercado y alimentos persa en Barcelona\",\"url\":\"https:\\\/\\\/nikomand.com\\\/\",\"logo\":{\"@type\":\"ImageObject\",\"inLanguage\":\"en-US\",\"@id\":\"https:\\\/\\\/nikomand.com\\\/#\\\/schema\\\/logo\\\/image\\\/\",\"url\":\"https:\\\/\\\/nikomand.com\\\/wp-content\\\/uploads\\\/2025\\\/01\\\/Logo-Etiket-Nikomand.jpg\",\"contentUrl\":\"https:\\\/\\\/nikomand.com\\\/wp-content\\\/uploads\\\/2025\\\/01\\\/Logo-Etiket-Nikomand.jpg\",\"width\":512,\"height\":512,\"caption\":\"Nikomand Iranian Shop, tienda iran\u00ed, supermercado y alimentos persa en Barcelona\"},\"image\":{\"@id\":\"https:\\\/\\\/nikomand.com\\\/#\\\/schema\\\/logo\\\/image\\\/\"}}]}<\/script>\n<!-- \/ Yoast SEO plugin. -->","yoast_head_json":{"title":"Flor de borraja borage Gole Gavzaban infusion 25g \u06af\u0644 \u06af\u0627\u0648\u0632\u0628\u0627\u0646 - Nikomand Iranian Shop, tienda iran\u00ed, supermercado y alimentos persa en Barcelona","description":"Flor de borraja borage Gole Gavzaban infusion barcelona Nikomand","robots":{"index":"index","follow":"follow","max-snippet":"max-snippet:-1","max-image-preview":"max-image-preview:large","max-video-preview":"max-video-preview:-1"},"canonical":"https:\/\/nikomand.com\/?product=flor-de-borraja-borage-gole-gavzaban-infusion-25g-\u06af\u0644-\u06af\u0627\u0648\u0632\u0628\u0627\u0646","og_locale":"en_US","og_type":"article","og_title":"Flor de borraja borage Gole Gavzaban infusion 25g \u06af\u0644 \u06af\u0627\u0648\u0632\u0628\u0627\u0646 - Nikomand Iranian Shop, tienda iran\u00ed, supermercado y alimentos persa en Barcelona","og_description":"Flor de borraja borage Gole Gavzaban infusion barcelona Nikomand","og_url":"https:\/\/nikomand.com\/?product=flor-de-borraja-borage-gole-gavzaban-infusion-25g-\u06af\u0644-\u06af\u0627\u0648\u0632\u0628\u0627\u0646","og_site_name":"Nikomand Iranian Shop, tienda iran\u00ed, supermercado y alimentos persa en Barcelona","article_modified_time":"2026-01-03T15:10:13+00:00","og_image":[{"width":600,"height":800,"url":"https:\/\/nikomand.com\/wp-content\/uploads\/2026\/01\/Golgavzaban-natural-1.jpg","type":"image\/jpeg"}],"twitter_card":"summary_large_image","twitter_misc":{"Est. reading time":"1 minute"},"schema":{"@context":"https:\/\/schema.org","@graph":[{"@type":"WebPage","@id":"https:\/\/nikomand.com\/?product=flor-de-borraja-borage-gole-gavzaban-infusion-25g-%da%af%d9%84-%da%af%d8%a7%d9%88%d8%b2%d8%a8%d8%a7%d9%86","url":"https:\/\/nikomand.com\/?product=flor-de-borraja-borage-gole-gavzaban-infusion-25g-%da%af%d9%84-%da%af%d8%a7%d9%88%d8%b2%d8%a8%d8%a7%d9%86","name":"Flor de borraja borage Gole Gavzaban infusion 25g \u06af\u0644 \u06af\u0627\u0648\u0632\u0628\u0627\u0646 - Nikomand Iranian Shop, tienda iran\u00ed, supermercado y alimentos persa en Barcelona","isPartOf":{"@id":"https:\/\/nikomand.com\/#website"},"primaryImageOfPage":{"@id":"https:\/\/nikomand.com\/?product=flor-de-borraja-borage-gole-gavzaban-infusion-25g-%da%af%d9%84-%da%af%d8%a7%d9%88%d8%b2%d8%a8%d8%a7%d9%86#primaryimage"},"image":{"@id":"https:\/\/nikomand.com\/?product=flor-de-borraja-borage-gole-gavzaban-infusion-25g-%da%af%d9%84-%da%af%d8%a7%d9%88%d8%b2%d8%a8%d8%a7%d9%86#primaryimage"},"thumbnailUrl":"https:\/\/nikomand.com\/wp-content\/uploads\/2026\/01\/Golgavzaban-natural-1.jpg","datePublished":"2026-01-03T13:28:42+00:00","dateModified":"2026-01-03T15:10:13+00:00","description":"Flor de borraja borage Gole Gavzaban infusion barcelona Nikomand","breadcrumb":{"@id":"https:\/\/nikomand.com\/?product=flor-de-borraja-borage-gole-gavzaban-infusion-25g-%da%af%d9%84-%da%af%d8%a7%d9%88%d8%b2%d8%a8%d8%a7%d9%86#breadcrumb"},"inLanguage":"en-US","potentialAction":[{"@type":"ReadAction","target":["https:\/\/nikomand.com\/?product=flor-de-borraja-borage-gole-gavzaban-infusion-25g-%da%af%d9%84-%da%af%d8%a7%d9%88%d8%b2%d8%a8%d8%a7%d9%86"]}]},{"@type":"ImageObject","inLanguage":"en-US","@id":"https:\/\/nikomand.com\/?product=flor-de-borraja-borage-gole-gavzaban-infusion-25g-%da%af%d9%84-%da%af%d8%a7%d9%88%d8%b2%d8%a8%d8%a7%d9%86#primaryimage","url":"https:\/\/nikomand.com\/wp-content\/uploads\/2026\/01\/Golgavzaban-natural-1.jpg","contentUrl":"https:\/\/nikomand.com\/wp-content\/uploads\/2026\/01\/Golgavzaban-natural-1.jpg","width":600,"height":800,"caption":"Golgavzaban natural barcelona nikomand flor de borraja Borage flower infusion tea"},{"@type":"BreadcrumbList","@id":"https:\/\/nikomand.com\/?product=flor-de-borraja-borage-gole-gavzaban-infusion-25g-%da%af%d9%84-%da%af%d8%a7%d9%88%d8%b2%d8%a8%d8%a7%d9%86#breadcrumb","itemListElement":[{"@type":"ListItem","position":1,"name":"Home","item":"https:\/\/nikomand.com\/"},{"@type":"ListItem","position":2,"name":"Shop","item":"https:\/\/nikomand.com\/"},{"@type":"ListItem","position":3,"name":"Flor de borraja borage Gole Gavzaban infusion 25g \u06af\u0644 \u06af\u0627\u0648\u0632\u0628\u0627\u0646"}]},{"@type":"WebSite","@id":"https:\/\/nikomand.com\/#website","url":"https:\/\/nikomand.com\/","name":"Nikomand Iranian Shop, tienda iran\u00ed, supermercado y alimentos persa en Barcelona","description":"Iranian Shop in Barcelona, tienda irani, Supermarket persian store, safran, rice, tea tienda de productos persa como arroz, t\u00e9, frutos secos, snacks, azafr\u00e1n, comidas en Barcelona, \u200b\u200bEspa\u00f1a","publisher":{"@id":"https:\/\/nikomand.com\/#organization"},"potentialAction":[{"@type":"SearchAction","target":{"@type":"EntryPoint","urlTemplate":"https:\/\/nikomand.com\/?s={search_term_string}"},"query-input":{"@type":"PropertyValueSpecification","valueRequired":true,"valueName":"search_term_string"}}],"inLanguage":"en-US"},{"@type":"Organization","@id":"https:\/\/nikomand.com\/#organization","name":"Nikomand Iranian Shop, tienda iran\u00ed, supermercado y alimentos persa en Barcelona","url":"https:\/\/nikomand.com\/","logo":{"@type":"ImageObject","inLanguage":"en-US","@id":"https:\/\/nikomand.com\/#\/schema\/logo\/image\/","url":"https:\/\/nikomand.com\/wp-content\/uploads\/2025\/01\/Logo-Etiket-Nikomand.jpg","contentUrl":"https:\/\/nikomand.com\/wp-content\/uploads\/2025\/01\/Logo-Etiket-Nikomand.jpg","width":512,"height":512,"caption":"Nikomand Iranian Shop, tienda iran\u00ed, supermercado y alimentos persa en Barcelona"},"image":{"@id":"https:\/\/nikomand.com\/#\/schema\/logo\/image\/"}}]}},"_links":{"self":[{"href":"https:\/\/nikomand.com\/index.php?rest_route=\/wp\/v2\/product\/1864","targetHints":{"allow":["GET"]}}],"collection":[{"href":"https:\/\/nikomand.com\/index.php?rest_route=\/wp\/v2\/product"}],"about":[{"href":"https:\/\/nikomand.com\/index.php?rest_route=\/wp\/v2\/types\/product"}],"wp:featuredmedia":[{"embeddable":true,"href":"https:\/\/nikomand.com\/index.php?rest_route=\/wp\/v2\/media\/1874"}],"wp:attachment":[{"href":"https:\/\/nikomand.com\/index.php?rest_route=%2Fwp%2Fv2%2Fmedia&parent=1864"}],"wp:term":[{"taxonomy":"product_brand","embeddable":true,"href":"https:\/\/nikomand.com\/index.php?rest_route=%2Fwp%2Fv2%2Fproduct_brand&post=1864"},{"taxonomy":"product_cat","embeddable":true,"href":"https:\/\/nikomand.com\/index.php?rest_route=%2Fwp%2Fv2%2Fproduct_cat&post=1864"},{"taxonomy":"product_tag","embeddable":true,"href":"https:\/\/nikomand.com\/index.php?rest_route=%2Fwp%2Fv2%2Fproduct_tag&post=1864"}],"curies":[{"name":"wp","href":"https:\/\/api.w.org\/{rel}","templated":true}]}}