{"id":1677,"date":"2025-10-30T10:03:21","date_gmt":"2025-10-30T10:03:21","guid":{"rendered":"https:\/\/nikomand.com\/?post_type=product&#038;p=1677"},"modified":"2026-04-04T14:09:04","modified_gmt":"2026-04-04T14:09:04","slug":"datiles-medjoul-barcelona","status":"publish","type":"product","link":"https:\/\/nikomand.com\/?product=datiles-medjoul-barcelona","title":{"rendered":"D\u00e1tiles Medjoul Barcelona 1kg"},"content":{"rendered":"<p>#Comprar datiles #Datilesiranies #datil #datil medjoul #datil masafati #datil mazafati # datil irani #datil en rama barcelona #iranian_shop_barcelona #datiles_iranies_medjoul_mazafati #Supermercado_asi\u00e1tico_irani_barcelona<\/p>\n","protected":false},"excerpt":{"rendered":"<p>El <b>d\u00e1til Majh\u016bl o Medjoul<\/b> (en <a title=\"Idioma \u00e1rabe\" href=\"https:\/\/es.wikipedia.org\/wiki\/Idioma_%C3%A1rabe\">\u00e1rabe<\/a>, \u062a\u0645\u0631 \u0627\u0644\u0645\u062c\u0647\u0648\u0644 &#8211; <i>tamar al-majh\u016bl<\/i> \/<a title=\"Alfabeto Fon\u00e9tico Internacional\" href=\"https:\/\/es.wikipedia.org\/wiki\/Alfabeto_Fon%C3%A9tico_Internacional\">ma\u0292&#8217;hu\u02d0l<\/a>\/, literalmente, \u00abdesconocido\u00bb, de \u062c\u064e\u0647\u0650\u0644\u064e, \u00abdesconocer\u00bb), tambi\u00e9n conocido como <b>madjol<\/b>,<sup id=\"cite_ref-1\" class=\"mw-references reference separada\"><a href=\"https:\/\/es.wikipedia.org\/wiki\/D%C3%A1til_Majhul#cite_note-1\"><span class=\"cite-bracket\">[<\/span>nota 1<span class=\"cite-bracket\">]<\/span><\/a><\/sup>\u200b es una variedad de <a title=\"D\u00e1til\" href=\"https:\/\/es.wikipedia.org\/wiki\/D%C3%A1til\">d\u00e1til<\/a> (<i><a title=\"Phoenix dactylifera\" href=\"https:\/\/es.wikipedia.org\/wiki\/Phoenix_dactylifera\">Phoenix dactylifera<\/a><\/i>) dulce muy popular, originaria de la regi\u00f3n de <a class=\"mw-redirect\" title=\"Tafilalet\" href=\"https:\/\/es.wikipedia.org\/wiki\/Tafilalet\">Tafilalt<\/a> en <a title=\"Marruecos\" href=\"https:\/\/es.wikipedia.org\/wiki\/Marruecos\">Marruecos<\/a>,<sup id=\"cite_ref-2\" class=\"mw-references reference separada\"><a href=\"https:\/\/es.wikipedia.org\/wiki\/D%C3%A1til_Majhul#cite_note-2\"><span class=\"cite-bracket\">[<\/span>1<span class=\"cite-bracket\">]<\/span><\/a><\/sup>\u200b tambi\u00e9n cultivada en los <a title=\"Estados Unidos\" href=\"https:\/\/es.wikipedia.org\/wiki\/Estados_Unidos\">Estados Unidos<\/a>,<sup id=\"cite_ref-3\" class=\"mw-references reference separada\"><a href=\"https:\/\/es.wikipedia.org\/wiki\/D%C3%A1til_Majhul#cite_note-3\"><span class=\"cite-bracket\">[<\/span>2<span class=\"cite-bracket\">]<\/span><\/a><\/sup>\u200b <a title=\"Israel\" href=\"https:\/\/es.wikipedia.org\/wiki\/Israel\">Israel<\/a> (<a title=\"Cisjordania\" href=\"https:\/\/es.wikipedia.org\/wiki\/Cisjordania\">Cisjordania<\/a>), <a title=\"Estado de Palestina\" href=\"https:\/\/es.wikipedia.org\/wiki\/Estado_de_Palestina\">Palestina<\/a>, M\u00e9xico,<sup id=\"cite_ref-4\" class=\"mw-references reference separada\"><a href=\"https:\/\/es.wikipedia.org\/wiki\/D%C3%A1til_Majhul#cite_note-4\"><span class=\"cite-bracket\">[<\/span>3<span class=\"cite-bracket\">]<\/span><\/a><\/sup>\u200b <a title=\"Ir\u00e1n\" href=\"https:\/\/es.wikipedia.org\/wiki\/Ir%C3%A1n\">Ir\u00e1n<\/a>, <a title=\"Arabia Saudita\" href=\"https:\/\/es.wikipedia.org\/wiki\/Arabia_Saudita\">Arabia Saudita<\/a>, <a title=\"Sud\u00e1frica\" href=\"https:\/\/es.wikipedia.org\/wiki\/Sud%C3%A1frica\">Sud\u00e1frica<\/a>, <a title=\"Jordania\" href=\"https:\/\/es.wikipedia.org\/wiki\/Jordania\">Jordania<\/a>, y <a title=\"Per\u00fa\" href=\"https:\/\/es.wikipedia.org\/wiki\/Per%C3%BA\">Per\u00fa<\/a>. La variedad se planta tanto para la cosecha como para el <a title=\"Paisajismo\" href=\"https:\/\/es.wikipedia.org\/wiki\/Paisajismo\">paisajismo<\/a>.<sup id=\"cite_ref-NPRmedjool_5-0\" class=\"mw-references reference separada\"><a href=\"https:\/\/es.wikipedia.org\/wiki\/D%C3%A1til_Majhul#cite_note-NPRmedjool-5\"><span class=\"cite-bracket\">[<\/span>4<span class=\"cite-bracket\">]<\/span><\/a><\/sup>\u200b<sup id=\"cite_ref-6\" class=\"mw-references reference separada\"><a href=\"https:\/\/es.wikipedia.org\/wiki\/D%C3%A1til_Majhul#cite_note-6\"><span class=\"cite-bracket\">[<\/span>5<span class=\"cite-bracket\">]<\/span><\/a><\/sup>\u200b El Majhul es una <a class=\"new\" title=\"Variedad aut\u00f3ctona (a\u00fan no redactado)\" href=\"https:\/\/es.wikipedia.org\/w\/index.php?title=Variedad_aut%C3%B3ctona&amp;action=edit&amp;redlink=1\">variedad aut\u00f3ctona<\/a> y se describe como \u00abfruto grande y suave, con una pulpa naranja\u2013amarillenta y un sabor rico y agradable\u00bb.<sup id=\"cite_ref-7\" class=\"mw-references reference separada\"><a href=\"https:\/\/es.wikipedia.org\/wiki\/D%C3%A1til_Majhul#cite_note-7\"><span class=\"cite-bracket\">[<\/span>6<span class=\"cite-bracket\">]<\/span><\/a><\/sup>\u200b Israel, con las tecnolog\u00edas avanzadas de reciclaje de aguas residuales implementadas en el kibutz Gilgal, actualmente posee m\u00e1s del 60% de la cuota de mercado mundial de Majhul, lo que lo convierte en el mayor exportador de d\u00e1tiles Majhul en el mundo.<\/p>\n","protected":false},"featured_media":1875,"template":"","meta":[],"product_brand":[],"product_cat":[67,23],"product_tag":[74],"class_list":{"0":"post-1677","1":"product","2":"type-product","3":"status-publish","4":"has-post-thumbnail","6":"product_cat-alimentacion","7":"product_cat-23","8":"product_tag-comprar-datiles-datilesiranies-datil-datil-medjoul-datil-masafati-datil-mazafati-datil-irani-datil-en-rama-barcelona","10":"entry","11":"has-media","13":"first","14":"outofstock","15":"shipping-taxable","16":"purchasable","17":"product-type-simple","18":"has-product-nav","19":"col","20":"span_1_of_3","21":"owp-content-center","22":"owp-thumbs-layout-horizontal","23":"owp-btn-normal","24":"owp-tabs-layout-horizontal","25":"has-no-thumbnails"},"yoast_head":"<!-- This site is optimized with the Yoast SEO plugin v27.4 - https:\/\/yoast.com\/product\/yoast-seo-wordpress\/ -->\n<title>D\u00e1tiles Medjoul Barcelona 1kg - Nikomand Iranian Shop, tienda iran\u00ed, supermercado y alimentos persa en Barcelona<\/title>\n<meta name=\"description\" content=\"D\u00e1tiles Medjoul Barcelona fruto grande y suave, con una pulpa naranja\u2013amarillenta negra y un sabor rico y agradable. Tenemos a la venta d\u00e1tiles frescos de todo el mundo de la variedad Medjoul, Mazafati, Rama.\" \/>\n<meta name=\"robots\" content=\"index, follow, max-snippet:-1, max-image-preview:large, max-video-preview:-1\" \/>\n<link rel=\"canonical\" href=\"https:\/\/nikomand.com\/?product=datiles-medjoul-barcelona\" \/>\n<meta property=\"og:locale\" content=\"en_US\" \/>\n<meta property=\"og:type\" content=\"article\" \/>\n<meta property=\"og:title\" content=\"D\u00e1tiles Medjoul Barcelona 1kg - Nikomand Iranian Shop, tienda iran\u00ed, supermercado y alimentos persa en Barcelona\" \/>\n<meta property=\"og:description\" content=\"D\u00e1tiles Medjoul Barcelona fruto grande y suave, con una pulpa naranja\u2013amarillenta negra y un sabor rico y agradable. Tenemos a la venta d\u00e1tiles frescos de todo el mundo de la variedad Medjoul, Mazafati, Rama.\" \/>\n<meta property=\"og:url\" content=\"https:\/\/nikomand.com\/?product=datiles-medjoul-barcelona\" \/>\n<meta property=\"og:site_name\" content=\"Nikomand Iranian Shop, tienda iran\u00ed, supermercado y alimentos persa en Barcelona\" \/>\n<meta property=\"article:modified_time\" content=\"2026-04-04T14:09:04+00:00\" \/>\n<meta property=\"og:image\" content=\"https:\/\/nikomand.com\/wp-content\/uploads\/2025\/10\/Datil-Medjoul.jpg\" \/>\n\t<meta property=\"og:image:width\" content=\"800\" \/>\n\t<meta property=\"og:image:height\" content=\"1000\" \/>\n\t<meta property=\"og:image:type\" content=\"image\/jpeg\" \/>\n<meta name=\"twitter:card\" content=\"summary_large_image\" \/>\n<meta name=\"twitter:label1\" content=\"Est. reading time\" \/>\n\t<meta name=\"twitter:data1\" content=\"1 minute\" \/>\n<script type=\"application\/ld+json\" class=\"yoast-schema-graph\">{\"@context\":\"https:\\\/\\\/schema.org\",\"@graph\":[{\"@type\":\"WebPage\",\"@id\":\"https:\\\/\\\/nikomand.com\\\/?product=datiles-medjoul-barcelona\",\"url\":\"https:\\\/\\\/nikomand.com\\\/?product=datiles-medjoul-barcelona\",\"name\":\"D\u00e1tiles Medjoul Barcelona 1kg - Nikomand Iranian Shop, tienda iran\u00ed, supermercado y alimentos persa en Barcelona\",\"isPartOf\":{\"@id\":\"https:\\\/\\\/nikomand.com\\\/#website\"},\"primaryImageOfPage\":{\"@id\":\"https:\\\/\\\/nikomand.com\\\/?product=datiles-medjoul-barcelona#primaryimage\"},\"image\":{\"@id\":\"https:\\\/\\\/nikomand.com\\\/?product=datiles-medjoul-barcelona#primaryimage\"},\"thumbnailUrl\":\"https:\\\/\\\/nikomand.com\\\/wp-content\\\/uploads\\\/2025\\\/10\\\/Datil-Medjoul.jpg\",\"datePublished\":\"2025-10-30T10:03:21+00:00\",\"dateModified\":\"2026-04-04T14:09:04+00:00\",\"description\":\"D\u00e1tiles Medjoul Barcelona fruto grande y suave, con una pulpa naranja\u2013amarillenta negra y un sabor rico y agradable. Tenemos a la venta d\u00e1tiles frescos de todo el mundo de la variedad Medjoul, Mazafati, Rama.\",\"breadcrumb\":{\"@id\":\"https:\\\/\\\/nikomand.com\\\/?product=datiles-medjoul-barcelona#breadcrumb\"},\"inLanguage\":\"en-US\",\"potentialAction\":[{\"@type\":\"ReadAction\",\"target\":[\"https:\\\/\\\/nikomand.com\\\/?product=datiles-medjoul-barcelona\"]}]},{\"@type\":\"ImageObject\",\"inLanguage\":\"en-US\",\"@id\":\"https:\\\/\\\/nikomand.com\\\/?product=datiles-medjoul-barcelona#primaryimage\",\"url\":\"https:\\\/\\\/nikomand.com\\\/wp-content\\\/uploads\\\/2025\\\/10\\\/Datil-Medjoul.jpg\",\"contentUrl\":\"https:\\\/\\\/nikomand.com\\\/wp-content\\\/uploads\\\/2025\\\/10\\\/Datil-Medjoul.jpg\",\"width\":800,\"height\":1000,\"caption\":\"Datil Medjoul Barcelona\"},{\"@type\":\"BreadcrumbList\",\"@id\":\"https:\\\/\\\/nikomand.com\\\/?product=datiles-medjoul-barcelona#breadcrumb\",\"itemListElement\":[{\"@type\":\"ListItem\",\"position\":1,\"name\":\"Home\",\"item\":\"https:\\\/\\\/nikomand.com\\\/\"},{\"@type\":\"ListItem\",\"position\":2,\"name\":\"Shop\",\"item\":\"https:\\\/\\\/nikomand.com\\\/\"},{\"@type\":\"ListItem\",\"position\":3,\"name\":\"D\u00e1tiles Medjoul Barcelona 1kg\"}]},{\"@type\":\"WebSite\",\"@id\":\"https:\\\/\\\/nikomand.com\\\/#website\",\"url\":\"https:\\\/\\\/nikomand.com\\\/\",\"name\":\"Nikomand Iranian Shop, tienda iran\u00ed, supermercado y alimentos persa en Barcelona\",\"description\":\"Iranian Shop in Barcelona, tienda irani, Supermarket persian store, safran, rice, tea tienda de productos persa como arroz, t\u00e9, frutos secos, snacks, azafr\u00e1n, comidas en Barcelona, \u200b\u200bEspa\u00f1a\",\"publisher\":{\"@id\":\"https:\\\/\\\/nikomand.com\\\/#organization\"},\"potentialAction\":[{\"@type\":\"SearchAction\",\"target\":{\"@type\":\"EntryPoint\",\"urlTemplate\":\"https:\\\/\\\/nikomand.com\\\/?s={search_term_string}\"},\"query-input\":{\"@type\":\"PropertyValueSpecification\",\"valueRequired\":true,\"valueName\":\"search_term_string\"}}],\"inLanguage\":\"en-US\"},{\"@type\":\"Organization\",\"@id\":\"https:\\\/\\\/nikomand.com\\\/#organization\",\"name\":\"Nikomand Iranian Shop, tienda iran\u00ed, supermercado y alimentos persa en Barcelona\",\"url\":\"https:\\\/\\\/nikomand.com\\\/\",\"logo\":{\"@type\":\"ImageObject\",\"inLanguage\":\"en-US\",\"@id\":\"https:\\\/\\\/nikomand.com\\\/#\\\/schema\\\/logo\\\/image\\\/\",\"url\":\"https:\\\/\\\/nikomand.com\\\/wp-content\\\/uploads\\\/2025\\\/01\\\/Logo-Etiket-Nikomand.jpg\",\"contentUrl\":\"https:\\\/\\\/nikomand.com\\\/wp-content\\\/uploads\\\/2025\\\/01\\\/Logo-Etiket-Nikomand.jpg\",\"width\":512,\"height\":512,\"caption\":\"Nikomand Iranian Shop, tienda iran\u00ed, supermercado y alimentos persa en Barcelona\"},\"image\":{\"@id\":\"https:\\\/\\\/nikomand.com\\\/#\\\/schema\\\/logo\\\/image\\\/\"}}]}<\/script>\n<!-- \/ Yoast SEO plugin. -->","yoast_head_json":{"title":"D\u00e1tiles Medjoul Barcelona 1kg - Nikomand Iranian Shop, tienda iran\u00ed, supermercado y alimentos persa en Barcelona","description":"D\u00e1tiles Medjoul Barcelona fruto grande y suave, con una pulpa naranja\u2013amarillenta negra y un sabor rico y agradable. Tenemos a la venta d\u00e1tiles frescos de todo el mundo de la variedad Medjoul, Mazafati, Rama.","robots":{"index":"index","follow":"follow","max-snippet":"max-snippet:-1","max-image-preview":"max-image-preview:large","max-video-preview":"max-video-preview:-1"},"canonical":"https:\/\/nikomand.com\/?product=datiles-medjoul-barcelona","og_locale":"en_US","og_type":"article","og_title":"D\u00e1tiles Medjoul Barcelona 1kg - Nikomand Iranian Shop, tienda iran\u00ed, supermercado y alimentos persa en Barcelona","og_description":"D\u00e1tiles Medjoul Barcelona fruto grande y suave, con una pulpa naranja\u2013amarillenta negra y un sabor rico y agradable. Tenemos a la venta d\u00e1tiles frescos de todo el mundo de la variedad Medjoul, Mazafati, Rama.","og_url":"https:\/\/nikomand.com\/?product=datiles-medjoul-barcelona","og_site_name":"Nikomand Iranian Shop, tienda iran\u00ed, supermercado y alimentos persa en Barcelona","article_modified_time":"2026-04-04T14:09:04+00:00","og_image":[{"width":800,"height":1000,"url":"https:\/\/nikomand.com\/wp-content\/uploads\/2025\/10\/Datil-Medjoul.jpg","type":"image\/jpeg"}],"twitter_card":"summary_large_image","twitter_misc":{"Est. reading time":"1 minute"},"schema":{"@context":"https:\/\/schema.org","@graph":[{"@type":"WebPage","@id":"https:\/\/nikomand.com\/?product=datiles-medjoul-barcelona","url":"https:\/\/nikomand.com\/?product=datiles-medjoul-barcelona","name":"D\u00e1tiles Medjoul Barcelona 1kg - Nikomand Iranian Shop, tienda iran\u00ed, supermercado y alimentos persa en Barcelona","isPartOf":{"@id":"https:\/\/nikomand.com\/#website"},"primaryImageOfPage":{"@id":"https:\/\/nikomand.com\/?product=datiles-medjoul-barcelona#primaryimage"},"image":{"@id":"https:\/\/nikomand.com\/?product=datiles-medjoul-barcelona#primaryimage"},"thumbnailUrl":"https:\/\/nikomand.com\/wp-content\/uploads\/2025\/10\/Datil-Medjoul.jpg","datePublished":"2025-10-30T10:03:21+00:00","dateModified":"2026-04-04T14:09:04+00:00","description":"D\u00e1tiles Medjoul Barcelona fruto grande y suave, con una pulpa naranja\u2013amarillenta negra y un sabor rico y agradable. Tenemos a la venta d\u00e1tiles frescos de todo el mundo de la variedad Medjoul, Mazafati, Rama.","breadcrumb":{"@id":"https:\/\/nikomand.com\/?product=datiles-medjoul-barcelona#breadcrumb"},"inLanguage":"en-US","potentialAction":[{"@type":"ReadAction","target":["https:\/\/nikomand.com\/?product=datiles-medjoul-barcelona"]}]},{"@type":"ImageObject","inLanguage":"en-US","@id":"https:\/\/nikomand.com\/?product=datiles-medjoul-barcelona#primaryimage","url":"https:\/\/nikomand.com\/wp-content\/uploads\/2025\/10\/Datil-Medjoul.jpg","contentUrl":"https:\/\/nikomand.com\/wp-content\/uploads\/2025\/10\/Datil-Medjoul.jpg","width":800,"height":1000,"caption":"Datil Medjoul Barcelona"},{"@type":"BreadcrumbList","@id":"https:\/\/nikomand.com\/?product=datiles-medjoul-barcelona#breadcrumb","itemListElement":[{"@type":"ListItem","position":1,"name":"Home","item":"https:\/\/nikomand.com\/"},{"@type":"ListItem","position":2,"name":"Shop","item":"https:\/\/nikomand.com\/"},{"@type":"ListItem","position":3,"name":"D\u00e1tiles Medjoul Barcelona 1kg"}]},{"@type":"WebSite","@id":"https:\/\/nikomand.com\/#website","url":"https:\/\/nikomand.com\/","name":"Nikomand Iranian Shop, tienda iran\u00ed, supermercado y alimentos persa en Barcelona","description":"Iranian Shop in Barcelona, tienda irani, Supermarket persian store, safran, rice, tea tienda de productos persa como arroz, t\u00e9, frutos secos, snacks, azafr\u00e1n, comidas en Barcelona, \u200b\u200bEspa\u00f1a","publisher":{"@id":"https:\/\/nikomand.com\/#organization"},"potentialAction":[{"@type":"SearchAction","target":{"@type":"EntryPoint","urlTemplate":"https:\/\/nikomand.com\/?s={search_term_string}"},"query-input":{"@type":"PropertyValueSpecification","valueRequired":true,"valueName":"search_term_string"}}],"inLanguage":"en-US"},{"@type":"Organization","@id":"https:\/\/nikomand.com\/#organization","name":"Nikomand Iranian Shop, tienda iran\u00ed, supermercado y alimentos persa en Barcelona","url":"https:\/\/nikomand.com\/","logo":{"@type":"ImageObject","inLanguage":"en-US","@id":"https:\/\/nikomand.com\/#\/schema\/logo\/image\/","url":"https:\/\/nikomand.com\/wp-content\/uploads\/2025\/01\/Logo-Etiket-Nikomand.jpg","contentUrl":"https:\/\/nikomand.com\/wp-content\/uploads\/2025\/01\/Logo-Etiket-Nikomand.jpg","width":512,"height":512,"caption":"Nikomand Iranian Shop, tienda iran\u00ed, supermercado y alimentos persa en Barcelona"},"image":{"@id":"https:\/\/nikomand.com\/#\/schema\/logo\/image\/"}}]}},"_links":{"self":[{"href":"https:\/\/nikomand.com\/index.php?rest_route=\/wp\/v2\/product\/1677","targetHints":{"allow":["GET"]}}],"collection":[{"href":"https:\/\/nikomand.com\/index.php?rest_route=\/wp\/v2\/product"}],"about":[{"href":"https:\/\/nikomand.com\/index.php?rest_route=\/wp\/v2\/types\/product"}],"wp:featuredmedia":[{"embeddable":true,"href":"https:\/\/nikomand.com\/index.php?rest_route=\/wp\/v2\/media\/1875"}],"wp:attachment":[{"href":"https:\/\/nikomand.com\/index.php?rest_route=%2Fwp%2Fv2%2Fmedia&parent=1677"}],"wp:term":[{"taxonomy":"product_brand","embeddable":true,"href":"https:\/\/nikomand.com\/index.php?rest_route=%2Fwp%2Fv2%2Fproduct_brand&post=1677"},{"taxonomy":"product_cat","embeddable":true,"href":"https:\/\/nikomand.com\/index.php?rest_route=%2Fwp%2Fv2%2Fproduct_cat&post=1677"},{"taxonomy":"product_tag","embeddable":true,"href":"https:\/\/nikomand.com\/index.php?rest_route=%2Fwp%2Fv2%2Fproduct_tag&post=1677"}],"curies":[{"name":"wp","href":"https:\/\/api.w.org\/{rel}","templated":true}]}}