{"id":1498,"date":"2025-03-22T11:37:35","date_gmt":"2025-03-22T11:37:35","guid":{"rendered":"https:\/\/nikomand.com\/?post_type=product&#038;p=1498"},"modified":"2025-12-23T16:08:44","modified_gmt":"2025-12-23T16:08:44","slug":"angelica-molido-granel-golpar-100g","status":"publish","type":"product","link":"https:\/\/nikomand.com\/?product=angelica-molido-granel-golpar-100g","title":{"rendered":"A plus Ang\u00e9lica molido granel Golpar 100g \u067e\u0648\u062f\u0631 \u06af\u0644\u067e\u0631 \u062f\u0631\u062c\u0647 \u06cc\u06a9"},"content":{"rendered":"<p>Ang\u00e9lica molido granel Golpar<\/p>\n<p>Heracleum persicum , com\u00fanmente conocido comopersa hogweed, Golpar <b>\u06af\u0644\u067e\u0631<\/b> , es un polycarpic perenne herb\u00e1cea de plantas con flores en la zanahoria de la familia Appiaceae,\u00a0originaria de la regi\u00f3n de Ir\u00e1n (Percia).\u00a0Crece de forma silvestre en las regiones monta\u00f1osas h\u00famedas de Ir\u00e1n, as\u00ed como en algunas \u00e1reas adyacentes.<\/p>\n","protected":false},"excerpt":{"rendered":"<p>Ang\u00e9lica molido granel Golpar Heracleum persicum , com\u00fanmente conocido comopersa hogweed, Golpar \u06af\u0644\u067e\u0631 , es un polycarpic perenne herb\u00e1cea de plantas con flores en la zanahoria de la familia Appiaceae,\u00a0originaria de la regi\u00f3n de Ir\u00e1n (Percia).\u00a0Crece de forma silvestre en las regiones monta\u00f1osas h\u00famedas de Ir\u00e1n, as\u00ed como en algunas \u00e1reas adyacentes.<\/p>\n","protected":false},"featured_media":1499,"template":"","meta":[],"product_brand":[],"product_cat":[22],"product_tag":[],"class_list":{"0":"post-1498","1":"product","2":"type-product","3":"status-publish","4":"has-post-thumbnail","6":"product_cat-gewurze--","8":"entry","9":"has-media","11":"first","12":"instock","13":"shipping-taxable","14":"purchasable","15":"product-type-simple","16":"has-product-nav","17":"col","18":"span_1_of_3","19":"owp-content-center","20":"owp-thumbs-layout-horizontal","21":"owp-btn-normal","22":"owp-tabs-layout-horizontal","23":"has-no-thumbnails"},"yoast_head":"<!-- This site is optimized with the Yoast SEO plugin v27.5 - https:\/\/yoast.com\/product\/yoast-seo-wordpress\/ -->\n<title>A plus Ang\u00e9lica molido granel Golpar 100g \u067e\u0648\u062f\u0631 \u06af\u0644\u067e\u0631 \u062f\u0631\u062c\u0647 \u06cc\u06a9 - Nikomand Trading SL. Iranian Shop Comida irani en Barcelona<\/title>\n<meta name=\"description\" content=\"Ang\u00e9lica molido granel Golpar. Proveedor de comida iran\u00ed y supermercado persa en Barcelona, \u200b\u200bEspa\u00f1a\" \/>\n<meta name=\"robots\" content=\"index, follow, max-snippet:-1, max-image-preview:large, max-video-preview:-1\" \/>\n<link rel=\"canonical\" href=\"https:\/\/nikomand.com\/?product=angelica-molido-granel-golpar-100g\" \/>\n<meta property=\"og:locale\" content=\"en_US\" \/>\n<meta property=\"og:type\" content=\"article\" \/>\n<meta property=\"og:title\" content=\"A plus Ang\u00e9lica molido granel Golpar 100g \u067e\u0648\u062f\u0631 \u06af\u0644\u067e\u0631 \u062f\u0631\u062c\u0647 \u06cc\u06a9 - Nikomand Trading SL. Iranian Shop Comida irani en Barcelona\" \/>\n<meta property=\"og:description\" content=\"Ang\u00e9lica molido granel Golpar. Proveedor de comida iran\u00ed y supermercado persa en Barcelona, \u200b\u200bEspa\u00f1a\" \/>\n<meta property=\"og:url\" content=\"https:\/\/nikomand.com\/?product=angelica-molido-granel-golpar-100g\" \/>\n<meta property=\"og:site_name\" content=\"Nikomand Trading SL. Iranian Shop Comida irani en Barcelona\" \/>\n<meta property=\"article:modified_time\" content=\"2025-12-23T16:08:44+00:00\" \/>\n<meta property=\"og:image\" content=\"https:\/\/nikomand.com\/wp-content\/uploads\/2025\/03\/Golpar-powder.jpg\" \/>\n\t<meta property=\"og:image:width\" content=\"600\" \/>\n\t<meta property=\"og:image:height\" content=\"600\" \/>\n\t<meta property=\"og:image:type\" content=\"image\/jpeg\" \/>\n<meta name=\"twitter:card\" content=\"summary_large_image\" \/>\n<meta name=\"twitter:label1\" content=\"Est. reading time\" \/>\n\t<meta name=\"twitter:data1\" content=\"1 minute\" \/>\n<script type=\"application\/ld+json\" class=\"yoast-schema-graph\">{\"@context\":\"https:\\\/\\\/schema.org\",\"@graph\":[{\"@type\":\"WebPage\",\"@id\":\"https:\\\/\\\/nikomand.com\\\/?product=angelica-molido-granel-golpar-100g\",\"url\":\"https:\\\/\\\/nikomand.com\\\/?product=angelica-molido-granel-golpar-100g\",\"name\":\"A plus Ang\u00e9lica molido granel Golpar 100g \u067e\u0648\u062f\u0631 \u06af\u0644\u067e\u0631 \u062f\u0631\u062c\u0647 \u06cc\u06a9 - Nikomand Trading SL. Iranian Shop Comida irani en Barcelona\",\"isPartOf\":{\"@id\":\"https:\\\/\\\/nikomand.com\\\/#website\"},\"primaryImageOfPage\":{\"@id\":\"https:\\\/\\\/nikomand.com\\\/?product=angelica-molido-granel-golpar-100g#primaryimage\"},\"image\":{\"@id\":\"https:\\\/\\\/nikomand.com\\\/?product=angelica-molido-granel-golpar-100g#primaryimage\"},\"thumbnailUrl\":\"https:\\\/\\\/nikomand.com\\\/wp-content\\\/uploads\\\/2025\\\/03\\\/Golpar-powder.jpg\",\"datePublished\":\"2025-03-22T11:37:35+00:00\",\"dateModified\":\"2025-12-23T16:08:44+00:00\",\"description\":\"Ang\u00e9lica molido granel Golpar. Proveedor de comida iran\u00ed y supermercado persa en Barcelona, \u200b\u200bEspa\u00f1a\",\"breadcrumb\":{\"@id\":\"https:\\\/\\\/nikomand.com\\\/?product=angelica-molido-granel-golpar-100g#breadcrumb\"},\"inLanguage\":\"en-US\",\"potentialAction\":[{\"@type\":\"ReadAction\",\"target\":[\"https:\\\/\\\/nikomand.com\\\/?product=angelica-molido-granel-golpar-100g\"]}]},{\"@type\":\"ImageObject\",\"inLanguage\":\"en-US\",\"@id\":\"https:\\\/\\\/nikomand.com\\\/?product=angelica-molido-granel-golpar-100g#primaryimage\",\"url\":\"https:\\\/\\\/nikomand.com\\\/wp-content\\\/uploads\\\/2025\\\/03\\\/Golpar-powder.jpg\",\"contentUrl\":\"https:\\\/\\\/nikomand.com\\\/wp-content\\\/uploads\\\/2025\\\/03\\\/Golpar-powder.jpg\",\"width\":600,\"height\":600,\"caption\":\"Supermarket-iranian-barcelona-persa-shop-store-food\"},{\"@type\":\"BreadcrumbList\",\"@id\":\"https:\\\/\\\/nikomand.com\\\/?product=angelica-molido-granel-golpar-100g#breadcrumb\",\"itemListElement\":[{\"@type\":\"ListItem\",\"position\":1,\"name\":\"Home\",\"item\":\"https:\\\/\\\/nikomand.com\\\/\"},{\"@type\":\"ListItem\",\"position\":2,\"name\":\"Shop\",\"item\":\"https:\\\/\\\/nikomand.com\\\/\"},{\"@type\":\"ListItem\",\"position\":3,\"name\":\"A plus Ang\u00e9lica molido granel Golpar 100g \u067e\u0648\u062f\u0631 \u06af\u0644\u067e\u0631 \u062f\u0631\u062c\u0647 \u06cc\u06a9\"}]},{\"@type\":\"WebSite\",\"@id\":\"https:\\\/\\\/nikomand.com\\\/#website\",\"url\":\"https:\\\/\\\/nikomand.com\\\/\",\"name\":\"Nikomand Trading SL. Iranian Shop Comida irani en Barcelona\",\"description\":\"Iranian Shop in Barcelona, tienda irani, Supermarket persian store, safran, rice, tea tienda de productos persa como arroz, t\u00e9, frutos secos, snacks, azafr\u00e1n, comida irani en Barcelona, \u200b\u200bEspa\u00f1a\",\"publisher\":{\"@id\":\"https:\\\/\\\/nikomand.com\\\/#organization\"},\"potentialAction\":[{\"@type\":\"SearchAction\",\"target\":{\"@type\":\"EntryPoint\",\"urlTemplate\":\"https:\\\/\\\/nikomand.com\\\/?s={search_term_string}\"},\"query-input\":{\"@type\":\"PropertyValueSpecification\",\"valueRequired\":true,\"valueName\":\"search_term_string\"}}],\"inLanguage\":\"en-US\"},{\"@type\":\"Organization\",\"@id\":\"https:\\\/\\\/nikomand.com\\\/#organization\",\"name\":\"Nikomand Trading SL. Iranian Shop Comida irani en Barcelona\",\"url\":\"https:\\\/\\\/nikomand.com\\\/\",\"logo\":{\"@type\":\"ImageObject\",\"inLanguage\":\"en-US\",\"@id\":\"https:\\\/\\\/nikomand.com\\\/#\\\/schema\\\/logo\\\/image\\\/\",\"url\":\"https:\\\/\\\/nikomand.com\\\/wp-content\\\/uploads\\\/2025\\\/01\\\/Logo-Etiket-Nikomand.jpg\",\"contentUrl\":\"https:\\\/\\\/nikomand.com\\\/wp-content\\\/uploads\\\/2025\\\/01\\\/Logo-Etiket-Nikomand.jpg\",\"width\":512,\"height\":512,\"caption\":\"Nikomand Trading SL. Iranian Shop Comida irani en Barcelona\"},\"image\":{\"@id\":\"https:\\\/\\\/nikomand.com\\\/#\\\/schema\\\/logo\\\/image\\\/\"}}]}<\/script>\n<!-- \/ Yoast SEO plugin. -->","yoast_head_json":{"title":"A plus Ang\u00e9lica molido granel Golpar 100g \u067e\u0648\u062f\u0631 \u06af\u0644\u067e\u0631 \u062f\u0631\u062c\u0647 \u06cc\u06a9 - Nikomand Trading SL. Iranian Shop Comida irani en Barcelona","description":"Ang\u00e9lica molido granel Golpar. Proveedor de comida iran\u00ed y supermercado persa en Barcelona, \u200b\u200bEspa\u00f1a","robots":{"index":"index","follow":"follow","max-snippet":"max-snippet:-1","max-image-preview":"max-image-preview:large","max-video-preview":"max-video-preview:-1"},"canonical":"https:\/\/nikomand.com\/?product=angelica-molido-granel-golpar-100g","og_locale":"en_US","og_type":"article","og_title":"A plus Ang\u00e9lica molido granel Golpar 100g \u067e\u0648\u062f\u0631 \u06af\u0644\u067e\u0631 \u062f\u0631\u062c\u0647 \u06cc\u06a9 - Nikomand Trading SL. Iranian Shop Comida irani en Barcelona","og_description":"Ang\u00e9lica molido granel Golpar. Proveedor de comida iran\u00ed y supermercado persa en Barcelona, \u200b\u200bEspa\u00f1a","og_url":"https:\/\/nikomand.com\/?product=angelica-molido-granel-golpar-100g","og_site_name":"Nikomand Trading SL. Iranian Shop Comida irani en Barcelona","article_modified_time":"2025-12-23T16:08:44+00:00","og_image":[{"width":600,"height":600,"url":"https:\/\/nikomand.com\/wp-content\/uploads\/2025\/03\/Golpar-powder.jpg","type":"image\/jpeg"}],"twitter_card":"summary_large_image","twitter_misc":{"Est. reading time":"1 minute"},"schema":{"@context":"https:\/\/schema.org","@graph":[{"@type":"WebPage","@id":"https:\/\/nikomand.com\/?product=angelica-molido-granel-golpar-100g","url":"https:\/\/nikomand.com\/?product=angelica-molido-granel-golpar-100g","name":"A plus Ang\u00e9lica molido granel Golpar 100g \u067e\u0648\u062f\u0631 \u06af\u0644\u067e\u0631 \u062f\u0631\u062c\u0647 \u06cc\u06a9 - Nikomand Trading SL. Iranian Shop Comida irani en Barcelona","isPartOf":{"@id":"https:\/\/nikomand.com\/#website"},"primaryImageOfPage":{"@id":"https:\/\/nikomand.com\/?product=angelica-molido-granel-golpar-100g#primaryimage"},"image":{"@id":"https:\/\/nikomand.com\/?product=angelica-molido-granel-golpar-100g#primaryimage"},"thumbnailUrl":"https:\/\/nikomand.com\/wp-content\/uploads\/2025\/03\/Golpar-powder.jpg","datePublished":"2025-03-22T11:37:35+00:00","dateModified":"2025-12-23T16:08:44+00:00","description":"Ang\u00e9lica molido granel Golpar. Proveedor de comida iran\u00ed y supermercado persa en Barcelona, \u200b\u200bEspa\u00f1a","breadcrumb":{"@id":"https:\/\/nikomand.com\/?product=angelica-molido-granel-golpar-100g#breadcrumb"},"inLanguage":"en-US","potentialAction":[{"@type":"ReadAction","target":["https:\/\/nikomand.com\/?product=angelica-molido-granel-golpar-100g"]}]},{"@type":"ImageObject","inLanguage":"en-US","@id":"https:\/\/nikomand.com\/?product=angelica-molido-granel-golpar-100g#primaryimage","url":"https:\/\/nikomand.com\/wp-content\/uploads\/2025\/03\/Golpar-powder.jpg","contentUrl":"https:\/\/nikomand.com\/wp-content\/uploads\/2025\/03\/Golpar-powder.jpg","width":600,"height":600,"caption":"Supermarket-iranian-barcelona-persa-shop-store-food"},{"@type":"BreadcrumbList","@id":"https:\/\/nikomand.com\/?product=angelica-molido-granel-golpar-100g#breadcrumb","itemListElement":[{"@type":"ListItem","position":1,"name":"Home","item":"https:\/\/nikomand.com\/"},{"@type":"ListItem","position":2,"name":"Shop","item":"https:\/\/nikomand.com\/"},{"@type":"ListItem","position":3,"name":"A plus Ang\u00e9lica molido granel Golpar 100g \u067e\u0648\u062f\u0631 \u06af\u0644\u067e\u0631 \u062f\u0631\u062c\u0647 \u06cc\u06a9"}]},{"@type":"WebSite","@id":"https:\/\/nikomand.com\/#website","url":"https:\/\/nikomand.com\/","name":"Nikomand Trading SL. Iranian Shop Comida irani en Barcelona","description":"Iranian Shop in Barcelona, tienda irani, Supermarket persian store, safran, rice, tea tienda de productos persa como arroz, t\u00e9, frutos secos, snacks, azafr\u00e1n, comida irani en Barcelona, \u200b\u200bEspa\u00f1a","publisher":{"@id":"https:\/\/nikomand.com\/#organization"},"potentialAction":[{"@type":"SearchAction","target":{"@type":"EntryPoint","urlTemplate":"https:\/\/nikomand.com\/?s={search_term_string}"},"query-input":{"@type":"PropertyValueSpecification","valueRequired":true,"valueName":"search_term_string"}}],"inLanguage":"en-US"},{"@type":"Organization","@id":"https:\/\/nikomand.com\/#organization","name":"Nikomand Trading SL. Iranian Shop Comida irani en Barcelona","url":"https:\/\/nikomand.com\/","logo":{"@type":"ImageObject","inLanguage":"en-US","@id":"https:\/\/nikomand.com\/#\/schema\/logo\/image\/","url":"https:\/\/nikomand.com\/wp-content\/uploads\/2025\/01\/Logo-Etiket-Nikomand.jpg","contentUrl":"https:\/\/nikomand.com\/wp-content\/uploads\/2025\/01\/Logo-Etiket-Nikomand.jpg","width":512,"height":512,"caption":"Nikomand Trading SL. Iranian Shop Comida irani en Barcelona"},"image":{"@id":"https:\/\/nikomand.com\/#\/schema\/logo\/image\/"}}]}},"_links":{"self":[{"href":"https:\/\/nikomand.com\/index.php?rest_route=\/wp\/v2\/product\/1498","targetHints":{"allow":["GET"]}}],"collection":[{"href":"https:\/\/nikomand.com\/index.php?rest_route=\/wp\/v2\/product"}],"about":[{"href":"https:\/\/nikomand.com\/index.php?rest_route=\/wp\/v2\/types\/product"}],"wp:featuredmedia":[{"embeddable":true,"href":"https:\/\/nikomand.com\/index.php?rest_route=\/wp\/v2\/media\/1499"}],"wp:attachment":[{"href":"https:\/\/nikomand.com\/index.php?rest_route=%2Fwp%2Fv2%2Fmedia&parent=1498"}],"wp:term":[{"taxonomy":"product_brand","embeddable":true,"href":"https:\/\/nikomand.com\/index.php?rest_route=%2Fwp%2Fv2%2Fproduct_brand&post=1498"},{"taxonomy":"product_cat","embeddable":true,"href":"https:\/\/nikomand.com\/index.php?rest_route=%2Fwp%2Fv2%2Fproduct_cat&post=1498"},{"taxonomy":"product_tag","embeddable":true,"href":"https:\/\/nikomand.com\/index.php?rest_route=%2Fwp%2Fv2%2Fproduct_tag&post=1498"}],"curies":[{"name":"wp","href":"https:\/\/api.w.org\/{rel}","templated":true}]}}