{"id":2150,"date":"2026-04-22T12:23:21","date_gmt":"2026-04-22T12:23:21","guid":{"rendered":"https:\/\/nikomand.com\/?page_id=2150"},"modified":"2026-04-22T13:18:36","modified_gmt":"2026-04-22T13:18:36","slug":"productos-iranies-persas-barcelona","status":"publish","type":"page","link":"https:\/\/nikomand.com\/?page_id=2150","title":{"rendered":"Productos iranies persas barcelona"},"content":{"rendered":"<p>Cocci\u00f3n lenta: Muchos platos iran\u00edes aut\u00e9nticos, como los guisos y caldos, requieren un tiempo de cocci\u00f3n prolongado, lo que los hace deliciosos y realza el verdadero sabor de los ingredientes.<\/p>\n<figure id=\"attachment_2145\" aria-describedby=\"caption-attachment-2145\" style=\"width: 262px\" class=\"wp-caption alignnone\"><img fetchpriority=\"high\" decoding=\"async\" class=\"size-medium wp-image-2145\" src=\"https:\/\/nikomand.com\/wp-content\/uploads\/2026\/04\/Iranian-shop-barcelona-tienda-irani-copy-262x300.jpg\" alt=\"Nikomand-iranian-shop-barcelona-tienda-persa\" width=\"262\" height=\"300\" srcset=\"https:\/\/nikomand.com\/wp-content\/uploads\/2026\/04\/Iranian-shop-barcelona-tienda-irani-copy-262x300.jpg 262w, https:\/\/nikomand.com\/wp-content\/uploads\/2026\/04\/Iranian-shop-barcelona-tienda-irani-copy-200x229.jpg 200w, https:\/\/nikomand.com\/wp-content\/uploads\/2026\/04\/Iranian-shop-barcelona-tienda-irani-copy.jpg 660w\" sizes=\"(max-width: 262px) 100vw, 262px\" \/><figcaption id=\"caption-attachment-2145\" class=\"wp-caption-text\">Nikomand-iranian-shop-barcelona-tienda-persa<\/figcaption><\/figure>\n<p>Uso de azafr\u00e1n y especias arom\u00e1ticas: El azafr\u00e1n, considerado el oro rojo de Ir\u00e1n, aporta un aroma y color especiales a los platos que son s\u00edmbolo de la gastronom\u00eda iran\u00ed.<\/p>\n<p>Platos saludables y tradicionales: La combinaci\u00f3n de legumbres, carne (cordero, ternera, pollo) y grasas naturales, junto con diversos tipos de yogur, verduras y encurtidos, conforma una comida sana y completa.<\/p>\n<p>Entre los platos m\u00e1s populares se encuentran el chelokebab, el ghorme-sabzi, el fesanjan, el caldo (daisy) y diversos tipos de pilaf mixto (como el shirin-pilaf).<\/p>\n<figure id=\"attachment_2143\" aria-describedby=\"caption-attachment-2143\" style=\"width: 300px\" class=\"wp-caption alignnone\"><img decoding=\"async\" class=\"size-medium wp-image-2143\" src=\"https:\/\/nikomand.com\/wp-content\/uploads\/2026\/04\/Ice-cream-300x278.jpg\" alt=\"Productos iranies persas barcelona\" width=\"300\" height=\"278\" srcset=\"https:\/\/nikomand.com\/wp-content\/uploads\/2026\/04\/Ice-cream-300x278.jpg 300w, https:\/\/nikomand.com\/wp-content\/uploads\/2026\/04\/Ice-cream-1024x947.jpg 1024w, https:\/\/nikomand.com\/wp-content\/uploads\/2026\/04\/Ice-cream-768x710.jpg 768w, https:\/\/nikomand.com\/wp-content\/uploads\/2026\/04\/Ice-cream-200x185.jpg 200w, https:\/\/nikomand.com\/wp-content\/uploads\/2026\/04\/Ice-cream.jpg 1280w\" sizes=\"(max-width: 300px) 100vw, 300px\" \/><figcaption id=\"caption-attachment-2143\" class=\"wp-caption-text\">Productos iranies persas barcelona<\/figcaption><\/figure>\n<p><img decoding=\"async\" class=\" wp-image-2135 aligncenter\" src=\"https:\/\/nikomand.com\/wp-content\/uploads\/2026\/04\/comida-persa-irani-barcelona-300x239.jpg\" alt=\"\" width=\"584\" height=\"465\" srcset=\"https:\/\/nikomand.com\/wp-content\/uploads\/2026\/04\/comida-persa-irani-barcelona-300x239.jpg 300w, https:\/\/nikomand.com\/wp-content\/uploads\/2026\/04\/comida-persa-irani-barcelona-1024x814.jpg 1024w, https:\/\/nikomand.com\/wp-content\/uploads\/2026\/04\/comida-persa-irani-barcelona-768x611.jpg 768w, https:\/\/nikomand.com\/wp-content\/uploads\/2026\/04\/comida-persa-irani-barcelona-200x159.jpg 200w, https:\/\/nikomand.com\/wp-content\/uploads\/2026\/04\/comida-persa-irani-barcelona.jpg 1280w\" sizes=\"(max-width: 584px) 100vw, 584px\" \/><\/p>\n<p><img loading=\"lazy\" decoding=\"async\" class=\" wp-image-2134 aligncenter\" src=\"https:\/\/nikomand.com\/wp-content\/uploads\/2026\/04\/comida-irani-barcelona-300x225.jpg\" alt=\"\" width=\"588\" height=\"441\" srcset=\"https:\/\/nikomand.com\/wp-content\/uploads\/2026\/04\/comida-irani-barcelona-300x225.jpg 300w, https:\/\/nikomand.com\/wp-content\/uploads\/2026\/04\/comida-irani-barcelona-1024x768.jpg 1024w, https:\/\/nikomand.com\/wp-content\/uploads\/2026\/04\/comida-irani-barcelona-768x576.jpg 768w, https:\/\/nikomand.com\/wp-content\/uploads\/2026\/04\/comida-irani-barcelona-200x150.jpg 200w, https:\/\/nikomand.com\/wp-content\/uploads\/2026\/04\/comida-irani-barcelona.jpg 1280w\" sizes=\"(max-width: 588px) 100vw, 588px\" \/><\/p>\n<p><img loading=\"lazy\" decoding=\"async\" class=\" wp-image-2141 aligncenter\" src=\"https:\/\/nikomand.com\/wp-content\/uploads\/2026\/04\/supermercado-irani-comida-irani-barcelona-300x233.jpg\" alt=\"\" width=\"588\" height=\"457\" srcset=\"https:\/\/nikomand.com\/wp-content\/uploads\/2026\/04\/supermercado-irani-comida-irani-barcelona-300x233.jpg 300w, https:\/\/nikomand.com\/wp-content\/uploads\/2026\/04\/supermercado-irani-comida-irani-barcelona-1024x794.jpg 1024w, https:\/\/nikomand.com\/wp-content\/uploads\/2026\/04\/supermercado-irani-comida-irani-barcelona-768x595.jpg 768w, https:\/\/nikomand.com\/wp-content\/uploads\/2026\/04\/supermercado-irani-comida-irani-barcelona-200x155.jpg 200w, https:\/\/nikomand.com\/wp-content\/uploads\/2026\/04\/supermercado-irani-comida-irani-barcelona.jpg 1280w\" sizes=\"(max-width: 588px) 100vw, 588px\" \/><\/p>\n","protected":false},"excerpt":{"rendered":"<p>Cocci\u00f3n lenta: Muchos platos iran\u00edes aut\u00e9nticos, como los guisos y caldos, requieren un tiempo de cocci\u00f3n prolongado, lo que los hace deliciosos y realza el verdadero sabor de los ingredientes. Uso de azafr\u00e1n y especias arom\u00e1ticas: El azafr\u00e1n, considerado el oro rojo de Ir\u00e1n, aporta un aroma y color especiales a los platos que son [&hellip;]<\/p>\n","protected":false},"author":1,"featured_media":0,"parent":0,"menu_order":0,"comment_status":"closed","ping_status":"closed","template":"","meta":{"footnotes":""},"class_list":["post-2150","page","type-page","status-publish","hentry","entry","owp-thumbs-layout-horizontal","owp-btn-normal","owp-tabs-layout-horizontal","has-no-thumbnails","has-product-nav"],"yoast_head":"<!-- This site is optimized with the Yoast SEO plugin v27.4 - https:\/\/yoast.com\/product\/yoast-seo-wordpress\/ -->\n<title>Productos iranies persas barcelona - Nikomand Iranian Shop, tienda iran\u00ed, supermercado y alimentos persa en Barcelona<\/title>\n<meta name=\"description\" content=\"Productos iranies persas barcelona\" \/>\n<meta name=\"robots\" content=\"index, follow, max-snippet:-1, max-image-preview:large, max-video-preview:-1\" \/>\n<link rel=\"canonical\" href=\"https:\/\/nikomand.com\/?page_id=2150\" \/>\n<meta property=\"og:locale\" content=\"en_US\" \/>\n<meta property=\"og:type\" content=\"article\" \/>\n<meta property=\"og:title\" content=\"Productos iranies persas barcelona - Nikomand Iranian Shop, tienda iran\u00ed, supermercado y alimentos persa en Barcelona\" \/>\n<meta property=\"og:description\" content=\"Productos iranies persas barcelona\" \/>\n<meta property=\"og:url\" content=\"https:\/\/nikomand.com\/?page_id=2150\" \/>\n<meta property=\"og:site_name\" content=\"Nikomand Iranian Shop, tienda iran\u00ed, supermercado y alimentos persa en Barcelona\" \/>\n<meta property=\"article:modified_time\" content=\"2026-04-22T13:18:36+00:00\" \/>\n<meta property=\"og:image\" content=\"https:\/\/nikomand.com\/wp-content\/uploads\/2026\/04\/Iranian-shop-barcelona-tienda-irani-copy.jpg\" \/>\n\t<meta property=\"og:image:width\" content=\"660\" \/>\n\t<meta property=\"og:image:height\" content=\"756\" \/>\n\t<meta property=\"og:image:type\" content=\"image\/jpeg\" \/>\n<meta name=\"twitter:card\" content=\"summary_large_image\" \/>\n<meta name=\"twitter:label1\" content=\"Est. reading time\" \/>\n\t<meta name=\"twitter:data1\" content=\"2 minutes\" \/>\n<script type=\"application\/ld+json\" class=\"yoast-schema-graph\">{\"@context\":\"https:\\\/\\\/schema.org\",\"@graph\":[{\"@type\":\"WebPage\",\"@id\":\"https:\\\/\\\/nikomand.com\\\/?page_id=2150\",\"url\":\"https:\\\/\\\/nikomand.com\\\/?page_id=2150\",\"name\":\"Productos iranies persas barcelona - Nikomand Iranian Shop, tienda iran\u00ed, supermercado y alimentos persa en Barcelona\",\"isPartOf\":{\"@id\":\"https:\\\/\\\/nikomand.com\\\/#website\"},\"primaryImageOfPage\":{\"@id\":\"https:\\\/\\\/nikomand.com\\\/?page_id=2150#primaryimage\"},\"image\":{\"@id\":\"https:\\\/\\\/nikomand.com\\\/?page_id=2150#primaryimage\"},\"thumbnailUrl\":\"https:\\\/\\\/nikomand.com\\\/wp-content\\\/uploads\\\/2026\\\/04\\\/Iranian-shop-barcelona-tienda-irani-copy-262x300.jpg\",\"datePublished\":\"2026-04-22T12:23:21+00:00\",\"dateModified\":\"2026-04-22T13:18:36+00:00\",\"description\":\"Productos iranies persas barcelona\",\"breadcrumb\":{\"@id\":\"https:\\\/\\\/nikomand.com\\\/?page_id=2150#breadcrumb\"},\"inLanguage\":\"en-US\",\"potentialAction\":[{\"@type\":\"ReadAction\",\"target\":[\"https:\\\/\\\/nikomand.com\\\/?page_id=2150\"]}]},{\"@type\":\"ImageObject\",\"inLanguage\":\"en-US\",\"@id\":\"https:\\\/\\\/nikomand.com\\\/?page_id=2150#primaryimage\",\"url\":\"https:\\\/\\\/nikomand.com\\\/wp-content\\\/uploads\\\/2026\\\/04\\\/Iranian-shop-barcelona-tienda-irani-copy.jpg\",\"contentUrl\":\"https:\\\/\\\/nikomand.com\\\/wp-content\\\/uploads\\\/2026\\\/04\\\/Iranian-shop-barcelona-tienda-irani-copy.jpg\",\"width\":660,\"height\":756,\"caption\":\"Nikomand-iranian-shop-barcelona-tienda-persa\"},{\"@type\":\"BreadcrumbList\",\"@id\":\"https:\\\/\\\/nikomand.com\\\/?page_id=2150#breadcrumb\",\"itemListElement\":[{\"@type\":\"ListItem\",\"position\":1,\"name\":\"Home\",\"item\":\"https:\\\/\\\/nikomand.com\\\/\"},{\"@type\":\"ListItem\",\"position\":2,\"name\":\"Productos iranies persas barcelona\"}]},{\"@type\":\"WebSite\",\"@id\":\"https:\\\/\\\/nikomand.com\\\/#website\",\"url\":\"https:\\\/\\\/nikomand.com\\\/\",\"name\":\"Nikomand Iranian Shop, tienda iran\u00ed, supermercado y alimentos persa en Barcelona\",\"description\":\"Iranian Shop in Barcelona, tienda irani, Supermarket persian store, safran, rice, tea tienda de productos persa como arroz, t\u00e9, frutos secos, snacks, azafr\u00e1n, comidas en Barcelona, \u200b\u200bEspa\u00f1a\",\"publisher\":{\"@id\":\"https:\\\/\\\/nikomand.com\\\/#organization\"},\"potentialAction\":[{\"@type\":\"SearchAction\",\"target\":{\"@type\":\"EntryPoint\",\"urlTemplate\":\"https:\\\/\\\/nikomand.com\\\/?s={search_term_string}\"},\"query-input\":{\"@type\":\"PropertyValueSpecification\",\"valueRequired\":true,\"valueName\":\"search_term_string\"}}],\"inLanguage\":\"en-US\"},{\"@type\":\"Organization\",\"@id\":\"https:\\\/\\\/nikomand.com\\\/#organization\",\"name\":\"Nikomand Iranian Shop, tienda iran\u00ed, supermercado y alimentos persa en Barcelona\",\"url\":\"https:\\\/\\\/nikomand.com\\\/\",\"logo\":{\"@type\":\"ImageObject\",\"inLanguage\":\"en-US\",\"@id\":\"https:\\\/\\\/nikomand.com\\\/#\\\/schema\\\/logo\\\/image\\\/\",\"url\":\"https:\\\/\\\/nikomand.com\\\/wp-content\\\/uploads\\\/2025\\\/01\\\/Logo-Etiket-Nikomand.jpg\",\"contentUrl\":\"https:\\\/\\\/nikomand.com\\\/wp-content\\\/uploads\\\/2025\\\/01\\\/Logo-Etiket-Nikomand.jpg\",\"width\":512,\"height\":512,\"caption\":\"Nikomand Iranian Shop, tienda iran\u00ed, supermercado y alimentos persa en Barcelona\"},\"image\":{\"@id\":\"https:\\\/\\\/nikomand.com\\\/#\\\/schema\\\/logo\\\/image\\\/\"}}]}<\/script>\n<!-- \/ Yoast SEO plugin. -->","yoast_head_json":{"title":"Productos iranies persas barcelona - Nikomand Iranian Shop, tienda iran\u00ed, supermercado y alimentos persa en Barcelona","description":"Productos iranies persas barcelona","robots":{"index":"index","follow":"follow","max-snippet":"max-snippet:-1","max-image-preview":"max-image-preview:large","max-video-preview":"max-video-preview:-1"},"canonical":"https:\/\/nikomand.com\/?page_id=2150","og_locale":"en_US","og_type":"article","og_title":"Productos iranies persas barcelona - Nikomand Iranian Shop, tienda iran\u00ed, supermercado y alimentos persa en Barcelona","og_description":"Productos iranies persas barcelona","og_url":"https:\/\/nikomand.com\/?page_id=2150","og_site_name":"Nikomand Iranian Shop, tienda iran\u00ed, supermercado y alimentos persa en Barcelona","article_modified_time":"2026-04-22T13:18:36+00:00","og_image":[{"width":660,"height":756,"url":"https:\/\/nikomand.com\/wp-content\/uploads\/2026\/04\/Iranian-shop-barcelona-tienda-irani-copy.jpg","type":"image\/jpeg"}],"twitter_card":"summary_large_image","twitter_misc":{"Est. reading time":"2 minutes"},"schema":{"@context":"https:\/\/schema.org","@graph":[{"@type":"WebPage","@id":"https:\/\/nikomand.com\/?page_id=2150","url":"https:\/\/nikomand.com\/?page_id=2150","name":"Productos iranies persas barcelona - Nikomand Iranian Shop, tienda iran\u00ed, supermercado y alimentos persa en Barcelona","isPartOf":{"@id":"https:\/\/nikomand.com\/#website"},"primaryImageOfPage":{"@id":"https:\/\/nikomand.com\/?page_id=2150#primaryimage"},"image":{"@id":"https:\/\/nikomand.com\/?page_id=2150#primaryimage"},"thumbnailUrl":"https:\/\/nikomand.com\/wp-content\/uploads\/2026\/04\/Iranian-shop-barcelona-tienda-irani-copy-262x300.jpg","datePublished":"2026-04-22T12:23:21+00:00","dateModified":"2026-04-22T13:18:36+00:00","description":"Productos iranies persas barcelona","breadcrumb":{"@id":"https:\/\/nikomand.com\/?page_id=2150#breadcrumb"},"inLanguage":"en-US","potentialAction":[{"@type":"ReadAction","target":["https:\/\/nikomand.com\/?page_id=2150"]}]},{"@type":"ImageObject","inLanguage":"en-US","@id":"https:\/\/nikomand.com\/?page_id=2150#primaryimage","url":"https:\/\/nikomand.com\/wp-content\/uploads\/2026\/04\/Iranian-shop-barcelona-tienda-irani-copy.jpg","contentUrl":"https:\/\/nikomand.com\/wp-content\/uploads\/2026\/04\/Iranian-shop-barcelona-tienda-irani-copy.jpg","width":660,"height":756,"caption":"Nikomand-iranian-shop-barcelona-tienda-persa"},{"@type":"BreadcrumbList","@id":"https:\/\/nikomand.com\/?page_id=2150#breadcrumb","itemListElement":[{"@type":"ListItem","position":1,"name":"Home","item":"https:\/\/nikomand.com\/"},{"@type":"ListItem","position":2,"name":"Productos iranies persas barcelona"}]},{"@type":"WebSite","@id":"https:\/\/nikomand.com\/#website","url":"https:\/\/nikomand.com\/","name":"Nikomand Iranian Shop, tienda iran\u00ed, supermercado y alimentos persa en Barcelona","description":"Iranian Shop in Barcelona, tienda irani, Supermarket persian store, safran, rice, tea tienda de productos persa como arroz, t\u00e9, frutos secos, snacks, azafr\u00e1n, comidas en Barcelona, \u200b\u200bEspa\u00f1a","publisher":{"@id":"https:\/\/nikomand.com\/#organization"},"potentialAction":[{"@type":"SearchAction","target":{"@type":"EntryPoint","urlTemplate":"https:\/\/nikomand.com\/?s={search_term_string}"},"query-input":{"@type":"PropertyValueSpecification","valueRequired":true,"valueName":"search_term_string"}}],"inLanguage":"en-US"},{"@type":"Organization","@id":"https:\/\/nikomand.com\/#organization","name":"Nikomand Iranian Shop, tienda iran\u00ed, supermercado y alimentos persa en Barcelona","url":"https:\/\/nikomand.com\/","logo":{"@type":"ImageObject","inLanguage":"en-US","@id":"https:\/\/nikomand.com\/#\/schema\/logo\/image\/","url":"https:\/\/nikomand.com\/wp-content\/uploads\/2025\/01\/Logo-Etiket-Nikomand.jpg","contentUrl":"https:\/\/nikomand.com\/wp-content\/uploads\/2025\/01\/Logo-Etiket-Nikomand.jpg","width":512,"height":512,"caption":"Nikomand Iranian Shop, tienda iran\u00ed, supermercado y alimentos persa en Barcelona"},"image":{"@id":"https:\/\/nikomand.com\/#\/schema\/logo\/image\/"}}]}},"_links":{"self":[{"href":"https:\/\/nikomand.com\/index.php?rest_route=\/wp\/v2\/pages\/2150","targetHints":{"allow":["GET"]}}],"collection":[{"href":"https:\/\/nikomand.com\/index.php?rest_route=\/wp\/v2\/pages"}],"about":[{"href":"https:\/\/nikomand.com\/index.php?rest_route=\/wp\/v2\/types\/page"}],"author":[{"embeddable":true,"href":"https:\/\/nikomand.com\/index.php?rest_route=\/wp\/v2\/users\/1"}],"replies":[{"embeddable":true,"href":"https:\/\/nikomand.com\/index.php?rest_route=%2Fwp%2Fv2%2Fcomments&post=2150"}],"version-history":[{"count":4,"href":"https:\/\/nikomand.com\/index.php?rest_route=\/wp\/v2\/pages\/2150\/revisions"}],"predecessor-version":[{"id":2161,"href":"https:\/\/nikomand.com\/index.php?rest_route=\/wp\/v2\/pages\/2150\/revisions\/2161"}],"wp:attachment":[{"href":"https:\/\/nikomand.com\/index.php?rest_route=%2Fwp%2Fv2%2Fmedia&parent=2150"}],"curies":[{"name":"wp","href":"https:\/\/api.w.org\/{rel}","templated":true}]}}