{"id":2148,"date":"2026-04-22T12:17:36","date_gmt":"2026-04-22T12:17:36","guid":{"rendered":"https:\/\/nikomand.com\/?page_id=2148"},"modified":"2026-04-22T13:22:26","modified_gmt":"2026-04-22T13:22:26","slug":"comida-irani-persa-barcelona","status":"publish","type":"page","link":"https:\/\/nikomand.com\/?page_id=2148","title":{"rendered":"Comida irani persa barcelona"},"content":{"rendered":"<p>Sabores equilibrados y suaves: A diferencia de la gastronom\u00eda de otros pa\u00edses, la cocina iran\u00ed no suele ser picante y crea una combinaci\u00f3n de sabores \u00e1cidos, dulces o suaves (como el fesenjan) mediante el uso de condimentos naturales como el zumo de lim\u00f3n, el abghureh, la pasta de granada y el azafr\u00e1n.<\/p>\n<figure id=\"attachment_2139\" aria-describedby=\"caption-attachment-2139\" style=\"width: 200px\" class=\"wp-caption alignnone\"><img fetchpriority=\"high\" decoding=\"async\" class=\"size-medium wp-image-2139\" src=\"https:\/\/nikomand.com\/wp-content\/uploads\/2026\/04\/productos-persa-en-barcelona-200x300.jpg\" alt=\"Comida irani persa barcelona\" width=\"200\" height=\"300\" srcset=\"https:\/\/nikomand.com\/wp-content\/uploads\/2026\/04\/productos-persa-en-barcelona-200x300.jpg 200w, https:\/\/nikomand.com\/wp-content\/uploads\/2026\/04\/productos-persa-en-barcelona-682x1024.jpg 682w, https:\/\/nikomand.com\/wp-content\/uploads\/2026\/04\/productos-persa-en-barcelona-768x1152.jpg 768w, https:\/\/nikomand.com\/wp-content\/uploads\/2026\/04\/productos-persa-en-barcelona.jpg 853w\" sizes=\"(max-width: 200px) 100vw, 200px\" \/><figcaption id=\"caption-attachment-2139\" class=\"wp-caption-text\">Comida irani persa barcelona<\/figcaption><\/figure>\n<p>Arroz; El plato principal: El arroz iran\u00ed (chlo), que generalmente se cocina en un colador con deliciosas guarniciones (pan o patatas), es un rasgo distintivo de esta gastronom\u00eda.<\/p>\n<p>Cocci\u00f3n lenta: Muchos platos iran\u00edes aut\u00e9nticos, como los guisos y caldos, requieren un tiempo prolongado de cocci\u00f3n, lo que los hace deliciosos y libera el verdadero sabor de los ingredientes.<\/p>\n<p>Uso de azafr\u00e1n y especias arom\u00e1ticas: El azafr\u00e1n, considerado el oro rojo de Ir\u00e1n, aporta un aroma y color especiales a los platos que son s\u00edmbolo de la cocina iran\u00ed.<\/p>\n<p>Platos saludables y tradicionales: El uso de legumbres, carne (cordero, ternera, pollo) y grasas naturales, junto con diversos tipos de yogur, verduras y encurtidos, conforma una comida sana y completa.<\/p>\n<p>Entre los platos m\u00e1s populares se encuentran el chlo kebab, el ghorme sabzi, el fesanjan, el caldo (daisy) y diversos tipos de pilaf mixto (como el shirin pilaf).<\/p>\n<figure id=\"attachment_2144\" aria-describedby=\"caption-attachment-2144\" style=\"width: 581px\" class=\"wp-caption aligncenter\"><img decoding=\"async\" class=\" wp-image-2144\" src=\"https:\/\/nikomand.com\/wp-content\/uploads\/2026\/04\/Iranian-shop-barcelona-300x300.jpg\" alt=\"Comida irani persa barcelona\" width=\"581\" height=\"581\" srcset=\"https:\/\/nikomand.com\/wp-content\/uploads\/2026\/04\/Iranian-shop-barcelona-300x300.jpg 300w, https:\/\/nikomand.com\/wp-content\/uploads\/2026\/04\/Iranian-shop-barcelona-150x150.jpg 150w, https:\/\/nikomand.com\/wp-content\/uploads\/2026\/04\/Iranian-shop-barcelona-200x200.jpg 200w, https:\/\/nikomand.com\/wp-content\/uploads\/2026\/04\/Iranian-shop-barcelona-100x100.jpg 100w, https:\/\/nikomand.com\/wp-content\/uploads\/2026\/04\/Iranian-shop-barcelona.jpg 512w\" sizes=\"(max-width: 581px) 100vw, 581px\" \/><figcaption id=\"caption-attachment-2144\" class=\"wp-caption-text\">Comida irani persa barcelona<\/figcaption><\/figure>\n<p><img decoding=\"async\" class=\" wp-image-2069 aligncenter\" src=\"https:\/\/nikomand.com\/wp-content\/uploads\/2026\/03\/IMG-20260225-WA0008-215x300.jpg\" alt=\"\" width=\"530\" height=\"740\" srcset=\"https:\/\/nikomand.com\/wp-content\/uploads\/2026\/03\/IMG-20260225-WA0008-215x300.jpg 215w, https:\/\/nikomand.com\/wp-content\/uploads\/2026\/03\/IMG-20260225-WA0008-734x1024.jpg 734w, https:\/\/nikomand.com\/wp-content\/uploads\/2026\/03\/IMG-20260225-WA0008-768x1071.jpg 768w, https:\/\/nikomand.com\/wp-content\/uploads\/2026\/03\/IMG-20260225-WA0008-200x279.jpg 200w, https:\/\/nikomand.com\/wp-content\/uploads\/2026\/03\/IMG-20260225-WA0008.jpg 847w\" sizes=\"(max-width: 530px) 100vw, 530px\" \/><\/p>\n<figure id=\"attachment_2076\" aria-describedby=\"caption-attachment-2076\" style=\"width: 589px\" class=\"wp-caption aligncenter\"><img loading=\"lazy\" decoding=\"async\" class=\" wp-image-2076\" src=\"https:\/\/nikomand.com\/wp-content\/uploads\/2026\/03\/Okra-stew-hani-khoresht-bamieh-300x159.png\" alt=\"Okra stew hani khoresht bamieh iranian supermarket Nikomand Barcelona\" width=\"589\" height=\"312\" srcset=\"https:\/\/nikomand.com\/wp-content\/uploads\/2026\/03\/Okra-stew-hani-khoresht-bamieh-300x159.png 300w, https:\/\/nikomand.com\/wp-content\/uploads\/2026\/03\/Okra-stew-hani-khoresht-bamieh-200x106.png 200w, https:\/\/nikomand.com\/wp-content\/uploads\/2026\/03\/Okra-stew-hani-khoresht-bamieh.png 652w\" sizes=\"(max-width: 589px) 100vw, 589px\" \/><figcaption id=\"caption-attachment-2076\" class=\"wp-caption-text\">Okra stew hani khoresht bamieh iranian supermarket Nikomand Barcelona<\/figcaption><\/figure>\n<p>&nbsp;<\/p>\n<p><img loading=\"lazy\" decoding=\"async\" class=\" wp-image-2067 aligncenter\" src=\"https:\/\/nikomand.com\/wp-content\/uploads\/2026\/03\/IMG-20260225-WA0010-300x300.jpg\" alt=\"\" width=\"554\" height=\"554\" srcset=\"https:\/\/nikomand.com\/wp-content\/uploads\/2026\/03\/IMG-20260225-WA0010-300x300.jpg 300w, https:\/\/nikomand.com\/wp-content\/uploads\/2026\/03\/IMG-20260225-WA0010-150x150.jpg 150w, https:\/\/nikomand.com\/wp-content\/uploads\/2026\/03\/IMG-20260225-WA0010-600x600.jpg 600w, https:\/\/nikomand.com\/wp-content\/uploads\/2026\/03\/IMG-20260225-WA0010-200x199.jpg 200w, https:\/\/nikomand.com\/wp-content\/uploads\/2026\/03\/IMG-20260225-WA0010-100x100.jpg 100w\" sizes=\"(max-width: 554px) 100vw, 554px\" \/><\/p>\n<p><img loading=\"lazy\" decoding=\"async\" class=\" wp-image-2068 aligncenter\" src=\"https:\/\/nikomand.com\/wp-content\/uploads\/2026\/03\/IMG-20260225-WA0009-228x300.jpg\" alt=\"\" width=\"531\" height=\"699\" srcset=\"https:\/\/nikomand.com\/wp-content\/uploads\/2026\/03\/IMG-20260225-WA0009-228x300.jpg 228w, https:\/\/nikomand.com\/wp-content\/uploads\/2026\/03\/IMG-20260225-WA0009-778x1024.jpg 778w, https:\/\/nikomand.com\/wp-content\/uploads\/2026\/03\/IMG-20260225-WA0009-768x1011.jpg 768w, https:\/\/nikomand.com\/wp-content\/uploads\/2026\/03\/IMG-20260225-WA0009-200x263.jpg 200w, https:\/\/nikomand.com\/wp-content\/uploads\/2026\/03\/IMG-20260225-WA0009.jpg 900w\" sizes=\"(max-width: 531px) 100vw, 531px\" \/><\/p>\n<p><img loading=\"lazy\" decoding=\"async\" class=\" wp-image-2137 aligncenter\" src=\"https:\/\/nikomand.com\/wp-content\/uploads\/2026\/04\/Datiles-Mazafati-Naturales-271x300.jpg\" alt=\"\" width=\"553\" height=\"612\" srcset=\"https:\/\/nikomand.com\/wp-content\/uploads\/2026\/04\/Datiles-Mazafati-Naturales-271x300.jpg 271w, https:\/\/nikomand.com\/wp-content\/uploads\/2026\/04\/Datiles-Mazafati-Naturales-925x1024.jpg 925w, https:\/\/nikomand.com\/wp-content\/uploads\/2026\/04\/Datiles-Mazafati-Naturales-768x850.jpg 768w, https:\/\/nikomand.com\/wp-content\/uploads\/2026\/04\/Datiles-Mazafati-Naturales-200x221.jpg 200w, https:\/\/nikomand.com\/wp-content\/uploads\/2026\/04\/Datiles-Mazafati-Naturales-rotated.jpg 1156w\" sizes=\"(max-width: 553px) 100vw, 553px\" \/><\/p>\n<p><img loading=\"lazy\" decoding=\"async\" class=\" wp-image-2140 aligncenter\" src=\"https:\/\/nikomand.com\/wp-content\/uploads\/2026\/04\/supermercado-irani-barcelona-300x300.jpg\" alt=\"\" width=\"573\" height=\"573\" srcset=\"https:\/\/nikomand.com\/wp-content\/uploads\/2026\/04\/supermercado-irani-barcelona-300x300.jpg 300w, https:\/\/nikomand.com\/wp-content\/uploads\/2026\/04\/supermercado-irani-barcelona-1024x1024.jpg 1024w, https:\/\/nikomand.com\/wp-content\/uploads\/2026\/04\/supermercado-irani-barcelona-150x150.jpg 150w, https:\/\/nikomand.com\/wp-content\/uploads\/2026\/04\/supermercado-irani-barcelona-768x768.jpg 768w, https:\/\/nikomand.com\/wp-content\/uploads\/2026\/04\/supermercado-irani-barcelona-600x600.jpg 600w, https:\/\/nikomand.com\/wp-content\/uploads\/2026\/04\/supermercado-irani-barcelona-200x200.jpg 200w, https:\/\/nikomand.com\/wp-content\/uploads\/2026\/04\/supermercado-irani-barcelona-100x100.jpg 100w, https:\/\/nikomand.com\/wp-content\/uploads\/2026\/04\/supermercado-irani-barcelona.jpg 1280w\" sizes=\"(max-width: 573px) 100vw, 573px\" \/><\/p>\n","protected":false},"excerpt":{"rendered":"<p>Sabores equilibrados y suaves: A diferencia de la gastronom\u00eda de otros pa\u00edses, la cocina iran\u00ed no suele ser picante y crea una combinaci\u00f3n de sabores \u00e1cidos, dulces o suaves (como el fesenjan) mediante el uso de condimentos naturales como el zumo de lim\u00f3n, el abghureh, la pasta de granada y el azafr\u00e1n. Arroz; El plato [&hellip;]<\/p>\n","protected":false},"author":1,"featured_media":0,"parent":0,"menu_order":0,"comment_status":"closed","ping_status":"closed","template":"","meta":{"footnotes":""},"class_list":["post-2148","page","type-page","status-publish","hentry","entry","owp-thumbs-layout-horizontal","owp-btn-normal","owp-tabs-layout-horizontal","has-no-thumbnails","has-product-nav"],"yoast_head":"<!-- This site is optimized with the Yoast SEO plugin v27.4 - https:\/\/yoast.com\/product\/yoast-seo-wordpress\/ -->\n<title>Comida irani persa barcelona - Nikomand Iranian Shop, tienda iran\u00ed, supermercado y alimentos persa en Barcelona<\/title>\n<meta name=\"description\" content=\"Comida irani persa barcelona\" \/>\n<meta name=\"robots\" content=\"index, follow, max-snippet:-1, max-image-preview:large, max-video-preview:-1\" \/>\n<link rel=\"canonical\" href=\"https:\/\/nikomand.com\/?page_id=2148\" \/>\n<meta property=\"og:locale\" content=\"en_US\" \/>\n<meta property=\"og:type\" content=\"article\" \/>\n<meta property=\"og:title\" content=\"Comida irani persa barcelona - Nikomand Iranian Shop, tienda iran\u00ed, supermercado y alimentos persa en Barcelona\" \/>\n<meta property=\"og:description\" content=\"Comida irani persa barcelona\" \/>\n<meta property=\"og:url\" content=\"https:\/\/nikomand.com\/?page_id=2148\" \/>\n<meta property=\"og:site_name\" content=\"Nikomand Iranian Shop, tienda iran\u00ed, supermercado y alimentos persa en Barcelona\" \/>\n<meta property=\"article:modified_time\" content=\"2026-04-22T13:22:26+00:00\" \/>\n<meta property=\"og:image\" content=\"https:\/\/nikomand.com\/wp-content\/uploads\/2026\/04\/productos-persa-en-barcelona.jpg\" \/>\n\t<meta property=\"og:image:width\" content=\"853\" \/>\n\t<meta property=\"og:image:height\" content=\"1280\" \/>\n\t<meta property=\"og:image:type\" content=\"image\/jpeg\" \/>\n<meta name=\"twitter:card\" content=\"summary_large_image\" \/>\n<meta name=\"twitter:label1\" content=\"Est. reading time\" \/>\n\t<meta name=\"twitter:data1\" content=\"3 minutes\" \/>\n<script type=\"application\/ld+json\" class=\"yoast-schema-graph\">{\"@context\":\"https:\\\/\\\/schema.org\",\"@graph\":[{\"@type\":\"WebPage\",\"@id\":\"https:\\\/\\\/nikomand.com\\\/?page_id=2148\",\"url\":\"https:\\\/\\\/nikomand.com\\\/?page_id=2148\",\"name\":\"Comida irani persa barcelona - Nikomand Iranian Shop, tienda iran\u00ed, supermercado y alimentos persa en Barcelona\",\"isPartOf\":{\"@id\":\"https:\\\/\\\/nikomand.com\\\/#website\"},\"primaryImageOfPage\":{\"@id\":\"https:\\\/\\\/nikomand.com\\\/?page_id=2148#primaryimage\"},\"image\":{\"@id\":\"https:\\\/\\\/nikomand.com\\\/?page_id=2148#primaryimage\"},\"thumbnailUrl\":\"https:\\\/\\\/nikomand.com\\\/wp-content\\\/uploads\\\/2026\\\/04\\\/productos-persa-en-barcelona-200x300.jpg\",\"datePublished\":\"2026-04-22T12:17:36+00:00\",\"dateModified\":\"2026-04-22T13:22:26+00:00\",\"description\":\"Comida irani persa barcelona\",\"breadcrumb\":{\"@id\":\"https:\\\/\\\/nikomand.com\\\/?page_id=2148#breadcrumb\"},\"inLanguage\":\"en-US\",\"potentialAction\":[{\"@type\":\"ReadAction\",\"target\":[\"https:\\\/\\\/nikomand.com\\\/?page_id=2148\"]}]},{\"@type\":\"ImageObject\",\"inLanguage\":\"en-US\",\"@id\":\"https:\\\/\\\/nikomand.com\\\/?page_id=2148#primaryimage\",\"url\":\"https:\\\/\\\/nikomand.com\\\/wp-content\\\/uploads\\\/2026\\\/04\\\/productos-persa-en-barcelona.jpg\",\"contentUrl\":\"https:\\\/\\\/nikomand.com\\\/wp-content\\\/uploads\\\/2026\\\/04\\\/productos-persa-en-barcelona.jpg\",\"width\":853,\"height\":1280,\"caption\":\"Comida irani persa barcelona\"},{\"@type\":\"BreadcrumbList\",\"@id\":\"https:\\\/\\\/nikomand.com\\\/?page_id=2148#breadcrumb\",\"itemListElement\":[{\"@type\":\"ListItem\",\"position\":1,\"name\":\"Home\",\"item\":\"https:\\\/\\\/nikomand.com\\\/\"},{\"@type\":\"ListItem\",\"position\":2,\"name\":\"Comida irani persa barcelona\"}]},{\"@type\":\"WebSite\",\"@id\":\"https:\\\/\\\/nikomand.com\\\/#website\",\"url\":\"https:\\\/\\\/nikomand.com\\\/\",\"name\":\"Nikomand Iranian Shop, tienda iran\u00ed, supermercado y alimentos persa en Barcelona\",\"description\":\"Iranian Shop in Barcelona, tienda irani, Supermarket persian store, safran, rice, tea tienda de productos persa como arroz, t\u00e9, frutos secos, snacks, azafr\u00e1n, comidas en Barcelona, \u200b\u200bEspa\u00f1a\",\"publisher\":{\"@id\":\"https:\\\/\\\/nikomand.com\\\/#organization\"},\"potentialAction\":[{\"@type\":\"SearchAction\",\"target\":{\"@type\":\"EntryPoint\",\"urlTemplate\":\"https:\\\/\\\/nikomand.com\\\/?s={search_term_string}\"},\"query-input\":{\"@type\":\"PropertyValueSpecification\",\"valueRequired\":true,\"valueName\":\"search_term_string\"}}],\"inLanguage\":\"en-US\"},{\"@type\":\"Organization\",\"@id\":\"https:\\\/\\\/nikomand.com\\\/#organization\",\"name\":\"Nikomand Iranian Shop, tienda iran\u00ed, supermercado y alimentos persa en Barcelona\",\"url\":\"https:\\\/\\\/nikomand.com\\\/\",\"logo\":{\"@type\":\"ImageObject\",\"inLanguage\":\"en-US\",\"@id\":\"https:\\\/\\\/nikomand.com\\\/#\\\/schema\\\/logo\\\/image\\\/\",\"url\":\"https:\\\/\\\/nikomand.com\\\/wp-content\\\/uploads\\\/2025\\\/01\\\/Logo-Etiket-Nikomand.jpg\",\"contentUrl\":\"https:\\\/\\\/nikomand.com\\\/wp-content\\\/uploads\\\/2025\\\/01\\\/Logo-Etiket-Nikomand.jpg\",\"width\":512,\"height\":512,\"caption\":\"Nikomand Iranian Shop, tienda iran\u00ed, supermercado y alimentos persa en Barcelona\"},\"image\":{\"@id\":\"https:\\\/\\\/nikomand.com\\\/#\\\/schema\\\/logo\\\/image\\\/\"}}]}<\/script>\n<!-- \/ Yoast SEO plugin. -->","yoast_head_json":{"title":"Comida irani persa barcelona - Nikomand Iranian Shop, tienda iran\u00ed, supermercado y alimentos persa en Barcelona","description":"Comida irani persa barcelona","robots":{"index":"index","follow":"follow","max-snippet":"max-snippet:-1","max-image-preview":"max-image-preview:large","max-video-preview":"max-video-preview:-1"},"canonical":"https:\/\/nikomand.com\/?page_id=2148","og_locale":"en_US","og_type":"article","og_title":"Comida irani persa barcelona - Nikomand Iranian Shop, tienda iran\u00ed, supermercado y alimentos persa en Barcelona","og_description":"Comida irani persa barcelona","og_url":"https:\/\/nikomand.com\/?page_id=2148","og_site_name":"Nikomand Iranian Shop, tienda iran\u00ed, supermercado y alimentos persa en Barcelona","article_modified_time":"2026-04-22T13:22:26+00:00","og_image":[{"width":853,"height":1280,"url":"https:\/\/nikomand.com\/wp-content\/uploads\/2026\/04\/productos-persa-en-barcelona.jpg","type":"image\/jpeg"}],"twitter_card":"summary_large_image","twitter_misc":{"Est. reading time":"3 minutes"},"schema":{"@context":"https:\/\/schema.org","@graph":[{"@type":"WebPage","@id":"https:\/\/nikomand.com\/?page_id=2148","url":"https:\/\/nikomand.com\/?page_id=2148","name":"Comida irani persa barcelona - Nikomand Iranian Shop, tienda iran\u00ed, supermercado y alimentos persa en Barcelona","isPartOf":{"@id":"https:\/\/nikomand.com\/#website"},"primaryImageOfPage":{"@id":"https:\/\/nikomand.com\/?page_id=2148#primaryimage"},"image":{"@id":"https:\/\/nikomand.com\/?page_id=2148#primaryimage"},"thumbnailUrl":"https:\/\/nikomand.com\/wp-content\/uploads\/2026\/04\/productos-persa-en-barcelona-200x300.jpg","datePublished":"2026-04-22T12:17:36+00:00","dateModified":"2026-04-22T13:22:26+00:00","description":"Comida irani persa barcelona","breadcrumb":{"@id":"https:\/\/nikomand.com\/?page_id=2148#breadcrumb"},"inLanguage":"en-US","potentialAction":[{"@type":"ReadAction","target":["https:\/\/nikomand.com\/?page_id=2148"]}]},{"@type":"ImageObject","inLanguage":"en-US","@id":"https:\/\/nikomand.com\/?page_id=2148#primaryimage","url":"https:\/\/nikomand.com\/wp-content\/uploads\/2026\/04\/productos-persa-en-barcelona.jpg","contentUrl":"https:\/\/nikomand.com\/wp-content\/uploads\/2026\/04\/productos-persa-en-barcelona.jpg","width":853,"height":1280,"caption":"Comida irani persa barcelona"},{"@type":"BreadcrumbList","@id":"https:\/\/nikomand.com\/?page_id=2148#breadcrumb","itemListElement":[{"@type":"ListItem","position":1,"name":"Home","item":"https:\/\/nikomand.com\/"},{"@type":"ListItem","position":2,"name":"Comida irani persa barcelona"}]},{"@type":"WebSite","@id":"https:\/\/nikomand.com\/#website","url":"https:\/\/nikomand.com\/","name":"Nikomand Iranian Shop, tienda iran\u00ed, supermercado y alimentos persa en Barcelona","description":"Iranian Shop in Barcelona, tienda irani, Supermarket persian store, safran, rice, tea tienda de productos persa como arroz, t\u00e9, frutos secos, snacks, azafr\u00e1n, comidas en Barcelona, \u200b\u200bEspa\u00f1a","publisher":{"@id":"https:\/\/nikomand.com\/#organization"},"potentialAction":[{"@type":"SearchAction","target":{"@type":"EntryPoint","urlTemplate":"https:\/\/nikomand.com\/?s={search_term_string}"},"query-input":{"@type":"PropertyValueSpecification","valueRequired":true,"valueName":"search_term_string"}}],"inLanguage":"en-US"},{"@type":"Organization","@id":"https:\/\/nikomand.com\/#organization","name":"Nikomand Iranian Shop, tienda iran\u00ed, supermercado y alimentos persa en Barcelona","url":"https:\/\/nikomand.com\/","logo":{"@type":"ImageObject","inLanguage":"en-US","@id":"https:\/\/nikomand.com\/#\/schema\/logo\/image\/","url":"https:\/\/nikomand.com\/wp-content\/uploads\/2025\/01\/Logo-Etiket-Nikomand.jpg","contentUrl":"https:\/\/nikomand.com\/wp-content\/uploads\/2025\/01\/Logo-Etiket-Nikomand.jpg","width":512,"height":512,"caption":"Nikomand Iranian Shop, tienda iran\u00ed, supermercado y alimentos persa en Barcelona"},"image":{"@id":"https:\/\/nikomand.com\/#\/schema\/logo\/image\/"}}]}},"_links":{"self":[{"href":"https:\/\/nikomand.com\/index.php?rest_route=\/wp\/v2\/pages\/2148","targetHints":{"allow":["GET"]}}],"collection":[{"href":"https:\/\/nikomand.com\/index.php?rest_route=\/wp\/v2\/pages"}],"about":[{"href":"https:\/\/nikomand.com\/index.php?rest_route=\/wp\/v2\/types\/page"}],"author":[{"embeddable":true,"href":"https:\/\/nikomand.com\/index.php?rest_route=\/wp\/v2\/users\/1"}],"replies":[{"embeddable":true,"href":"https:\/\/nikomand.com\/index.php?rest_route=%2Fwp%2Fv2%2Fcomments&post=2148"}],"version-history":[{"count":4,"href":"https:\/\/nikomand.com\/index.php?rest_route=\/wp\/v2\/pages\/2148\/revisions"}],"predecessor-version":[{"id":2163,"href":"https:\/\/nikomand.com\/index.php?rest_route=\/wp\/v2\/pages\/2148\/revisions\/2163"}],"wp:attachment":[{"href":"https:\/\/nikomand.com\/index.php?rest_route=%2Fwp%2Fv2%2Fmedia&parent=2148"}],"curies":[{"name":"wp","href":"https:\/\/api.w.org\/{rel}","templated":true}]}}