{"id":2133,"date":"2026-04-22T12:09:22","date_gmt":"2026-04-22T12:09:22","guid":{"rendered":"https:\/\/nikomand.com\/?page_id=2133"},"modified":"2026-04-22T13:21:32","modified_gmt":"2026-04-22T13:21:32","slug":"supermercado-irani-barcelona","status":"publish","type":"page","link":"https:\/\/nikomand.com\/?page_id=2133","title":{"rendered":"Supermercado Irani Barcelona"},"content":{"rendered":"<p>El supermercado iran\u00ed de Barcelona, \u200b\u200bEspa\u00f1a, es una tienda especializada en comida iran\u00ed, productos culturales y art\u00edculos de consumo (como arroz, frutos secos, l\u00e1cteos, t\u00e9 y snacks iran\u00edes). Estos establecimientos ofrecen a los inmigrantes, especialmente a los que viven fuera de Ir\u00e1n, una sensaci\u00f3n de patria, recuerdos y acceso a aut\u00e9nticos sabores iran\u00edes.<\/p>\n<figure id=\"attachment_2142\" aria-describedby=\"caption-attachment-2142\" style=\"width: 233px\" class=\"wp-caption alignnone\"><img fetchpriority=\"high\" decoding=\"async\" class=\"size-medium wp-image-2142\" src=\"https:\/\/nikomand.com\/wp-content\/uploads\/2026\/04\/Nikomand-iranian-shop-barcelona-tienda-persa-233x300.jpg\" alt=\"Nikomand-iranian-shop-barcelona-tienda-persa\" width=\"233\" height=\"300\" srcset=\"https:\/\/nikomand.com\/wp-content\/uploads\/2026\/04\/Nikomand-iranian-shop-barcelona-tienda-persa-233x300.jpg 233w, https:\/\/nikomand.com\/wp-content\/uploads\/2026\/04\/Nikomand-iranian-shop-barcelona-tienda-persa-794x1024.jpg 794w, https:\/\/nikomand.com\/wp-content\/uploads\/2026\/04\/Nikomand-iranian-shop-barcelona-tienda-persa-768x990.jpg 768w, https:\/\/nikomand.com\/wp-content\/uploads\/2026\/04\/Nikomand-iranian-shop-barcelona-tienda-persa-200x258.jpg 200w, https:\/\/nikomand.com\/wp-content\/uploads\/2026\/04\/Nikomand-iranian-shop-barcelona-tienda-persa.jpg 853w\" sizes=\"(max-width: 233px) 100vw, 233px\" \/><figcaption id=\"caption-attachment-2142\" class=\"wp-caption-text\">Nikomand-iranian-shop-barcelona-tienda-persa<\/figcaption><\/figure>\n<p>Principales caracter\u00edsticas y productos del supermercado iran\u00ed de Barcelona:<\/p>\n<p>Productos iran\u00edes especiales: incluyendo panes tradicionales, l\u00e1cteos (yogur musir, doogh), frutos secos (pistachos, nueces), nueces, dulces, t\u00e9 iran\u00ed, especias especiales y productos c\u00e1rnicos halal.<\/p>\n<p>Un lugar memorable y nost\u00e1lgico: ofrece snacks y marcas de comida famosas y populares en Ir\u00e1n.<\/p>\n<p>Centro cultural: M\u00e1s que una simple tienda, estos establecimientos son un espacio para el intercambio cultural entre los iran\u00edes que viven en Barcelona y en otros pa\u00edses.<\/p>\n<p>Servicios: Generalmente se concentran en barrios con poblaci\u00f3n iran\u00ed y tambi\u00e9n pueden ofrecer pan reci\u00e9n hecho o productos proteicos especiales.<\/p>\n<p>&nbsp;<\/p>\n<figure id=\"attachment_2146\" aria-describedby=\"caption-attachment-2146\" style=\"width: 567px\" class=\"wp-caption aligncenter\"><img decoding=\"async\" class=\" wp-image-2146\" src=\"https:\/\/nikomand.com\/wp-content\/uploads\/2026\/04\/supermercado-irani-online-shop-barcelona-277x300.jpg\" alt=\"supermercado-irani-online-shop-barcelona\" width=\"567\" height=\"614\" srcset=\"https:\/\/nikomand.com\/wp-content\/uploads\/2026\/04\/supermercado-irani-online-shop-barcelona-277x300.jpg 277w, https:\/\/nikomand.com\/wp-content\/uploads\/2026\/04\/supermercado-irani-online-shop-barcelona-768x832.jpg 768w, https:\/\/nikomand.com\/wp-content\/uploads\/2026\/04\/supermercado-irani-online-shop-barcelona-200x217.jpg 200w, https:\/\/nikomand.com\/wp-content\/uploads\/2026\/04\/supermercado-irani-online-shop-barcelona.jpg 945w\" sizes=\"(max-width: 567px) 100vw, 567px\" \/><figcaption id=\"caption-attachment-2146\" class=\"wp-caption-text\">supermercado-irani-online-shop-barcelona<\/figcaption><\/figure>\n<p>&nbsp;<\/p>\n<p><img decoding=\"async\" class=\" wp-image-2140 aligncenter\" src=\"https:\/\/nikomand.com\/wp-content\/uploads\/2026\/04\/supermercado-irani-barcelona-300x300.jpg\" alt=\"\" width=\"572\" height=\"572\" srcset=\"https:\/\/nikomand.com\/wp-content\/uploads\/2026\/04\/supermercado-irani-barcelona-300x300.jpg 300w, https:\/\/nikomand.com\/wp-content\/uploads\/2026\/04\/supermercado-irani-barcelona-1024x1024.jpg 1024w, https:\/\/nikomand.com\/wp-content\/uploads\/2026\/04\/supermercado-irani-barcelona-150x150.jpg 150w, https:\/\/nikomand.com\/wp-content\/uploads\/2026\/04\/supermercado-irani-barcelona-768x768.jpg 768w, https:\/\/nikomand.com\/wp-content\/uploads\/2026\/04\/supermercado-irani-barcelona-600x600.jpg 600w, https:\/\/nikomand.com\/wp-content\/uploads\/2026\/04\/supermercado-irani-barcelona-200x200.jpg 200w, https:\/\/nikomand.com\/wp-content\/uploads\/2026\/04\/supermercado-irani-barcelona-100x100.jpg 100w, https:\/\/nikomand.com\/wp-content\/uploads\/2026\/04\/supermercado-irani-barcelona.jpg 1280w\" sizes=\"(max-width: 572px) 100vw, 572px\" \/><\/p>\n<p><img loading=\"lazy\" decoding=\"async\" class=\" wp-image-2135 aligncenter\" src=\"https:\/\/nikomand.com\/wp-content\/uploads\/2026\/04\/comida-persa-irani-barcelona-300x239.jpg\" alt=\"\" width=\"579\" height=\"462\" srcset=\"https:\/\/nikomand.com\/wp-content\/uploads\/2026\/04\/comida-persa-irani-barcelona-300x239.jpg 300w, https:\/\/nikomand.com\/wp-content\/uploads\/2026\/04\/comida-persa-irani-barcelona-768x611.jpg 768w, https:\/\/nikomand.com\/wp-content\/uploads\/2026\/04\/comida-persa-irani-barcelona-200x159.jpg 200w\" sizes=\"(max-width: 579px) 100vw, 579px\" \/><\/p>\n<p><img loading=\"lazy\" decoding=\"async\" class=\" wp-image-2134 aligncenter\" src=\"https:\/\/nikomand.com\/wp-content\/uploads\/2026\/04\/comida-irani-barcelona-300x225.jpg\" alt=\"\" width=\"577\" height=\"433\" srcset=\"https:\/\/nikomand.com\/wp-content\/uploads\/2026\/04\/comida-irani-barcelona-300x225.jpg 300w, https:\/\/nikomand.com\/wp-content\/uploads\/2026\/04\/comida-irani-barcelona-1024x768.jpg 1024w, https:\/\/nikomand.com\/wp-content\/uploads\/2026\/04\/comida-irani-barcelona-768x576.jpg 768w, https:\/\/nikomand.com\/wp-content\/uploads\/2026\/04\/comida-irani-barcelona-200x150.jpg 200w, https:\/\/nikomand.com\/wp-content\/uploads\/2026\/04\/comida-irani-barcelona.jpg 1280w\" sizes=\"(max-width: 577px) 100vw, 577px\" \/><\/p>\n<p><img loading=\"lazy\" decoding=\"async\" class=\" wp-image-2141 aligncenter\" src=\"https:\/\/nikomand.com\/wp-content\/uploads\/2026\/04\/supermercado-irani-comida-irani-barcelona-300x233.jpg\" alt=\"\" width=\"583\" height=\"453\" srcset=\"https:\/\/nikomand.com\/wp-content\/uploads\/2026\/04\/supermercado-irani-comida-irani-barcelona-300x233.jpg 300w, https:\/\/nikomand.com\/wp-content\/uploads\/2026\/04\/supermercado-irani-comida-irani-barcelona-1024x794.jpg 1024w, https:\/\/nikomand.com\/wp-content\/uploads\/2026\/04\/supermercado-irani-comida-irani-barcelona-768x595.jpg 768w, https:\/\/nikomand.com\/wp-content\/uploads\/2026\/04\/supermercado-irani-comida-irani-barcelona-200x155.jpg 200w, https:\/\/nikomand.com\/wp-content\/uploads\/2026\/04\/supermercado-irani-comida-irani-barcelona.jpg 1280w\" sizes=\"(max-width: 583px) 100vw, 583px\" \/><\/p>\n<figure id=\"attachment_2144\" aria-describedby=\"caption-attachment-2144\" style=\"width: 580px\" class=\"wp-caption aligncenter\"><img loading=\"lazy\" decoding=\"async\" class=\" wp-image-2144\" src=\"https:\/\/nikomand.com\/wp-content\/uploads\/2026\/04\/Iranian-shop-barcelona-300x300.jpg\" alt=\"Comida irani persa barcelona\" width=\"580\" height=\"580\" srcset=\"https:\/\/nikomand.com\/wp-content\/uploads\/2026\/04\/Iranian-shop-barcelona-300x300.jpg 300w, https:\/\/nikomand.com\/wp-content\/uploads\/2026\/04\/Iranian-shop-barcelona-150x150.jpg 150w, https:\/\/nikomand.com\/wp-content\/uploads\/2026\/04\/Iranian-shop-barcelona-200x200.jpg 200w, https:\/\/nikomand.com\/wp-content\/uploads\/2026\/04\/Iranian-shop-barcelona-100x100.jpg 100w, https:\/\/nikomand.com\/wp-content\/uploads\/2026\/04\/Iranian-shop-barcelona.jpg 512w\" sizes=\"(max-width: 580px) 100vw, 580px\" \/><figcaption id=\"caption-attachment-2144\" class=\"wp-caption-text\">Comida irani persa barcelona<\/figcaption><\/figure>\n","protected":false},"excerpt":{"rendered":"<p>El supermercado iran\u00ed de Barcelona, \u200b\u200bEspa\u00f1a, es una tienda especializada en comida iran\u00ed, productos culturales y art\u00edculos de consumo (como arroz, frutos secos, l\u00e1cteos, t\u00e9 y snacks iran\u00edes). Estos establecimientos ofrecen a los inmigrantes, especialmente a los que viven fuera de Ir\u00e1n, una sensaci\u00f3n de patria, recuerdos y acceso a aut\u00e9nticos sabores iran\u00edes. Principales caracter\u00edsticas [&hellip;]<\/p>\n","protected":false},"author":1,"featured_media":0,"parent":0,"menu_order":0,"comment_status":"closed","ping_status":"closed","template":"","meta":{"footnotes":""},"class_list":["post-2133","page","type-page","status-publish","hentry","entry","owp-thumbs-layout-horizontal","owp-btn-normal","owp-tabs-layout-horizontal","has-no-thumbnails","has-product-nav"],"yoast_head":"<!-- This site is optimized with the Yoast SEO plugin v27.4 - https:\/\/yoast.com\/product\/yoast-seo-wordpress\/ -->\n<title>Supermercado Irani Barcelona - Nikomand Iranian Shop, tienda iran\u00ed, supermercado y alimentos persa en Barcelona<\/title>\n<meta name=\"description\" content=\"Supermercado Iran\u00ed Persa en Barcelona Nikomand Trading SL.\" \/>\n<meta name=\"robots\" content=\"index, follow, max-snippet:-1, max-image-preview:large, max-video-preview:-1\" \/>\n<link rel=\"canonical\" href=\"https:\/\/nikomand.com\/?page_id=2133\" \/>\n<meta property=\"og:locale\" content=\"en_US\" \/>\n<meta property=\"og:type\" content=\"article\" \/>\n<meta property=\"og:title\" content=\"Supermercado Irani Barcelona - Nikomand Iranian Shop, tienda iran\u00ed, supermercado y alimentos persa en Barcelona\" \/>\n<meta property=\"og:description\" content=\"Supermercado Iran\u00ed Persa en Barcelona Nikomand Trading SL.\" \/>\n<meta property=\"og:url\" content=\"https:\/\/nikomand.com\/?page_id=2133\" \/>\n<meta property=\"og:site_name\" content=\"Nikomand Iranian Shop, tienda iran\u00ed, supermercado y alimentos persa en Barcelona\" \/>\n<meta property=\"article:modified_time\" content=\"2026-04-22T13:21:32+00:00\" \/>\n<meta property=\"og:image\" content=\"https:\/\/nikomand.com\/wp-content\/uploads\/2026\/04\/Nikomand-iranian-shop-barcelona-tienda-persa.jpg\" \/>\n\t<meta property=\"og:image:width\" content=\"853\" \/>\n\t<meta property=\"og:image:height\" content=\"1100\" \/>\n\t<meta property=\"og:image:type\" content=\"image\/jpeg\" \/>\n<meta name=\"twitter:card\" content=\"summary_large_image\" \/>\n<meta name=\"twitter:label1\" content=\"Est. reading time\" \/>\n\t<meta name=\"twitter:data1\" content=\"3 minutes\" \/>\n<script type=\"application\/ld+json\" class=\"yoast-schema-graph\">{\"@context\":\"https:\\\/\\\/schema.org\",\"@graph\":[{\"@type\":\"WebPage\",\"@id\":\"https:\\\/\\\/nikomand.com\\\/?page_id=2133\",\"url\":\"https:\\\/\\\/nikomand.com\\\/?page_id=2133\",\"name\":\"Supermercado Irani Barcelona - Nikomand Iranian Shop, tienda iran\u00ed, supermercado y alimentos persa en Barcelona\",\"isPartOf\":{\"@id\":\"https:\\\/\\\/nikomand.com\\\/#website\"},\"primaryImageOfPage\":{\"@id\":\"https:\\\/\\\/nikomand.com\\\/?page_id=2133#primaryimage\"},\"image\":{\"@id\":\"https:\\\/\\\/nikomand.com\\\/?page_id=2133#primaryimage\"},\"thumbnailUrl\":\"https:\\\/\\\/nikomand.com\\\/wp-content\\\/uploads\\\/2026\\\/04\\\/Nikomand-iranian-shop-barcelona-tienda-persa-233x300.jpg\",\"datePublished\":\"2026-04-22T12:09:22+00:00\",\"dateModified\":\"2026-04-22T13:21:32+00:00\",\"description\":\"Supermercado Iran\u00ed Persa en Barcelona Nikomand Trading SL.\",\"breadcrumb\":{\"@id\":\"https:\\\/\\\/nikomand.com\\\/?page_id=2133#breadcrumb\"},\"inLanguage\":\"en-US\",\"potentialAction\":[{\"@type\":\"ReadAction\",\"target\":[\"https:\\\/\\\/nikomand.com\\\/?page_id=2133\"]}]},{\"@type\":\"ImageObject\",\"inLanguage\":\"en-US\",\"@id\":\"https:\\\/\\\/nikomand.com\\\/?page_id=2133#primaryimage\",\"url\":\"https:\\\/\\\/nikomand.com\\\/wp-content\\\/uploads\\\/2026\\\/04\\\/Nikomand-iranian-shop-barcelona-tienda-persa.jpg\",\"contentUrl\":\"https:\\\/\\\/nikomand.com\\\/wp-content\\\/uploads\\\/2026\\\/04\\\/Nikomand-iranian-shop-barcelona-tienda-persa.jpg\",\"width\":853,\"height\":1100,\"caption\":\"Nikomand-iranian-shop-barcelona-tienda-persa\"},{\"@type\":\"BreadcrumbList\",\"@id\":\"https:\\\/\\\/nikomand.com\\\/?page_id=2133#breadcrumb\",\"itemListElement\":[{\"@type\":\"ListItem\",\"position\":1,\"name\":\"Home\",\"item\":\"https:\\\/\\\/nikomand.com\\\/\"},{\"@type\":\"ListItem\",\"position\":2,\"name\":\"Supermercado Irani Barcelona\"}]},{\"@type\":\"WebSite\",\"@id\":\"https:\\\/\\\/nikomand.com\\\/#website\",\"url\":\"https:\\\/\\\/nikomand.com\\\/\",\"name\":\"Nikomand Iranian Shop, tienda iran\u00ed, supermercado y alimentos persa en Barcelona\",\"description\":\"Iranian Shop in Barcelona, tienda irani, Supermarket persian store, safran, rice, tea tienda de productos persa como arroz, t\u00e9, frutos secos, snacks, azafr\u00e1n, comidas en Barcelona, \u200b\u200bEspa\u00f1a\",\"publisher\":{\"@id\":\"https:\\\/\\\/nikomand.com\\\/#organization\"},\"potentialAction\":[{\"@type\":\"SearchAction\",\"target\":{\"@type\":\"EntryPoint\",\"urlTemplate\":\"https:\\\/\\\/nikomand.com\\\/?s={search_term_string}\"},\"query-input\":{\"@type\":\"PropertyValueSpecification\",\"valueRequired\":true,\"valueName\":\"search_term_string\"}}],\"inLanguage\":\"en-US\"},{\"@type\":\"Organization\",\"@id\":\"https:\\\/\\\/nikomand.com\\\/#organization\",\"name\":\"Nikomand Iranian Shop, tienda iran\u00ed, supermercado y alimentos persa en Barcelona\",\"url\":\"https:\\\/\\\/nikomand.com\\\/\",\"logo\":{\"@type\":\"ImageObject\",\"inLanguage\":\"en-US\",\"@id\":\"https:\\\/\\\/nikomand.com\\\/#\\\/schema\\\/logo\\\/image\\\/\",\"url\":\"https:\\\/\\\/nikomand.com\\\/wp-content\\\/uploads\\\/2025\\\/01\\\/Logo-Etiket-Nikomand.jpg\",\"contentUrl\":\"https:\\\/\\\/nikomand.com\\\/wp-content\\\/uploads\\\/2025\\\/01\\\/Logo-Etiket-Nikomand.jpg\",\"width\":512,\"height\":512,\"caption\":\"Nikomand Iranian Shop, tienda iran\u00ed, supermercado y alimentos persa en Barcelona\"},\"image\":{\"@id\":\"https:\\\/\\\/nikomand.com\\\/#\\\/schema\\\/logo\\\/image\\\/\"}}]}<\/script>\n<!-- \/ Yoast SEO plugin. -->","yoast_head_json":{"title":"Supermercado Irani Barcelona - Nikomand Iranian Shop, tienda iran\u00ed, supermercado y alimentos persa en Barcelona","description":"Supermercado Iran\u00ed Persa en Barcelona Nikomand Trading SL.","robots":{"index":"index","follow":"follow","max-snippet":"max-snippet:-1","max-image-preview":"max-image-preview:large","max-video-preview":"max-video-preview:-1"},"canonical":"https:\/\/nikomand.com\/?page_id=2133","og_locale":"en_US","og_type":"article","og_title":"Supermercado Irani Barcelona - Nikomand Iranian Shop, tienda iran\u00ed, supermercado y alimentos persa en Barcelona","og_description":"Supermercado Iran\u00ed Persa en Barcelona Nikomand Trading SL.","og_url":"https:\/\/nikomand.com\/?page_id=2133","og_site_name":"Nikomand Iranian Shop, tienda iran\u00ed, supermercado y alimentos persa en Barcelona","article_modified_time":"2026-04-22T13:21:32+00:00","og_image":[{"width":853,"height":1100,"url":"https:\/\/nikomand.com\/wp-content\/uploads\/2026\/04\/Nikomand-iranian-shop-barcelona-tienda-persa.jpg","type":"image\/jpeg"}],"twitter_card":"summary_large_image","twitter_misc":{"Est. reading time":"3 minutes"},"schema":{"@context":"https:\/\/schema.org","@graph":[{"@type":"WebPage","@id":"https:\/\/nikomand.com\/?page_id=2133","url":"https:\/\/nikomand.com\/?page_id=2133","name":"Supermercado Irani Barcelona - Nikomand Iranian Shop, tienda iran\u00ed, supermercado y alimentos persa en Barcelona","isPartOf":{"@id":"https:\/\/nikomand.com\/#website"},"primaryImageOfPage":{"@id":"https:\/\/nikomand.com\/?page_id=2133#primaryimage"},"image":{"@id":"https:\/\/nikomand.com\/?page_id=2133#primaryimage"},"thumbnailUrl":"https:\/\/nikomand.com\/wp-content\/uploads\/2026\/04\/Nikomand-iranian-shop-barcelona-tienda-persa-233x300.jpg","datePublished":"2026-04-22T12:09:22+00:00","dateModified":"2026-04-22T13:21:32+00:00","description":"Supermercado Iran\u00ed Persa en Barcelona Nikomand Trading SL.","breadcrumb":{"@id":"https:\/\/nikomand.com\/?page_id=2133#breadcrumb"},"inLanguage":"en-US","potentialAction":[{"@type":"ReadAction","target":["https:\/\/nikomand.com\/?page_id=2133"]}]},{"@type":"ImageObject","inLanguage":"en-US","@id":"https:\/\/nikomand.com\/?page_id=2133#primaryimage","url":"https:\/\/nikomand.com\/wp-content\/uploads\/2026\/04\/Nikomand-iranian-shop-barcelona-tienda-persa.jpg","contentUrl":"https:\/\/nikomand.com\/wp-content\/uploads\/2026\/04\/Nikomand-iranian-shop-barcelona-tienda-persa.jpg","width":853,"height":1100,"caption":"Nikomand-iranian-shop-barcelona-tienda-persa"},{"@type":"BreadcrumbList","@id":"https:\/\/nikomand.com\/?page_id=2133#breadcrumb","itemListElement":[{"@type":"ListItem","position":1,"name":"Home","item":"https:\/\/nikomand.com\/"},{"@type":"ListItem","position":2,"name":"Supermercado Irani Barcelona"}]},{"@type":"WebSite","@id":"https:\/\/nikomand.com\/#website","url":"https:\/\/nikomand.com\/","name":"Nikomand Iranian Shop, tienda iran\u00ed, supermercado y alimentos persa en Barcelona","description":"Iranian Shop in Barcelona, tienda irani, Supermarket persian store, safran, rice, tea tienda de productos persa como arroz, t\u00e9, frutos secos, snacks, azafr\u00e1n, comidas en Barcelona, \u200b\u200bEspa\u00f1a","publisher":{"@id":"https:\/\/nikomand.com\/#organization"},"potentialAction":[{"@type":"SearchAction","target":{"@type":"EntryPoint","urlTemplate":"https:\/\/nikomand.com\/?s={search_term_string}"},"query-input":{"@type":"PropertyValueSpecification","valueRequired":true,"valueName":"search_term_string"}}],"inLanguage":"en-US"},{"@type":"Organization","@id":"https:\/\/nikomand.com\/#organization","name":"Nikomand Iranian Shop, tienda iran\u00ed, supermercado y alimentos persa en Barcelona","url":"https:\/\/nikomand.com\/","logo":{"@type":"ImageObject","inLanguage":"en-US","@id":"https:\/\/nikomand.com\/#\/schema\/logo\/image\/","url":"https:\/\/nikomand.com\/wp-content\/uploads\/2025\/01\/Logo-Etiket-Nikomand.jpg","contentUrl":"https:\/\/nikomand.com\/wp-content\/uploads\/2025\/01\/Logo-Etiket-Nikomand.jpg","width":512,"height":512,"caption":"Nikomand Iranian Shop, tienda iran\u00ed, supermercado y alimentos persa en Barcelona"},"image":{"@id":"https:\/\/nikomand.com\/#\/schema\/logo\/image\/"}}]}},"_links":{"self":[{"href":"https:\/\/nikomand.com\/index.php?rest_route=\/wp\/v2\/pages\/2133","targetHints":{"allow":["GET"]}}],"collection":[{"href":"https:\/\/nikomand.com\/index.php?rest_route=\/wp\/v2\/pages"}],"about":[{"href":"https:\/\/nikomand.com\/index.php?rest_route=\/wp\/v2\/types\/page"}],"author":[{"embeddable":true,"href":"https:\/\/nikomand.com\/index.php?rest_route=\/wp\/v2\/users\/1"}],"replies":[{"embeddable":true,"href":"https:\/\/nikomand.com\/index.php?rest_route=%2Fwp%2Fv2%2Fcomments&post=2133"}],"version-history":[{"count":4,"href":"https:\/\/nikomand.com\/index.php?rest_route=\/wp\/v2\/pages\/2133\/revisions"}],"predecessor-version":[{"id":2162,"href":"https:\/\/nikomand.com\/index.php?rest_route=\/wp\/v2\/pages\/2133\/revisions\/2162"}],"wp:attachment":[{"href":"https:\/\/nikomand.com\/index.php?rest_route=%2Fwp%2Fv2%2Fmedia&parent=2133"}],"curies":[{"name":"wp","href":"https:\/\/api.w.org\/{rel}","templated":true}]}}